{"id":4202,"date":"2026-02-18T22:04:39","date_gmt":"2026-02-18T21:04:39","guid":{"rendered":"https:\/\/cleangrad.si\/varstvo-osebnih-podatkov\/"},"modified":"2026-02-20T05:27:36","modified_gmt":"2026-02-20T04:27:36","slug":"datenschutz","status":"publish","type":"page","link":"https:\/\/cleangrad.si\/de\/datenschutz\/","title":{"rendered":"Datenschutz"},"content":{"rendered":"<div class=\"wpb-content-wrapper\"><p>[vc_row][vc_column][vc_column_text css=&#8220;&#8220; css_params=&#8220;&#8220;]Cleangrad d.o.o. verpflichtet sich zum Schutz der Vertraulichkeit, Verf\u00fcgbarkeit und Integrit\u00e4t der personenbezogenen Daten von Website-Nutzern. Cleangrad d.o.o. erhebt und verarbeitet die erhobenen personenbezogenen Daten gem\u00e4\u00df dem festgelegten Zweck und Umfang der Verarbeitung und sch\u00fctzt diese angemessen physisch und logisch. Personenbezogene Daten, die von Einzelpersonen auf Grundlage ihrer Einwilligung bereitgestellt werden, werden von Cleangrad d.o.o. so lange verarbeitet, bis die betroffene Person ihre Einwilligung zur Nutzung eindeutig widerruft. Die erhobenen Daten werden nicht an Drittl\u00e4nder oder andere Organisationen \u00fcbermittelt.<\/p>\n<p>Wir verpflichten uns, alle personenbezogenen Daten, die wir von Nutzern auf irgendeinem Wege (\u00fcber die Website, per E-Mail, telefonisch usw.) erhalten, gem\u00e4\u00df dem Datenschutzgesetz, dem Verbraucherschutzgesetz, dem Gesetz \u00fcber elektronische Kommunikation (ZEKom-1) und der Datenschutz-Grundverordnung (DSGVO) dauerhaft zu sch\u00fctzen.<\/p>\n<p>Alle erhobenen Daten werden vertraulich behandelt und ausschlie\u00dflich f\u00fcr den Versand von Informationsmaterialien, Angeboten, Rechnungen im Zusammenhang mit dem Verkauf und Versand von Waren oder der Erbringung von Dienstleistungen sowie f\u00fcr sonstige gesch\u00e4ftliche Kommunikationszwecke verwendet.<\/p>\n<p>Cleangrad d.o.o. gestattet und genehmigt den Zugriff auf Daten ausschlie\u00dflich autorisierten Mitarbeitern.<\/p>\n<p>Cleangrad d.o.o. verwendet die erhobenen personenbezogenen Daten nicht f\u00fcr automatisierte Entscheidungsfindung oder Profilerstellung.<\/p>\n<p>Bei Fragen zur Nutzung und Verarbeitung Ihrer personenbezogenen Daten k\u00f6nnen Sie uns unter info@cleangrad.si kontaktieren.<\/p>\n<p>Verst\u00f6\u00dfe gegen die Bestimmungen zum Umgang mit personenbezogenen Daten in der Republik Slowenien werden vom Datenschutzbeauftragten der Republik Slowenien verfolgt:<\/p>\n<p>Republik Slowenien<br \/>\nDatenschutzbeauftragter (f\u00fcr den Schutz personenbezogener Daten)[\/vc_column_text][\/vc_column][\/vc_row]<\/p>\n<\/div>","protected":false},"excerpt":{"rendered":"<p>[vc_row][vc_column][vc_column_text css=&#8220;&#8220; css_params=&#8220;&#8220;]Cleangrad d.o.o. verpflichtet sich zum Schutz der Vertraulichkeit, Verf\u00fcgbarkeit und Integrit\u00e4t der personenbezogenen Daten von Website-Nutzern. Cleangrad d.o.o. erhebt und verarbeitet die erhobenen personenbezogenen Daten gem\u00e4\u00df dem festgelegten Zweck und Umfang der Verarbeitung und sch\u00fctzt diese angemessen physisch und logisch. Personenbezogene Daten, die von Einzelpersonen auf Grundlage ihrer Einwilligung bereitgestellt werden, werden von [&hellip;]<\/p>\n","protected":false},"author":1,"featured_media":0,"parent":0,"menu_order":0,"comment_status":"closed","ping_status":"closed","template":"","meta":{"footnotes":""},"class_list":["post-4202","page","type-page","status-publish","hentry"],"aioseo_notices":[],"_links":{"self":[{"href":"https:\/\/cleangrad.si\/de\/wp-json\/wp\/v2\/pages\/4202","targetHints":{"allow":["GET"]}}],"collection":[{"href":"https:\/\/cleangrad.si\/de\/wp-json\/wp\/v2\/pages"}],"about":[{"href":"https:\/\/cleangrad.si\/de\/wp-json\/wp\/v2\/types\/page"}],"author":[{"embeddable":true,"href":"https:\/\/cleangrad.si\/de\/wp-json\/wp\/v2\/users\/1"}],"replies":[{"embeddable":true,"href":"https:\/\/cleangrad.si\/de\/wp-json\/wp\/v2\/comments?post=4202"}],"version-history":[{"count":1,"href":"https:\/\/cleangrad.si\/de\/wp-json\/wp\/v2\/pages\/4202\/revisions"}],"predecessor-version":[{"id":4205,"href":"https:\/\/cleangrad.si\/de\/wp-json\/wp\/v2\/pages\/4202\/revisions\/4205"}],"wp:attachment":[{"href":"https:\/\/cleangrad.si\/de\/wp-json\/wp\/v2\/media?parent=4202"}],"curies":[{"name":"wp","href":"https:\/\/api.w.org\/{rel}","templated":true}]}}