{"id":4184,"date":"2026-02-17T19:47:04","date_gmt":"2026-02-17T18:47:04","guid":{"rendered":"https:\/\/cleangrad.si\/video-surveillance\/"},"modified":"2026-02-18T22:08:06","modified_gmt":"2026-02-18T21:08:06","slug":"videoueberwachungscontroller","status":"publish","type":"page","link":"https:\/\/cleangrad.si\/de\/videoueberwachungscontroller\/","title":{"rendered":"Video\u00fcberwachungscontroller"},"content":{"rendered":"<div class=\"wpb-content-wrapper\"><p>[vc_row][vc_column][vc_column_text css=&#8220;&#8220; css_params=&#8220;&#8220;]Video\u00fcberwachungscontroller:<\/p>\n<p>Cleangrad d.o.o.<br \/>\nUlica Rada Pu\u0161enjaka 1, 9240 Ljutomer<br \/>\nRegistrierungsnummer: 1552465000, Umsatzsteuer-Identifikationsnummer: SI 45527296<br \/>\nKontakttelefon: +386 (0) 41 680 814, E-Mail info@cleangrad.si<\/p>\n<p>Der Verantwortliche f\u00fchrt an folgenden Standorten eine Video\u00fcberwachung der R\u00e4umlichkeiten durch:<\/p>\n<p>L1, Pre\u0161ernova ulica 29, 9240 Ljutomer (Produktion),<br \/>\nL2, Ulica Rada Pu\u0161enjaka 1, 9240 Ljutomer (Produktion),<br \/>\nSitz, Ulica Rada Pu\u0161enjaka 1, 9240 Ljutomer (Verwaltungsgeb\u00e4ude)<\/p>\n<p>Verantwortlicher f\u00fcr die Information Externer \u00fcber die Verarbeitung personenbezogener Daten durch das Video\u00fcberwachungssystem: Ivan Breznik, Dipl.-Ing. ekon.<\/p>\n<p>Zweck der Video\u00fcberwachung: Die Video\u00fcberwachung dient der Gew\u00e4hrleistung der Sicherheit von Personen und Eigentum auf dem Gel\u00e4nde der Cleangrad d.o.o. gem\u00e4\u00df Artikel 77(1) und 78(1) ZVOP-2 und Artikel 6(1c) der Datenschutz-Grundverordnung (DSGVO).<\/p>\n<p>Empf\u00e4nger der Videoaufzeichnungen: Befugte Personen der Cleangrad d.o.o. gem\u00e4\u00df den Beschl\u00fcssen zur Einf\u00fchrung der Video\u00fcberwachung.<\/p>\n<p>Informationen zur \u00dcbermittlung von Aufzeichnungen in Drittl\u00e4nder: Videoaufzeichnungen werden nicht in Drittl\u00e4nder \u00fcbermittelt.<\/p>\n<p>Speicherdauer der Videoaufzeichnungen: Bis zu einem Jahr ab Aufzeichnungsdatum.<\/p>\n<p>Rechte der betroffenen Personen in Bezug auf Videoaufzeichnungen: Personen, die sich in einer Videoaufzeichnung identifizieren oder von einer Video\u00fcberwachungskamera erfasst wurden, haben folgende Rechte:<\/p>\n<p>Auskunftsrecht auf die personenbezogenen Daten bzw. das Recht, die Videoaufzeichnungen einzusehen, die die abgebildete Person betreffen.<br \/>\nRecht auf Berichtigung (Unkenntlichmachung \u2013 Anonymisierung), L\u00f6schung oder Einschr\u00e4nkung der Verarbeitung von Video\u00fcberwachungsaufnahmen;<br \/>\nRecht auf Widerspruch gegen die Verarbeitung von Video\u00fcberwachungsaufnahmen;<br \/>\nRecht auf Daten\u00fcbertragbarkeit (Kopie der Aufzeichnung).<\/p>\n<p>Informationen zum Beschwerderecht: Sie k\u00f6nnen eine Beschwerde bez\u00fcglich einer Video\u00fcberwachungsaufzeichnung an die Adresse des Verantwortlichen richten: Cleangrad d.o.o. \u2013 Beauftragter f\u00fcr Video\u00fcberwachung, Ulica Rada Pu\u0161enjaka 1, 9240 Ljutomer oder per E-Mail an: info@cleangrad.si<\/p>\n<p>Erforderlichkeit der Angabe personenbezogener Daten oder der Einwilligung zur Video\u00fcberwachung oder -aufzeichnung: Eine pers\u00f6nliche Einwilligung ist aufgrund der bestehenden Rechtsgrundlage f\u00fcr die Video\u00fcberwachung nicht erforderlich; Sie haben das Recht, den Zutritt zu dem Bereich, den R\u00e4umlichkeiten oder der Einrichtung, in der die Video\u00fcberwachung stattfindet, zu verweigern;<\/p>\n<p>Vorhandensein automatisierter Entscheidungsfindung einschlie\u00dflich Profiling: keine<\/p>\n<p>Informationen \u00fcber die konkreten Auswirkungen der Verarbeitung, insbesondere der Weiterverarbeitung: keine<\/p>\n<p>Kontaktdaten des Beauftragten: Ivan Breznik, Dipl.-Ing. ekon., +386 (0) 41 680 814, E-Mail: ivan.breznik@cleangrad.si<\/p>\n<p>Besondere Weiterverarbeitung:<\/p>\n<p>Die Videoaufzeichnungen werden nicht weiterverarbeitet.<\/p>\n<p>W\u00e4hrend der Video\u00fcberwachung erfolgt kein Audio-Eingriff.<br \/>\nDie Video\u00fcberwachung wird von einer speziell autorisierten Person am Computerbildschirm durchgef\u00fchrt (Live-\u00dcberwachung).<br \/>\nDie Videoaufzeichnungen werden maximal ein Jahr ab dem Aufzeichnungsdatum aufbewahrt.[\/vc_column_text][\/vc_column][\/vc_row]<\/p>\n<\/div>","protected":false},"excerpt":{"rendered":"<p>[vc_row][vc_column][vc_column_text css=&#8220;&#8220; css_params=&#8220;&#8220;]Video\u00fcberwachungscontroller: Cleangrad d.o.o. Ulica Rada Pu\u0161enjaka 1, 9240 Ljutomer Registrierungsnummer: 1552465000, Umsatzsteuer-Identifikationsnummer: SI 45527296 Kontakttelefon: +386 (0) 41 680 814, E-Mail info@cleangrad.si Der Verantwortliche f\u00fchrt an folgenden Standorten eine Video\u00fcberwachung der R\u00e4umlichkeiten durch: L1, Pre\u0161ernova ulica 29, 9240 Ljutomer (Produktion), L2, Ulica Rada Pu\u0161enjaka 1, 9240 Ljutomer (Produktion), Sitz, Ulica Rada Pu\u0161enjaka 1, [&hellip;]<\/p>\n","protected":false},"author":1,"featured_media":0,"parent":0,"menu_order":0,"comment_status":"closed","ping_status":"closed","template":"","meta":{"footnotes":""},"class_list":["post-4184","page","type-page","status-publish","hentry"],"aioseo_notices":[],"_links":{"self":[{"href":"https:\/\/cleangrad.si\/de\/wp-json\/wp\/v2\/pages\/4184","targetHints":{"allow":["GET"]}}],"collection":[{"href":"https:\/\/cleangrad.si\/de\/wp-json\/wp\/v2\/pages"}],"about":[{"href":"https:\/\/cleangrad.si\/de\/wp-json\/wp\/v2\/types\/page"}],"author":[{"embeddable":true,"href":"https:\/\/cleangrad.si\/de\/wp-json\/wp\/v2\/users\/1"}],"replies":[{"embeddable":true,"href":"https:\/\/cleangrad.si\/de\/wp-json\/wp\/v2\/comments?post=4184"}],"version-history":[{"count":1,"href":"https:\/\/cleangrad.si\/de\/wp-json\/wp\/v2\/pages\/4184\/revisions"}],"predecessor-version":[{"id":4189,"href":"https:\/\/cleangrad.si\/de\/wp-json\/wp\/v2\/pages\/4184\/revisions\/4189"}],"wp:attachment":[{"href":"https:\/\/cleangrad.si\/de\/wp-json\/wp\/v2\/media?parent=4184"}],"curies":[{"name":"wp","href":"https:\/\/api.w.org\/{rel}","templated":true}]}}