{"id":4053,"date":"2026-02-01T20:08:03","date_gmt":"2026-02-01T19:08:03","guid":{"rendered":"https:\/\/cleangrad.si\/zmoznosti\/varnost-in-zdravje-pri-delu\/"},"modified":"2026-02-18T19:29:13","modified_gmt":"2026-02-18T18:29:13","slug":"arbeits-und-gesundheitsschutz","status":"publish","type":"page","link":"https:\/\/cleangrad.si\/de\/kompetenzen\/arbeits-und-gesundheitsschutz\/","title":{"rendered":"Arbeits- und Gesundheitsschutz"},"content":{"rendered":"<div class=\"wpb-content-wrapper\"><p>[vc_row no_padding=&#8220;yes&#8220; css=&#8220;.vc_custom_1769021629891{background-color: #f7f7f7 !important;}&#8220; el_id=&#8220;Sicherheit&#8220; conditional_render=&#8220;%5B%7B%22value_role%22%3A%22administrator%22%7D%5D&#8220; css_params=&#8220;&#8220;][vc_column parallax=&#8220;content-moving&#8220; parallax_speed_bg=&#8220;2&#8243; width=&#8220;1\/2&#8243; conditional_render=&#8220;%5B%7B%22value_role%22%3A%22administrator%22%7D%5D&#8220; css_params=&#8220;&#8220;][vc_single_image image=&#8220;4014&#8243; img_size=&#8220;full&#8220; css=&#8220;&#8220; css_params=&#8220;&#8220;][\/vc_column][vc_column width=&#8220;1\/2&#8243; is_half=&#8220;yes&#8220; half_css=&#8220;ps-md-5&#8243; conditional_render=&#8220;%5B%7B%22value_role%22%3A%22administrator%22%7D%5D&#8220; css_params=&#8220;&#8220;]<div class=\"porto-u-heading mb-1  wpb_custom_95aa9a11c17ad45cfabaf210d84ee7cc porto-u-ad87e2eaf3f9c495180fe0156ddf3eb0 \" data-appear-animation=\"maskUp\"><div class=\"porto-u-main-heading\"><h4   style=\"font-weight:700;\">Arbeits- und Gesundheitsschutz<\/h4><\/div><style>.porto-u-ad87e2eaf3f9c495180fe0156ddf3eb0.porto-u-heading{text-align:left}<\/style><\/div>[vc_column_text css_animation=&#8220;fadeInUp&#8220; css=&#8220;&#8220; el_class=&#8220;lead font-size-lg mb-2&#8243; css_params=&#8220;&#8220;]<span style=\"color: #000000;\">Sicherheit und Wohlbefinden der Mitarbeiter an erster Stelle<\/span>[\/vc_column_text][vc_column_text css_animation=&#8220;fadeInUp&#8220; css=&#8220;&#8220; el_class=&#8220;font-size-sm&#8220; css_params=&#8220;&#8220;]<span style=\"color: #000000;\">Die Anforderungen unserer Kunden im Bereich HSE sind au\u00dferordentlich hoch, daher widmen wir diesem Bereich besondere Aufmerksamkeit und kontinuierliche Verbesserungen. Alle Mitarbeiter, die an den Projekten beteiligt sind \u2014 von Projektleitern, Monteuren bis hin zu Site-Managern \u2014 sind nach dem SCC-Standard ausgebildet und zertifiziert, der das Risikomanagement abdeckt und das h\u00f6chste Sicherheitsniveau bei der Arbeit gew\u00e4hrleistet. Unser Engagement f\u00fcr HSE spiegelt sich in den herausragenden Ergebnissen bei der Bewertung zur Erlangung des HSE Highwire Certificate wider, bei der wir die h\u00f6chsten Bewertungen erzielen. Zudem haben wir von unseren Kunden Lob und Auszeichnungen f\u00fcr die konsequente Erf\u00fcllung und \u00dcbertreffen hoher Standards im Bereich<\/span><br \/>\n<span style=\"color: #000000;\">Sicherheit, Gesundheit und Umweltschutz erhalten.<\/span><\/p>\n<\/p>\n<p><span style=\"color: #000000;\">Wir glauben, dass eine sichere und umweltfreundliche Arbeitsumgebung der Schl\u00fcssel zur Zufriedenheit der Mitarbeiter, zur Qualit\u00e4t der Ausf\u00fchrung und zum Vertrauen unserer Partner ist. Deshalb bem\u00fchen wir uns, einen Raum zu schaffen, in dem Sicherheit immer an erster Stelle steht.<\/span>[\/vc_column_text][\/vc_column][\/vc_row]<\/p>\n<\/div>","protected":false},"excerpt":{"rendered":"<p>[vc_row no_padding=&#8220;yes&#8220; css=&#8220;.vc_custom_1769021629891{background-color: #f7f7f7 !important;}&#8220; el_id=&#8220;Sicherheit&#8220; conditional_render=&#8220;%5B%7B%22value_role%22%3A%22administrator%22%7D%5D&#8220; css_params=&#8220;&#8220;][vc_column parallax=&#8220;content-moving&#8220; parallax_speed_bg=&#8220;2&#8243; width=&#8220;1\/2&#8243; conditional_render=&#8220;%5B%7B%22value_role%22%3A%22administrator%22%7D%5D&#8220; css_params=&#8220;&#8220;][vc_single_image image=&#8220;4014&#8243; img_size=&#8220;full&#8220; css=&#8220;&#8220; css_params=&#8220;&#8220;][\/vc_column][vc_column width=&#8220;1\/2&#8243; is_half=&#8220;yes&#8220; half_css=&#8220;ps-md-5&#8243; conditional_render=&#8220;%5B%7B%22value_role%22%3A%22administrator%22%7D%5D&#8220; css_params=&#8220;&#8220;][vc_column_text css_animation=&#8220;fadeInUp&#8220; css=&#8220;&#8220; el_class=&#8220;lead font-size-lg mb-2&#8243; css_params=&#8220;&#8220;]Sicherheit und Wohlbefinden der Mitarbeiter an erster Stelle[\/vc_column_text][vc_column_text css_animation=&#8220;fadeInUp&#8220; css=&#8220;&#8220; el_class=&#8220;font-size-sm&#8220; css_params=&#8220;&#8220;]Die Anforderungen unserer Kunden im Bereich HSE sind au\u00dferordentlich hoch, daher widmen wir diesem Bereich besondere Aufmerksamkeit [&hellip;]<\/p>\n","protected":false},"author":1,"featured_media":0,"parent":3988,"menu_order":0,"comment_status":"closed","ping_status":"closed","template":"","meta":{"footnotes":""},"class_list":["post-4053","page","type-page","status-publish","hentry"],"aioseo_notices":[],"_links":{"self":[{"href":"https:\/\/cleangrad.si\/de\/wp-json\/wp\/v2\/pages\/4053","targetHints":{"allow":["GET"]}}],"collection":[{"href":"https:\/\/cleangrad.si\/de\/wp-json\/wp\/v2\/pages"}],"about":[{"href":"https:\/\/cleangrad.si\/de\/wp-json\/wp\/v2\/types\/page"}],"author":[{"embeddable":true,"href":"https:\/\/cleangrad.si\/de\/wp-json\/wp\/v2\/users\/1"}],"replies":[{"embeddable":true,"href":"https:\/\/cleangrad.si\/de\/wp-json\/wp\/v2\/comments?post=4053"}],"version-history":[{"count":5,"href":"https:\/\/cleangrad.si\/de\/wp-json\/wp\/v2\/pages\/4053\/revisions"}],"predecessor-version":[{"id":4058,"href":"https:\/\/cleangrad.si\/de\/wp-json\/wp\/v2\/pages\/4053\/revisions\/4058"}],"up":[{"embeddable":true,"href":"https:\/\/cleangrad.si\/de\/wp-json\/wp\/v2\/pages\/3988"}],"wp:attachment":[{"href":"https:\/\/cleangrad.si\/de\/wp-json\/wp\/v2\/media?parent=4053"}],"curies":[{"name":"wp","href":"https:\/\/api.w.org\/{rel}","templated":true}]}}