{"id":4040,"date":"2026-02-01T20:05:12","date_gmt":"2026-02-01T19:05:12","guid":{"rendered":"https:\/\/cleangrad.si\/zmoznosti\/kakovost\/"},"modified":"2026-02-19T14:50:56","modified_gmt":"2026-02-19T13:50:56","slug":"qualitat","status":"publish","type":"page","link":"https:\/\/cleangrad.si\/de\/kompetenzen\/qualitat\/","title":{"rendered":"Qualit\u00e4t"},"content":{"rendered":"<div class=\"wpb-content-wrapper\"><p>[vc_row no_padding=&#8220;yes&#8220; css=&#8220;.vc_custom_1769021587759{background-color: #f7f7f7 !important;}&#8220; el_id=&#8220;Qualit\u00e4t&#8220; conditional_render=&#8220;%5B%7B%22value_role%22%3A%22administrator%22%7D%5D&#8220; css_params=&#8220;&#8220;][vc_column parallax=&#8220;content-moving&#8220; parallax_speed_bg=&#8220;2&#8243; width=&#8220;1\/2&#8243; el_class=&#8220;order-md-2&#8243; conditional_render=&#8220;%5B%7B%22value_role%22%3A%22administrator%22%7D%5D&#8220; css_params=&#8220;&#8220;][vc_single_image image=&#8220;4137&#8243; img_size=&#8220;full&#8220; css=&#8220;&#8220; css_params=&#8220;&#8220;][\/vc_column][vc_column width=&#8220;1\/2&#8243; is_half=&#8220;yes&#8220; is_half_right=&#8220;yes&#8220; half_css=&#8220;pe-md-4&#8243; conditional_render=&#8220;%5B%7B%22value_role%22%3A%22administrator%22%7D%5D&#8220; css_params=&#8220;&#8220;]<div class=\"porto-u-heading mb-1  wpb_custom_95aa9a11c17ad45cfabaf210d84ee7cc porto-u-ad87e2eaf3f9c495180fe0156ddf3eb0 \" data-appear-animation=\"maskUp\"><div class=\"porto-u-main-heading\"><h4   style=\"font-weight:700;\">Qualit\u00e4t<\/h4><\/div><style>.porto-u-ad87e2eaf3f9c495180fe0156ddf3eb0.porto-u-heading{text-align:left}<\/style><\/div>[vc_column_text css_animation=&#8220;fadeInUp&#8220; css=&#8220;&#8220; el_class=&#8220;lead font-size-lg mb-2&#8243; css_params=&#8220;&#8220;]<span style=\"color: #000000;\">Engagement f\u00fcr h\u00f6chste Qualit\u00e4t und Pr\u00e4zision<\/span>[\/vc_column_text][vc_column_text css_animation=&#8220;fadeInUp&#8220; css=&#8220;&#8220; el_class=&#8220;font-size-sm&#8220; css_params=&#8220;&#8220;]<span style=\"color: #000000;\">Qualit\u00e4t ist neben der Zufriedenheit der Kunden und Mitarbeiter sowie der Innovation einer der Schl\u00fcsselwerte des Unternehmens Cleangrad. Sie stammt aus unserer Mission: \u201eDurch die Auswahl der besten Materialien, pr\u00e4zise Herstellung sowie qualitativ hochwertige Installation und Finalisierung von Reinr\u00e4umen tragen wir wesentlich zur Gesundheit gegenw\u00e4rtiger und zuk\u00fcnftiger Generationen bei.\u201c Sie ist neben der Zufriedenheit der Kunden und Mitarbeiter sowie der Innovation einer der Schl\u00fcsselwerte des Unternehmens Cleangrad.<\/span><\/p>\n<p><span style=\"color: #000000;\">Bei Cleangrad arbeiten wir gem\u00e4\u00df den Standards:<\/span><\/p>\n<ul>\n<li><span style=\"color: #000000;\">ISO 9001:2015<\/span><\/li>\n<li><span style=\"color: #000000;\">ISO 14001:2015<\/span><\/li>\n<li><span style=\"color: #000000;\">ISO 3834<\/span><\/li>\n<li><span style=\"color: #000000;\">ISO 14644<\/span><\/li>\n<li><span style=\"color: #000000;\">VDI 2083<\/span><\/li>\n<li><span style=\"color: #000000;\">HSE<\/span><\/li>\n<li><span style=\"color: #000000;\">GMP\/FDA<\/span><\/li>\n<li><span style=\"color: #000000;\">SCC**,<\/span><\/li>\n<\/ul>\n<p><span style=\"color: #000000;\">und wir haben auch die CE-Kennzeichnung f\u00fcr alle Produkte und Produktzertifikate erhalten:<\/span><\/p>\n<ul>\n<li><span style=\"color: #000000;\">Bioquell-Zertifikat f\u00fcr die Best\u00e4ndigkeit der Pulverbeschichtung und HPL-Paneele gegen H\u2082O\u2082,<\/span><\/li>\n<li><span style=\"color: #000000;\">Feuerbest\u00e4ndigkeit,<\/span><\/li>\n<li><span style=\"color: #000000;\">Begehbarkeit der Decke,<\/span><\/li>\n<li><span style=\"color: #000000;\">Feuerbest\u00e4ndigkeit der Decke,<\/span><\/li>\n<li><span style=\"color: #000000;\">Schalld\u00e4mmung und viele andere.<\/span><\/li>\n<\/ul>\n<p><span style=\"color: #000000;\">Qualit\u00e4t ist die Grundlage unserer Arbeit. Mit strengen internen Kontrollen, zertifizierten Materialien und zur\u00fcckverfolgbaren Prozessen gew\u00e4hrleisten wir h\u00f6chste Standards in allen Phasen \u2013 von der Planung bis zur Endmontage.<\/span><\/p>\n<p><a href=\"https:\/\/cleangrad.si\/wp-content\/uploads\/2026\/02\/QSEH-Policy-1.2.2026.pdf\" target=\"_blank\" rel=\"noopener\"><strong><span style=\"color: #000000;\">QSEH-POLITIK<\/span><\/strong><\/a>[\/vc_column_text][\/vc_column][\/vc_row]<\/p>\n<\/div>","protected":false},"excerpt":{"rendered":"<p>[vc_row no_padding=&#8220;yes&#8220; css=&#8220;.vc_custom_1769021587759{background-color: #f7f7f7 !important;}&#8220; el_id=&#8220;Qualit\u00e4t&#8220; conditional_render=&#8220;%5B%7B%22value_role%22%3A%22administrator%22%7D%5D&#8220; css_params=&#8220;&#8220;][vc_column parallax=&#8220;content-moving&#8220; parallax_speed_bg=&#8220;2&#8243; width=&#8220;1\/2&#8243; el_class=&#8220;order-md-2&#8243; conditional_render=&#8220;%5B%7B%22value_role%22%3A%22administrator%22%7D%5D&#8220; css_params=&#8220;&#8220;][vc_single_image image=&#8220;4137&#8243; img_size=&#8220;full&#8220; css=&#8220;&#8220; css_params=&#8220;&#8220;][\/vc_column][vc_column width=&#8220;1\/2&#8243; is_half=&#8220;yes&#8220; is_half_right=&#8220;yes&#8220; half_css=&#8220;pe-md-4&#8243; conditional_render=&#8220;%5B%7B%22value_role%22%3A%22administrator%22%7D%5D&#8220; css_params=&#8220;&#8220;][vc_column_text css_animation=&#8220;fadeInUp&#8220; css=&#8220;&#8220; el_class=&#8220;lead font-size-lg mb-2&#8243; css_params=&#8220;&#8220;]Engagement f\u00fcr h\u00f6chste Qualit\u00e4t und Pr\u00e4zision[\/vc_column_text][vc_column_text css_animation=&#8220;fadeInUp&#8220; css=&#8220;&#8220; el_class=&#8220;font-size-sm&#8220; css_params=&#8220;&#8220;]Qualit\u00e4t ist neben der Zufriedenheit der Kunden und Mitarbeiter sowie der Innovation einer der Schl\u00fcsselwerte des Unternehmens [&hellip;]<\/p>\n","protected":false},"author":1,"featured_media":0,"parent":3988,"menu_order":0,"comment_status":"closed","ping_status":"closed","template":"","meta":{"footnotes":""},"class_list":["post-4040","page","type-page","status-publish","hentry"],"aioseo_notices":[],"_links":{"self":[{"href":"https:\/\/cleangrad.si\/de\/wp-json\/wp\/v2\/pages\/4040","targetHints":{"allow":["GET"]}}],"collection":[{"href":"https:\/\/cleangrad.si\/de\/wp-json\/wp\/v2\/pages"}],"about":[{"href":"https:\/\/cleangrad.si\/de\/wp-json\/wp\/v2\/types\/page"}],"author":[{"embeddable":true,"href":"https:\/\/cleangrad.si\/de\/wp-json\/wp\/v2\/users\/1"}],"replies":[{"embeddable":true,"href":"https:\/\/cleangrad.si\/de\/wp-json\/wp\/v2\/comments?post=4040"}],"version-history":[{"count":7,"href":"https:\/\/cleangrad.si\/de\/wp-json\/wp\/v2\/pages\/4040\/revisions"}],"predecessor-version":[{"id":4196,"href":"https:\/\/cleangrad.si\/de\/wp-json\/wp\/v2\/pages\/4040\/revisions\/4196"}],"up":[{"embeddable":true,"href":"https:\/\/cleangrad.si\/de\/wp-json\/wp\/v2\/pages\/3988"}],"wp:attachment":[{"href":"https:\/\/cleangrad.si\/de\/wp-json\/wp\/v2\/media?parent=4040"}],"curies":[{"name":"wp","href":"https:\/\/api.w.org\/{rel}","templated":true}]}}