{"id":4027,"date":"2026-02-01T20:05:21","date_gmt":"2026-02-01T19:05:21","guid":{"rendered":"https:\/\/cleangrad.si\/zmoznosti\/razvoj-in-inovativnost\/"},"modified":"2026-02-18T19:29:51","modified_gmt":"2026-02-18T18:29:51","slug":"entwicklung-und-innovation","status":"publish","type":"page","link":"https:\/\/cleangrad.si\/de\/kompetenzen\/entwicklung-und-innovation\/","title":{"rendered":"Entwicklung und Innovation"},"content":{"rendered":"<div class=\"wpb-content-wrapper\"><p>[vc_row no_padding=&#8220;yes&#8220; css=&#8220;.vc_custom_1769972648803{background-color: #f7f7f7 !important;}&#8220; el_id=&#8220;Entwicklung&#8220; conditional_render=&#8220;%5B%7B%22value_role%22%3A%22administrator%22%7D%5D&#8220; css_params=&#8220;&#8220;][vc_column parallax=&#8220;content-moving&#8220; parallax_speed_bg=&#8220;2&#8243; width=&#8220;1\/2&#8243; conditional_render=&#8220;%5B%7B%22value_role%22%3A%22administrator%22%7D%5D&#8220; css_params=&#8220;&#8220;][vc_single_image image=&#8220;4013&#8243; img_size=&#8220;full&#8220; css=&#8220;&#8220; css_params=&#8220;&#8220;][\/vc_column][vc_column width=&#8220;1\/2&#8243; is_half=&#8220;yes&#8220; half_css=&#8220;ps-md-5&#8243; conditional_render=&#8220;%5B%7B%22value_role%22%3A%22administrator%22%7D%5D&#8220; css_params=&#8220;&#8220;]<div class=\"porto-u-heading mb-1  wpb_custom_95aa9a11c17ad45cfabaf210d84ee7cc porto-u-ad87e2eaf3f9c495180fe0156ddf3eb0 \" data-appear-animation=\"maskUp\"><div class=\"porto-u-main-heading\"><h4   style=\"font-weight:700;\">Entwicklung \/ Innovation<\/h4><\/div><style>.porto-u-ad87e2eaf3f9c495180fe0156ddf3eb0.porto-u-heading{text-align:left}<\/style><\/div>[vc_column_text css_animation=&#8220;fadeInUp&#8220; css=&#8220;&#8220; el_class=&#8220;lead font-size-lg mb-2&#8243; css_params=&#8220;&#8220;]<span style=\"color: #000000;\">Innovationen, die die Zukunft der Reinr\u00e4ume gestalten<\/span>[\/vc_column_text][vc_column_text css_animation=&#8220;fadeInUp&#8220; css=&#8220;&#8220; el_class=&#8220;font-size-sm&#8220; css_params=&#8220;&#8220;]<span style=\"color: #000000;\">Cleangrad verf\u00fcgt \u00fcber ein eigenes Entwicklungszentrum, in dem ein Team aus Experten in verschiedenen Bereichen arbeitet. Angesichts der spezifischen Bed\u00fcrfnisse unserer Kunden entwickeln wir st\u00e4ndig neue Produkte, modifizieren bestehende Produkte und Verfahren. F\u00fcr unsere Entwicklungsleistungen haben wir bereits zahlreiche Auszeichnungen f\u00fcr Innovationen erhalten.<\/span><\/p>\n<p><span style=\"color: #000000;\">Zu unseren gr\u00f6\u00dferen Entwicklungsprojekten geh\u00f6ren GMP-Feuerglas, T\u00fcren mit aufblasbarer Dichtung, Reinraum-Durchreichen, Schiebet\u00fcren f\u00fcr Reinr\u00e4ume h\u00f6herer Reinheitsklassen, feuerbest\u00e4ndige Decken usw.<\/span><\/p>\n<\/p>\n<p><span style=\"color: #000000;\">Die Entwicklung basiert auf dem Verst\u00e4ndnis der Herausforderungen der Auftraggeber. Unsere Experten entwerfen neue Systeme und Verbesserungen, die messbare Vorteile und langfristige Zuverl\u00e4ssigkeit bieten.<\/span>[\/vc_column_text][\/vc_column][\/vc_row]<\/p>\n<\/div>","protected":false},"excerpt":{"rendered":"<p>[vc_row no_padding=&#8220;yes&#8220; css=&#8220;.vc_custom_1769972648803{background-color: #f7f7f7 !important;}&#8220; el_id=&#8220;Entwicklung&#8220; conditional_render=&#8220;%5B%7B%22value_role%22%3A%22administrator%22%7D%5D&#8220; css_params=&#8220;&#8220;][vc_column parallax=&#8220;content-moving&#8220; parallax_speed_bg=&#8220;2&#8243; width=&#8220;1\/2&#8243; conditional_render=&#8220;%5B%7B%22value_role%22%3A%22administrator%22%7D%5D&#8220; css_params=&#8220;&#8220;][vc_single_image image=&#8220;4013&#8243; img_size=&#8220;full&#8220; css=&#8220;&#8220; css_params=&#8220;&#8220;][\/vc_column][vc_column width=&#8220;1\/2&#8243; is_half=&#8220;yes&#8220; half_css=&#8220;ps-md-5&#8243; conditional_render=&#8220;%5B%7B%22value_role%22%3A%22administrator%22%7D%5D&#8220; css_params=&#8220;&#8220;][vc_column_text css_animation=&#8220;fadeInUp&#8220; css=&#8220;&#8220; el_class=&#8220;lead font-size-lg mb-2&#8243; css_params=&#8220;&#8220;]Innovationen, die die Zukunft der Reinr\u00e4ume gestalten[\/vc_column_text][vc_column_text css_animation=&#8220;fadeInUp&#8220; css=&#8220;&#8220; el_class=&#8220;font-size-sm&#8220; css_params=&#8220;&#8220;]Cleangrad verf\u00fcgt \u00fcber ein eigenes Entwicklungszentrum, in dem ein Team aus Experten in verschiedenen Bereichen arbeitet. Angesichts der [&hellip;]<\/p>\n","protected":false},"author":1,"featured_media":0,"parent":3988,"menu_order":0,"comment_status":"closed","ping_status":"closed","template":"","meta":{"footnotes":""},"class_list":["post-4027","page","type-page","status-publish","hentry"],"aioseo_notices":[],"_links":{"self":[{"href":"https:\/\/cleangrad.si\/de\/wp-json\/wp\/v2\/pages\/4027","targetHints":{"allow":["GET"]}}],"collection":[{"href":"https:\/\/cleangrad.si\/de\/wp-json\/wp\/v2\/pages"}],"about":[{"href":"https:\/\/cleangrad.si\/de\/wp-json\/wp\/v2\/types\/page"}],"author":[{"embeddable":true,"href":"https:\/\/cleangrad.si\/de\/wp-json\/wp\/v2\/users\/1"}],"replies":[{"embeddable":true,"href":"https:\/\/cleangrad.si\/de\/wp-json\/wp\/v2\/comments?post=4027"}],"version-history":[{"count":5,"href":"https:\/\/cleangrad.si\/de\/wp-json\/wp\/v2\/pages\/4027\/revisions"}],"predecessor-version":[{"id":4032,"href":"https:\/\/cleangrad.si\/de\/wp-json\/wp\/v2\/pages\/4027\/revisions\/4032"}],"up":[{"embeddable":true,"href":"https:\/\/cleangrad.si\/de\/wp-json\/wp\/v2\/pages\/3988"}],"wp:attachment":[{"href":"https:\/\/cleangrad.si\/de\/wp-json\/wp\/v2\/media?parent=4027"}],"curies":[{"name":"wp","href":"https:\/\/api.w.org\/{rel}","templated":true}]}}