{"id":4021,"date":"2026-02-01T20:09:25","date_gmt":"2026-02-01T19:09:25","guid":{"rendered":"https:\/\/cleangrad.si\/zmoznosti\/okolje-in-trajnost\/"},"modified":"2026-02-18T19:30:24","modified_gmt":"2026-02-18T18:30:24","slug":"umwelt-und-nachhaltigkeit","status":"publish","type":"page","link":"https:\/\/cleangrad.si\/de\/kompetenzen\/umwelt-und-nachhaltigkeit\/","title":{"rendered":"Umwelt und Nachhaltigkeit"},"content":{"rendered":"<div class=\"wpb-content-wrapper\"><p>[vc_row no_padding=&#8220;yes&#8220; css=&#8220;.vc_custom_1769021618458{background-color: #f7f7f7 !important;}&#8220; el_id=&#8220;Umwelt&#8220; conditional_render=&#8220;%5B%7B%22value_role%22%3A%22administrator%22%7D%5D&#8220; css_params=&#8220;&#8220;][vc_column parallax=&#8220;content-moving&#8220; parallax_speed_bg=&#8220;2&#8243; width=&#8220;1\/2&#8243; el_class=&#8220;order-md-2&#8243; conditional_render=&#8220;%5B%7B%22value_role%22%3A%22administrator%22%7D%5D&#8220; css_params=&#8220;&#8220;][vc_single_image image=&#8220;4008&#8243; img_size=&#8220;full&#8220; css=&#8220;&#8220; css_params=&#8220;&#8220; label=&#8220;&#8220;][\/vc_column][vc_column width=&#8220;1\/2&#8243; is_half=&#8220;yes&#8220; half_css=&#8220;ps-md-5&#8243; conditional_render=&#8220;%5B%7B%22value_role%22%3A%22administrator%22%7D%5D&#8220; css_params=&#8220;&#8220;]<div class=\"porto-u-heading mb-1  wpb_custom_95aa9a11c17ad45cfabaf210d84ee7cc porto-u-ad87e2eaf3f9c495180fe0156ddf3eb0 \" data-appear-animation=\"maskUp\"><div class=\"porto-u-main-heading\"><h4   style=\"font-weight:700;\">Umweltverantwortung und Nachhaltigkeit<\/h4><\/div><style>.porto-u-ad87e2eaf3f9c495180fe0156ddf3eb0.porto-u-heading{text-align:left}<\/style><\/div>[vc_column_text css_animation=&#8220;fadeInUp&#8220; css=&#8220;&#8220; el_class=&#8220;lead font-size-lg mb-2&#8243; css_params=&#8220;&#8220;]<span style=\"color: #000000;\">Nachhaltiger Ansatz und Verantwortung gegen\u00fcber der Umwelt<\/span>[\/vc_column_text][vc_column_text css_animation=&#8220;fadeInUp&#8220; css=&#8220;&#8220; el_class=&#8220;font-size-sm&#8220; css_params=&#8220;&#8220;]<span style=\"color: #000000;\">Bei Cleangrad arbeiten wir gem\u00e4\u00df dem Standard ISO 14001:2015 und beweisen unsere Verantwortung gegen\u00fcber der Umwelt in jedem Schritt. Bereits bei der Auswahl der Lieferanten und Materialien \u00fcberpr\u00fcfen wir die Auswirkungen auf die Umwelt und die Mitarbeiter, was wir durch verschiedene Messungen nachweisen. Wir \u00fcberwachen monatlich die Effizienz der Ressourcennutzung und trennen gem\u00e4\u00df der Richtlinie Abf\u00e4lle, sowohl innerhalb des Produktionsprozesses als auch bei der Montage. Die Lebensdauer unserer Produkte betr\u00e4gt bis zu 20 Jahre, wichtig ist jedoch auch, dass im Durchschnitt 90 % der Produkte und Materialien nach Ablauf ihrer Lebensdauer recycelt werden k\u00f6nnen.<\/span><\/p>\n<p><span style=\"color: #000000;\">Wir koordinieren unsere Bem\u00fchungen mit den globalen Zielen der nachhaltigen Entwicklung. Die Erhaltung der nat\u00fcrlichen Umwelt ist eine langfristige Priorit\u00e4t und Verpflichtung des Unternehmens Cleangrad.<\/span><\/p>\n<p><span style=\"color: #000000;\">F\u00fcr das Jahr 2024 betr\u00e4gt der organisatorische CO\u2082-Fu\u00dfabdruck des Unternehmens Cleangrad 700,978 t CO\u2082-\u00c4quivalent. Im Vergleich zum Vorjahr sind die Treibhausgasemissionen um 12,10 % gesunken.<\/span><\/p>\n<p><span style=\"color: #000000;\">Ziele f\u00fcr die Zukunft:<\/span><\/p>\n<ul>\n<li><span style=\"color: #000000;\">nachhaltige Mobilit\u00e4t der Besch\u00e4ftigten,<\/span><\/li>\n<li><span style=\"color: #000000;\">eigene Solaranlage,<\/span><\/li>\n<li><span style=\"color: #000000;\">Optimierung der Flugrouten, Elektrifizierung des Fuhrparks,<\/span><\/li>\n<li><span style=\"color: #000000;\">gr\u00fcne Lieferkette,<\/span><\/li>\n<li><span style=\"color: #000000;\">Digitalisierung.<\/span><\/li>\n<\/ul>\n<p><a href=\"https:\/\/cleangrad.si\/wp-content\/uploads\/2026\/01\/Sustainability_Report_Cleangrad_2024.pdf\" target=\"_blank\" rel=\"noopener\">Den Nachhaltigkeitsbericht lesen<\/a>[\/vc_column_text][\/vc_column][\/vc_row]<\/p>\n<\/div>","protected":false},"excerpt":{"rendered":"<p>[vc_row no_padding=&#8220;yes&#8220; css=&#8220;.vc_custom_1769021618458{background-color: #f7f7f7 !important;}&#8220; el_id=&#8220;Umwelt&#8220; conditional_render=&#8220;%5B%7B%22value_role%22%3A%22administrator%22%7D%5D&#8220; css_params=&#8220;&#8220;][vc_column parallax=&#8220;content-moving&#8220; parallax_speed_bg=&#8220;2&#8243; width=&#8220;1\/2&#8243; el_class=&#8220;order-md-2&#8243; conditional_render=&#8220;%5B%7B%22value_role%22%3A%22administrator%22%7D%5D&#8220; css_params=&#8220;&#8220;][vc_single_image image=&#8220;4008&#8243; img_size=&#8220;full&#8220; css=&#8220;&#8220; css_params=&#8220;&#8220; label=&#8220;&#8220;][\/vc_column][vc_column width=&#8220;1\/2&#8243; is_half=&#8220;yes&#8220; half_css=&#8220;ps-md-5&#8243; conditional_render=&#8220;%5B%7B%22value_role%22%3A%22administrator%22%7D%5D&#8220; css_params=&#8220;&#8220;][vc_column_text css_animation=&#8220;fadeInUp&#8220; css=&#8220;&#8220; el_class=&#8220;lead font-size-lg mb-2&#8243; css_params=&#8220;&#8220;]Nachhaltiger Ansatz und Verantwortung gegen\u00fcber der Umwelt[\/vc_column_text][vc_column_text css_animation=&#8220;fadeInUp&#8220; css=&#8220;&#8220; el_class=&#8220;font-size-sm&#8220; css_params=&#8220;&#8220;]Bei Cleangrad arbeiten wir gem\u00e4\u00df dem Standard ISO 14001:2015 und beweisen unsere Verantwortung gegen\u00fcber der Umwelt [&hellip;]<\/p>\n","protected":false},"author":1,"featured_media":0,"parent":3988,"menu_order":0,"comment_status":"closed","ping_status":"closed","template":"","meta":{"footnotes":""},"class_list":["post-4021","page","type-page","status-publish","hentry"],"aioseo_notices":[],"_links":{"self":[{"href":"https:\/\/cleangrad.si\/de\/wp-json\/wp\/v2\/pages\/4021","targetHints":{"allow":["GET"]}}],"collection":[{"href":"https:\/\/cleangrad.si\/de\/wp-json\/wp\/v2\/pages"}],"about":[{"href":"https:\/\/cleangrad.si\/de\/wp-json\/wp\/v2\/types\/page"}],"author":[{"embeddable":true,"href":"https:\/\/cleangrad.si\/de\/wp-json\/wp\/v2\/users\/1"}],"replies":[{"embeddable":true,"href":"https:\/\/cleangrad.si\/de\/wp-json\/wp\/v2\/comments?post=4021"}],"version-history":[{"count":5,"href":"https:\/\/cleangrad.si\/de\/wp-json\/wp\/v2\/pages\/4021\/revisions"}],"predecessor-version":[{"id":4026,"href":"https:\/\/cleangrad.si\/de\/wp-json\/wp\/v2\/pages\/4021\/revisions\/4026"}],"up":[{"embeddable":true,"href":"https:\/\/cleangrad.si\/de\/wp-json\/wp\/v2\/pages\/3988"}],"wp:attachment":[{"href":"https:\/\/cleangrad.si\/de\/wp-json\/wp\/v2\/media?parent=4021"}],"curies":[{"name":"wp","href":"https:\/\/api.w.org\/{rel}","templated":true}]}}