{"id":3999,"date":"2025-12-22T14:57:24","date_gmt":"2025-12-22T13:57:24","guid":{"rendered":"https:\/\/cleangrad.si\/zmoznosti\/dizajn-in-inzeniring\/"},"modified":"2026-02-18T19:29:32","modified_gmt":"2026-02-18T18:29:32","slug":"design-und-ingenieurwesen","status":"publish","type":"page","link":"https:\/\/cleangrad.si\/de\/kompetenzen\/design-und-ingenieurwesen\/","title":{"rendered":"Design und Ingenieurwesen"},"content":{"rendered":"<div class=\"wpb-content-wrapper\"><p>[vc_row no_padding=&#8220;yes&#8220; css=&#8220;.vc_custom_1590487880761{background-color: #f7f7f7 !important;}&#8220;][vc_column parallax=&#8220;content-moving&#8220; parallax_speed_bg=&#8220;2&#8243; width=&#8220;1\/2&#8243; conditional_render=&#8220;%5B%7B%22value_role%22%3A%22administrator%22%7D%5D&#8220; css_params=&#8220;&#8220;][vc_single_image image=&#8220;4015&#8243; img_size=&#8220;full&#8220; css=&#8220;.vc_custom_1769969719950{padding-top: 75px !important;}&#8220; css_params=&#8220;&#8220; label=&#8220;&#8220;][\/vc_column][vc_column width=&#8220;1\/2&#8243; is_half=&#8220;yes&#8220; css=&#8220;.vc_custom_1625370782125{padding-top: 90px !important;padding-bottom: 60px !important;}&#8220; half_css=&#8220;ps-md-5&#8243;]<div class=\"porto-u-heading mb-1  wpb_custom_95aa9a11c17ad45cfabaf210d84ee7cc porto-u-ad87e2eaf3f9c495180fe0156ddf3eb0 \" data-appear-animation=\"maskUp\"><div class=\"porto-u-main-heading\"><h4   style=\"font-weight:700;\">Design und Ingenieurwesen<\/h4><\/div><style>.porto-u-ad87e2eaf3f9c495180fe0156ddf3eb0.porto-u-heading{text-align:left}<\/style><\/div>[vc_column_text css_animation=&#8220;fadeInUp&#8220; css=&#8220;&#8220; el_class=&#8220;lead font-size-lg mb-2&#8243; css_params=&#8220;&#8220;]<span style=\"color: #000000;\">Design, Ingenieurwesen und technische Unterst\u00fctzung f\u00fcr fortschrittliche Reinr\u00e4ume<\/span>[\/vc_column_text][vc_column_text css_animation=&#8220;fadeInUp&#8220; css=&#8220;&#8220; el_class=&#8220;font-size-sm&#8220; css_params=&#8220;&#8220;]<span style=\"color: #000000;\">Die besten Projekte entstehen, wenn wir die Gelegenheit bekommen, von Anfang an mit dem Kunden zusammenzuarbeiten. Dann k\u00f6nnen wir bei der Idee und den individuellen Interessen unserer Kunden beginnen. Das Cleangrad-Team aus Designern und Ingenieuren wird speziell f\u00fcr Ihr Projekt den effizientesten Reinraum entwickeln und gestalten, der den GMP- und FDA-Richtlinien entspricht. Die Erfahrung unserer Ingenieure gew\u00e4hrleistet eine zweckm\u00e4\u00dfige Projektplanung, Herstellung und Einbau des Reinraumsystems sowie Projektleitung selbst.<\/span><\/p>\n<p><span style=\"color: #000000;\">Bei der Erstellung des detaillierten Designs verwenden wir die Programme Revit und SolidWorks. Bei gr\u00f6\u00dferen Projekten ist die Zusammenarbeit mehrerer Projektteams aus verschiedenen Bereichen entscheidend; die Integration des Revit-3D-Modells in BIM tr\u00e4gt erheblich zur Verbesserung der Planungsqualit\u00e4t bei, was Einsparungen im Bauprozess (der Bauprozess verl\u00e4uft schneller und reibungsloser, da alle beteiligten Projektteams Zugriff auf dieselben Informationen haben) und schnellere wichtige Entscheidungen erm\u00f6glicht.<\/span><\/p>\n<\/p>\n<p><span style=\"color: #000000;\">Unser Team vereint Fachwissen, technologisch unterst\u00fctztes Design und pr\u00e4zises Ingenieurwesen, um optimale, effiziente und vollst\u00e4ndig angepasste Reinrauml\u00f6sungen zu schaffen. Von der Idee bis zur Umsetzung gew\u00e4hrleisten wir technische Exzellenz und Zuverl\u00e4ssigkeit.<\/span>[\/vc_column_text][\/vc_column][\/vc_row]<\/p>\n<\/div>","protected":false},"excerpt":{"rendered":"<p>[vc_row no_padding=&#8220;yes&#8220; css=&#8220;.vc_custom_1590487880761{background-color: #f7f7f7 !important;}&#8220;][vc_column parallax=&#8220;content-moving&#8220; parallax_speed_bg=&#8220;2&#8243; width=&#8220;1\/2&#8243; conditional_render=&#8220;%5B%7B%22value_role%22%3A%22administrator%22%7D%5D&#8220; css_params=&#8220;&#8220;][vc_single_image image=&#8220;4015&#8243; img_size=&#8220;full&#8220; css=&#8220;.vc_custom_1769969719950{padding-top: 75px !important;}&#8220; css_params=&#8220;&#8220; label=&#8220;&#8220;][\/vc_column][vc_column width=&#8220;1\/2&#8243; is_half=&#8220;yes&#8220; css=&#8220;.vc_custom_1625370782125{padding-top: 90px !important;padding-bottom: 60px !important;}&#8220; half_css=&#8220;ps-md-5&#8243;][vc_column_text css_animation=&#8220;fadeInUp&#8220; css=&#8220;&#8220; el_class=&#8220;lead font-size-lg mb-2&#8243; css_params=&#8220;&#8220;]Design, Ingenieurwesen und technische Unterst\u00fctzung f\u00fcr fortschrittliche Reinr\u00e4ume[\/vc_column_text][vc_column_text css_animation=&#8220;fadeInUp&#8220; css=&#8220;&#8220; el_class=&#8220;font-size-sm&#8220; css_params=&#8220;&#8220;]Die besten Projekte entstehen, wenn wir die Gelegenheit bekommen, von Anfang an mit dem [&hellip;]<\/p>\n","protected":false},"author":1,"featured_media":0,"parent":3988,"menu_order":0,"comment_status":"closed","ping_status":"closed","template":"","meta":{"footnotes":""},"class_list":["post-3999","page","type-page","status-publish","hentry"],"aioseo_notices":[],"_links":{"self":[{"href":"https:\/\/cleangrad.si\/de\/wp-json\/wp\/v2\/pages\/3999","targetHints":{"allow":["GET"]}}],"collection":[{"href":"https:\/\/cleangrad.si\/de\/wp-json\/wp\/v2\/pages"}],"about":[{"href":"https:\/\/cleangrad.si\/de\/wp-json\/wp\/v2\/types\/page"}],"author":[{"embeddable":true,"href":"https:\/\/cleangrad.si\/de\/wp-json\/wp\/v2\/users\/1"}],"replies":[{"embeddable":true,"href":"https:\/\/cleangrad.si\/de\/wp-json\/wp\/v2\/comments?post=3999"}],"version-history":[{"count":5,"href":"https:\/\/cleangrad.si\/de\/wp-json\/wp\/v2\/pages\/3999\/revisions"}],"predecessor-version":[{"id":4020,"href":"https:\/\/cleangrad.si\/de\/wp-json\/wp\/v2\/pages\/3999\/revisions\/4020"}],"up":[{"embeddable":true,"href":"https:\/\/cleangrad.si\/de\/wp-json\/wp\/v2\/pages\/3988"}],"wp:attachment":[{"href":"https:\/\/cleangrad.si\/de\/wp-json\/wp\/v2\/media?parent=3999"}],"curies":[{"name":"wp","href":"https:\/\/api.w.org\/{rel}","templated":true}]}}