{"id":3967,"date":"2016-06-13T16:11:07","date_gmt":"2016-06-13T14:11:07","guid":{"rendered":"https:\/\/cleangrad.si\/o-nas\/"},"modified":"2026-02-18T20:39:55","modified_gmt":"2026-02-18T19:39:55","slug":"uber-uns","status":"publish","type":"page","link":"https:\/\/cleangrad.si\/de\/uber-uns\/","title":{"rendered":"\u00dcber uns"},"content":{"rendered":"<div class=\"wpb-content-wrapper\"><p>[vc_row wrap_container=&#8220;yes&#8220; is_section=&#8220;yes&#8220; section_skin=&#8220;parallax&#8220; remove_margin_top=&#8220;yes&#8220; remove_margin_bottom=&#8220;yes&#8220; remove_padding_bottom=&#8220;yes&#8220; remove_border=&#8220;yes&#8220; animation_delay=&#8220;&#8220; el_class=&#8220;overflow-hidden&#8220;][vc_column]<h2 class=\"word-rotator slide short\" data-appear-animation=\"maskUp\" data-appear-animation-delay=\"100\" style=\"font-size:32px;text-align:left;\" data-plugin-options=\"{'waittime': 2500, 'pauseOnHover': false}\"><span class=\"word-rotate-prefix\" style=\"font-weight:700;font-size:32px !important;\">Wir bauen auf<\/span> <span class=\"word-rotator-items has-bg\" style=\"color:#ffffff;background:var(--porto-primary-color);\"><b class=\"active\">20-j\u00e4hrigen Tradition<\/b><b>mehr als 300.000 m2 umfassende L\u00f6sungen<\/b><b>hervorragenden Bonit\u00e4tsbewertungen<\/b><\/span><\/h2>[\/vc_column][\/vc_row][vc_row wrap_container=&#8220;yes&#8220; el_class=&#8220;mb-4 overflow-hidden&#8220;][vc_column animation_delay=&#8220;300&#8243; offset=&#8220;vc_col-md-10 vc_col-xs-12&#8243; animation_type=&#8220;maskUp&#8220;][vc_column_text css=&#8220;&#8220; el_class=&#8220;featured lead&#8220; css_params=&#8220;&#8220;]UNBESUNGENE HELDEN EINIGER DER WICHTIGSTEN ENTWICKLUNGSPROJEKTE IM BEREICH DER REINR\u00c4UME IM IN- UND AUSLAND[\/vc_column_text][\/vc_column][vc_column animation_delay=&#8220;450&#8243; offset=&#8220;vc_col-md-2 vc_col-xs-12&#8243; animation_type=&#8220;fadeIn&#8220;][vc_btn title=&#8220;Schlie\u00dfe dich uns an!&#8220; style=&#8220;modern&#8220; skin=&#8220;primary&#8220; link=&#8220;url:https%3A%2F%2Fcleangrad.si%2Fde%2Fkarriere%2F|title:Karriere&#8220; css_params=&#8220;&#8220;][vc_empty_space][\/vc_column][\/vc_row][vc_row wrap_container=&#8220;yes&#8220; css=&#8220;.vc_custom_1542099941971{padding-top: 80px !important;padding-bottom: 50px !important;background-color: #f7f7f7 !important;}&#8220; el_class=&#8220;row-align-items-center&#8220;][vc_column width=&#8220;1\/2&#8243; animation_delay=&#8220;&#8220; animation_type=&#8220;fadeInLeft&#8220;]<div class=\"porto-carousel owl-carousel has-ccols ccols-xl-1 ccols-lg-1 ccols-md-1 ccols-sm-1 ccols-1 wpb_custom_137e3b0268c8745a6d85cbab9a109485\" data-plugin-options=\"{&quot;themeConfig&quot;:true,&quot;stagePadding&quot;:0,&quot;margin&quot;:0,&quot;autoplay&quot;:false,&quot;mouseDrag&quot;:true,&quot;touchDrag&quot;:true,&quot;autoplayTimeout&quot;:5000,&quot;autoplayHoverPause&quot;:false,&quot;items&quot;:1,&quot;xl&quot;:1,&quot;lg&quot;:1,&quot;md&quot;:1,&quot;sm&quot;:1,&quot;xs&quot;:1,&quot;nav&quot;:false,&quot;dots&quot;:&quot;yes&quot;,&quot;animateIn&quot;:&quot;&quot;,&quot;animateOut&quot;:&quot;&quot;,&quot;loop&quot;:false,&quot;center&quot;:false,&quot;video&quot;:false,&quot;lazyLoad&quot;:false,&quot;fullscreen&quot;:false}\">[vc_single_image image=&#8220;3971&#8243; img_size=&#8220;full&#8220; css=&#8220;&#8220; css_params=&#8220;&#8220;]<\/div>[\/vc_column][vc_column width=&#8220;1\/2&#8243;][vc_custom_heading text=&#8220;\u00dcber <b>uns<\/b>&#8220; font_container=&#8220;tag:h3|font_size:21|text_align:left&#8220; use_theme_fonts=&#8220;yes&#8220; css_animation=&#8220;slideInUp&#8220; css_params=&#8220;&#8220;][vc_column_text css_animation=&#8220;fadeInUp&#8220; css=&#8220;&#8220; css_params=&#8220;&#8220;]<span style=\"color: #000000;\">Wir bauen auf einer \u00fcber 20-j\u00e4hrigen Tradition und mehr als 300.000 m\u00b2 umfassenden L\u00f6sungen im Bereich der Planung und Errichtung von Reinr\u00e4umen auf. Wir bieten unseren Kunden moderne technologische L\u00f6sungen, die die Einhaltung der strengsten GMP- und HSE-Vorschriften, die Optimierung von Prozessen und eine h\u00f6here Wettbewerbsf\u00e4higkeit erm\u00f6glichen. Reinr\u00e4ume fertigen wir nach den individuellen Anforderungen der Kunden, mit Schwerpunkt auf der ganzheitlichen Integration von T\u00fcren, Medien, M\u00f6beln, Bel\u00fcftung und Technologien. Wir zeichnen uns durch \u201ema\u00dfgeschneiderte\u201c Produktion und pr\u00e4zise Verarbeitung jedes Details aus.<\/span><\/p>\n<p><span style=\"color: #000000;\">Als zuverl\u00e4ssiger Gesch\u00e4ftspartner arbeiten wir mit f\u00fchrenden Pharmaunternehmen und einem bew\u00e4hrten Netzwerk von Lieferanten zusammen. Wir f\u00fchren Projekte jeder Gr\u00f6\u00dfe umfassend \u2013 von der Entwicklung bis zur Umsetzung \u2013 mit Unterst\u00fctzung unseres eigenen Entwicklungszentrums, das st\u00e4ndig neue und verbesserte L\u00f6sungen entwickelt. Wir sind in mehreren europ\u00e4ischen und internationalen L\u00e4ndern pr\u00e4sent, die Montage und Projektleitung f\u00fchren wir ausschlie\u00dflich mit unseren eigenen zertifizierten Teams durch. Wir bieten Unterst\u00fctzung bei der Qualifizierung von Reinr\u00e4umen sowie einen 48-Stunden-Service und die Lieferung von Ersatzteilen in ganz Europa.<\/span>[\/vc_column_text][\/vc_column][\/vc_row][vc_row wrap_container=&#8220;yes&#8220; is_section=&#8220;yes&#8220; section_skin=&#8220;parallax&#8220; remove_margin_top=&#8220;yes&#8220; remove_margin_bottom=&#8220;yes&#8220; remove_border=&#8220;yes&#8220;][vc_column width=&#8220;1\/4&#8243;][vc_custom_heading text=&#8220;Allgemeine <b>Unternehmensdaten<\/b>&#8220; font_container=&#8220;tag:h3|font_size:21|text_align:left&#8220; use_theme_fonts=&#8220;yes&#8220; css_animation=&#8220;slideInUp&#8220; css_params=&#8220;&#8220;][vc_column_text css_animation=&#8220;fadeInUp&#8220; css=&#8220;&#8220; css_params=&#8220;&#8220;]Name der Gesellschaft:<br \/>\nAbgek\u00fcrzter Name:<br \/>\nSitz der Gesellschaft:<br \/>\nTelefon:<br \/>\nFax:<br \/>\nInternet:<br \/>\nE-Mail:<br \/>\nDirektor:<br \/>\nSteuernummer:<br \/>\nIdentifikationsnummer:<br \/>\nT\u00e4tigkeitscode:<br \/>\nEintragung ins Handelsregister:<br \/>\nStatusform:<br \/>\nAnzahl der Besch\u00e4ftigten:<br \/>\nGesch\u00e4ftskonto:[\/vc_column_text][\/vc_column][vc_column width=&#8220;1\/2&#8243;][vc_empty_space height=&#8220;50&#8243; css_params=&#8220;&#8220;][vc_column_text css_animation=&#8220;fadeInUp&#8220; css=&#8220;&#8220; css_params=&#8220;&#8220;]<span style=\"color: #000000;\">Cleangrad, proizvodnja kovinskih konstrukcij in njihovih delov d.o.o.<\/span><br \/>\n<span style=\"color: #000000;\">Cleangrad d.o.o.<\/span><br \/>\n<span style=\"color: #000000;\">Ulica Rada Pu\u0161enjaka 1, 9240 Ljutomer, Slowenien<\/span><br \/>\n<span style=\"color: #000000;\">+386 (0)2 585 1 600<\/span><br \/>\n<span style=\"color: #000000;\">+386 (0)2 585 1 606<\/span><br \/>\n<span style=\"color: #000000;\">www.cleangrad.si<\/span><br \/>\n<span style=\"color: #000000;\">info@cleangrad.si<\/span><br \/>\n<span style=\"color: #000000;\">Jernej Zupan\u010di\u010d<\/span><br \/>\n<span style=\"color: #000000;\">SI45527296<\/span><br \/>\n<span style=\"color: #000000;\">1552465<\/span><br \/>\n<span style=\"color: #000000;\">C25.110 Herstellung von Metallkonstruktionen und deren Teilen<\/span><br \/>\n<span style=\"color: #000000;\">24.04.2002<\/span><br \/>\n<span style=\"color: #000000;\">Gesellschaft mit beschr\u00e4nkter Haftung<\/span><br \/>\n<span style=\"color: #000000;\">190<\/span><br \/>\n<span style=\"color: #000000;\">SI56 0287 8026 1486 797 er\u00f6ffnet bei NLB d.d<\/span><br \/>\n<span style=\"color: #000000;\">SI56 2900 0005 0321 420 er\u00f6ffnet bei Unicredit Banka Slovenija d.d.<\/span>[\/vc_column_text][\/vc_column][vc_column width=&#8220;1\/4&#8243;][\/vc_column][\/vc_row][vc_row wrap_container=&#8220;yes&#8220; css=&#8220;.vc_custom_1542118729561{padding-top: 80px !important;padding-bottom: 40px !important;background-color: #f7f7f7 !important;}&#8220;][vc_column][vc_custom_heading text=&#8220;Unsere <b>Standorte<\/b>&#8220; font_container=&#8220;tag:h3|font_size:21|text_align:center|line_height:1&#8243; use_theme_fonts=&#8220;yes&#8220; css_animation=&#8220;none&#8220; el_class=&#8220;mb-2&#8243; css_params=&#8220;&#8220; css=&#8220;.vc_custom_1768148749916{padding-bottom: 20px !important;}&#8220;][vc_row_inner][vc_column_inner width=&#8220;1\/4&#8243;][vc_column_text css=&#8220;&#8220; css_params=&#8220;&#8220;]<strong>Sitz:\u00a0<\/strong><\/p>\n<p><span style=\"color: #000000;\">Ulica Rada Pu\u0161enjaka 1<\/span><br \/>\n<span style=\"color: #000000;\">9240 Ljutomer<\/span><br \/>\n<span style=\"color: #000000;\">Slowenien<\/span><\/p>\n<p><strong>Kontakt:<\/strong><\/p>\n<p><span style=\"color: #000000;\">sales@cleangrad.si<\/span><br \/>\n<span style=\"color: #000000;\">marketing@cleangrad.si<\/span><\/p>\n<p>T: <span style=\"color: #000000;\">+386 (0)2 585 1 600<\/span><br \/>\nF: <span style=\"color: #000000;\">+386 (0)2 585 1 606<\/span><\/p>\n<p>&nbsp;[\/vc_column_text][\/vc_column_inner][vc_column_inner width=&#8220;1\/4&#8243;][vc_column_text css=&#8220;&#8220; css_params=&#8220;&#8220;]<strong>Herstellung von Reinr\u00e4umen:\u00a0<\/strong><\/p>\n<p><span style=\"color: #000000;\">Pre\u0161ernova ulica 29<\/span><br \/>\n<span style=\"color: #000000;\">9240 Ljutomer<\/span><br \/>\n<span style=\"color: #000000;\">Slowenien<\/span><\/p>\n<p><strong>Herstellung von Ausr\u00fcstung:<\/strong><\/p>\n<p><span style=\"color: #000000;\">Ulica Rada Pu\u0161enjaka 1<\/span><br \/>\n<span style=\"color: #000000;\">9240 Ljutomer<\/span><br \/>\n<span style=\"color: #000000;\">Slowenien<\/span>[\/vc_column_text][\/vc_column_inner][vc_column_inner width=&#8220;1\/2&#8243;][vc_single_image image=&#8220;3970&#8243; img_size=&#8220;full&#8220; css=&#8220;&#8220; css_params=&#8220;&#8220;][\/vc_column_inner][\/vc_row_inner][vc_row_inner][vc_column_inner][vc_separator css=&#8220;&#8220;][\/vc_column_inner][\/vc_row_inner][vc_row_inner][vc_column_inner width=&#8220;1\/4&#8243;][vc_single_image image=&#8220;1775&#8243; img_size=&#8220;full&#8220; css=&#8220;&#8220; css_params=&#8220;&#8220;][\/vc_column_inner][vc_column_inner width=&#8220;1\/4&#8243;][vc_column_text css=&#8220;&#8220; css_params=&#8220;&#8220;]<strong>B\u00fcro in Belgien:\u00a0<\/strong><\/p>\n<p><span style=\"color: #000000;\">Oliver Burguet<\/span><br \/>\n<span style=\"color: #000000;\">Ets. Fr. BEAUPAIN SA\/NV<\/span><\/p>\n<p>&nbsp;[\/vc_column_text][\/vc_column_inner][vc_column_inner width=&#8220;1\/4&#8243;][vc_column_text css=&#8220;&#8220; css_params=&#8220;&#8220;]<strong>Telefon:<\/strong><\/p>\n<p><span style=\"color: #000000;\">00 32 475 70 89 83<\/span><\/p>\n<p>&nbsp;[\/vc_column_text][\/vc_column_inner][vc_column_inner width=&#8220;1\/4&#8243;][vc_column_text css=&#8220;&#8220; css_params=&#8220;&#8220;]<strong>E-Mail:<\/strong><\/p>\n<p><span style=\"color: #000000;\">o.burguet@beaupain.be<\/span><\/p>\n<p>&nbsp;[\/vc_column_text][\/vc_column_inner][\/vc_row_inner][\/vc_column][\/vc_row][vc_row wrap_container=&#8220;yes&#8220; is_section=&#8220;yes&#8220; section_skin=&#8220;parallax&#8220; remove_margin_top=&#8220;yes&#8220; remove_margin_bottom=&#8220;yes&#8220; remove_border=&#8220;yes&#8220;][vc_column][vc_custom_heading text=&#8220;Warum sollten Sie <b>Cleangrad<\/b> als Lieferanten f\u00fcr Reinr\u00e4ume w\u00e4hlen?&#8220; font_container=&#8220;tag:h3|font_size:21|text_align:left&#8220; use_theme_fonts=&#8220;yes&#8220; css_animation=&#8220;slideInUp&#8220; css_params=&#8220;&#8220;][vc_column_text css_animation=&#8220;fadeInUp&#8220; css=&#8220;&#8220; css_params=&#8220;&#8220;]<\/p>\n<ul>\n<li><span style=\"color: #000000;\">Da wir bereits in der Anfangsphase der Projektierung mit Ihnen zusammenarbeiten und speziell f\u00fcr Sie ein 3D-Detaildesign entwickeln werden.<\/span><\/li>\n<li><span style=\"color: #000000;\">Da wir im Entwicklungszentrum von Cleangrad bei Bedarf ein Produkt entwickeln werden, das genau auf Sie zugeschnitten ist.<\/span><\/li>\n<li><span style=\"color: #000000;\">Da wir in unseren 23 Jahren des Bestehens \u00fcber 300.000 m\u00b2 Reinr\u00e4ume realisierten, Partnerschaften mit den gr\u00f6\u00dften Pharmariesen aufbauten und finanziell \u00e4u\u00dferst stabil sind.<\/span><\/li>\n<li><span style=\"color: #000000;\">Da wir bei der Produktion ausschlie\u00dflich rostfreie Materialien h\u00f6chster Qualit\u00e4t verwenden und bei der Herstellung jedem kleinsten Detail Aufmerksamkeit schenken.<\/span><\/li>\n<li><span style=\"color: #000000;\">Da wir Projekte ausschlie\u00dflich mit unseren eigenen angestellten Projektleitern und Monteuren leiten und durchf\u00fchren, die gro\u00dfen Wert auf Sicherheit und Gesundheit am Arbeitsplatz legen, wof\u00fcr wir von unseren Kunden oft Lob und Anerkennung erhalten haben.<\/span><\/li>\n<li><span style=\"color: #000000;\">Da wir gro\u00df genug sind, um mit Partnern erfolgreich schl\u00fcsselfertige Gro\u00dfprojekte zu realisieren, und gleichzeitig klein genug, um flexibel zu sein, damit wir kleinere Projekte in kurzer Zeit planen und durchf\u00fchren k\u00f6nnen.<\/span><\/li>\n<li><span style=\"color: #000000;\">Da wir Ihnen einen 48-Stunden-Service in ganz Europa sowie die Versorgung mit Ersatzteilen garantieren werden. <\/span><\/li>\n<\/ul>\n<p>[\/vc_column_text][\/vc_column][\/vc_row]<\/p>\n<\/div>","protected":false},"excerpt":{"rendered":"<p>[vc_row wrap_container=&#8220;yes&#8220; is_section=&#8220;yes&#8220; section_skin=&#8220;parallax&#8220; remove_margin_top=&#8220;yes&#8220; remove_margin_bottom=&#8220;yes&#8220; remove_padding_bottom=&#8220;yes&#8220; remove_border=&#8220;yes&#8220; animation_delay=&#8220;&#8220; el_class=&#8220;overflow-hidden&#8220;][vc_column][\/vc_column][\/vc_row][vc_row wrap_container=&#8220;yes&#8220; el_class=&#8220;mb-4 overflow-hidden&#8220;][vc_column animation_delay=&#8220;300&#8243; offset=&#8220;vc_col-md-10 vc_col-xs-12&#8243; animation_type=&#8220;maskUp&#8220;][vc_column_text css=&#8220;&#8220; el_class=&#8220;featured lead&#8220; css_params=&#8220;&#8220;]UNBESUNGENE HELDEN EINIGER DER WICHTIGSTEN ENTWICKLUNGSPROJEKTE IM BEREICH DER REINR\u00c4UME IM IN- UND AUSLAND[\/vc_column_text][\/vc_column][vc_column animation_delay=&#8220;450&#8243; offset=&#8220;vc_col-md-2 vc_col-xs-12&#8243; animation_type=&#8220;fadeIn&#8220;][vc_btn title=&#8220;Schlie\u00dfe dich uns an!&#8220; style=&#8220;modern&#8220; skin=&#8220;primary&#8220; link=&#8220;url:https%3A%2F%2Fcleangrad.si%2Fde%2Fkarriere%2F|title:Karriere&#8220; css_params=&#8220;&#8220;][vc_empty_space][\/vc_column][\/vc_row][vc_row wrap_container=&#8220;yes&#8220; css=&#8220;.vc_custom_1542099941971{padding-top: 80px !important;padding-bottom: 50px !important;background-color: #f7f7f7 !important;}&#8220; el_class=&#8220;row-align-items-center&#8220;][vc_column [&hellip;]<\/p>\n","protected":false},"author":1,"featured_media":0,"parent":0,"menu_order":0,"comment_status":"closed","ping_status":"closed","template":"","meta":{"footnotes":""},"class_list":["post-3967","page","type-page","status-publish","hentry"],"aioseo_notices":[],"_links":{"self":[{"href":"https:\/\/cleangrad.si\/de\/wp-json\/wp\/v2\/pages\/3967","targetHints":{"allow":["GET"]}}],"collection":[{"href":"https:\/\/cleangrad.si\/de\/wp-json\/wp\/v2\/pages"}],"about":[{"href":"https:\/\/cleangrad.si\/de\/wp-json\/wp\/v2\/types\/page"}],"author":[{"embeddable":true,"href":"https:\/\/cleangrad.si\/de\/wp-json\/wp\/v2\/users\/1"}],"replies":[{"embeddable":true,"href":"https:\/\/cleangrad.si\/de\/wp-json\/wp\/v2\/comments?post=3967"}],"version-history":[{"count":7,"href":"https:\/\/cleangrad.si\/de\/wp-json\/wp\/v2\/pages\/3967\/revisions"}],"predecessor-version":[{"id":4171,"href":"https:\/\/cleangrad.si\/de\/wp-json\/wp\/v2\/pages\/3967\/revisions\/4171"}],"wp:attachment":[{"href":"https:\/\/cleangrad.si\/de\/wp-json\/wp\/v2\/media?parent=3967"}],"curies":[{"name":"wp","href":"https:\/\/api.w.org\/{rel}","templated":true}]}}