{"id":3911,"date":"2025-12-22T14:58:55","date_gmt":"2025-12-22T13:58:55","guid":{"rendered":"https:\/\/cleangrad.si\/kariera\/"},"modified":"2026-02-18T20:28:42","modified_gmt":"2026-02-18T19:28:42","slug":"karriere","status":"publish","type":"page","link":"https:\/\/cleangrad.si\/de\/karriere\/","title":{"rendered":"Karriere"},"content":{"rendered":"<div class=\"wpb-content-wrapper\"><p>[vc_row][vc_column width=&#8220;1\/2&#8243;][vc_single_image image=&#8220;3912&#8243; img_size=&#8220;full&#8220; label=&#8220;&#8220;][\/vc_column][vc_column width=&#8220;1\/2&#8243;][vc_column_text css=&#8220;&#8220; css_params=&#8220;&#8220;]<span style=\"color: #000000;\"><strong>Gestalte die Zukunft der Reinr\u00e4ume mit uns<\/strong><\/span><\/p>\n<p><span style=\"color: #000000;\">Bei Cleangrad sind wir uns bewusst, dass wir die besten Ergebnisse durch Teamarbeit und Zusammenarbeit erzielen. Wir sch\u00e4tzen Wissen und f\u00f6rdern Kreativit\u00e4t. Exzellenz ist ein Teil von uns. Wir bieten unseren Mitarbeitern optimale Arbeitsbedingungen und Entwicklungsm\u00f6glichkeiten. Schlie\u00dfe dich uns an, wenn du Reinr\u00e4ume f\u00fcr die gr\u00f6\u00dften Pharmaunternehmen in Europa und weltweit mitgestalten und mit deinem Wissen und deiner Arbeit zur Gesundheit gegenw\u00e4rtiger und zuk\u00fcnftiger Generationen beitragen m\u00f6chtest.<\/span><\/p>\n<p><span style=\"color: #000000;\">Wir besch\u00e4ftigen haupts\u00e4chlich Ingenieure im Maschinenbau, Holzverarbeitung und Bauwesen, \u00d6konomen, Maschinen- und Bautechniker, Elektrotechniker sowie Monteure f\u00fcr den Au\u00dfeneinsatz.<\/span><\/p>\n<\/p>\n<p><span style=\"color: #000000;\">F\u00fcr weitere Informationen rufe die Telefonnummer <strong>(02) 620 94 98<\/strong> an oder schreibe uns an <strong>kadri@cleangrad.si<\/strong>. Du kannst auch das untenstehende Formular ausf\u00fcllen und deinen Lebenslauf beif\u00fcgen.<\/span>[\/vc_column_text][\/vc_column][\/vc_row][vc_row][vc_column width=&#8220;1\/2&#8243;][vc_column_text css=&#8220;&#8220; css_params=&#8220;&#8220;]<span style=\"color: #000000;\"><strong>ZUSAMMENARBEIT MIT SCH\u00dcLERN UND STUDENTEN<\/strong><\/span><\/p>\n<p><span style=\"color: #000000;\">Bei uns kannst du im Rahmen des Bildungsprogramms ein Praktikum absolvieren.<\/span><\/p>\n<p><span style=\"color: #000000;\">Wir laden Sch\u00fcler und Studenten zur Mitarbeit in der Produktion, im Lager und in der Verwaltung ein.<\/span><\/p>\n<\/p>\n<p><span style=\"color: #000000;\">F\u00fcr weitere Informationen rufe die Telefonnummer <strong>(02) 564 32 59<\/strong> an oder schreibe uns an <strong>kadri@cleangrad.si<\/strong>.<\/span>[\/vc_column_text][\/vc_column][vc_column width=&#8220;1\/2&#8243;][vc_single_image image=&#8220;3913&#8243; img_size=&#8220;full&#8220; css=&#8220;&#8220; label=&#8220;&#8220; css_params=&#8220;&#8220;][\/vc_column][\/vc_row][vc_row][vc_column][vc_column_text css=&#8220;&#8220; css_params=&#8220;&#8220;]<\/p>\n<h4><span style=\"color: #000000;\"><strong>Nicht verpassen \u2013 Stipendien f\u00fcr Sch\u00fcler und Studenten<\/strong><\/span><\/h4>\n<p><span style=\"color: #000000;\">Wenn du Sch\u00fcler oder Student im technischen Bereich bist (Maschinentechniker, Bautechniker, Elektrotechniker, Maschinenbauingenieur, Bauingenieur, Holztechniker), kannst du dich um eines der Stipendien bewerben, die Cleangrad jedes Jahr ausschreibt. Allen Stipendiaten bieten wir die M\u00f6glichkeit, Praktika und Ferienarbeit im Unternehmen zu absolvieren, und nach Abschluss der Ausbildung eine Anstellung in der Gesellschaft.<\/span><\/p>\n<\/p>\n<p>&nbsp;[\/vc_column_text][\/vc_column][\/vc_row]<\/p>\n<\/div>","protected":false},"excerpt":{"rendered":"<p>[vc_row][vc_column width=&#8220;1\/2&#8243;][vc_single_image image=&#8220;3912&#8243; img_size=&#8220;full&#8220; label=&#8220;&#8220;][\/vc_column][vc_column width=&#8220;1\/2&#8243;][vc_column_text css=&#8220;&#8220; css_params=&#8220;&#8220;]Gestalte die Zukunft der Reinr\u00e4ume mit uns Bei Cleangrad sind wir uns bewusst, dass wir die besten Ergebnisse durch Teamarbeit und Zusammenarbeit erzielen. Wir sch\u00e4tzen Wissen und f\u00f6rdern Kreativit\u00e4t. Exzellenz ist ein Teil von uns. Wir bieten unseren Mitarbeitern optimale Arbeitsbedingungen und Entwicklungsm\u00f6glichkeiten. Schlie\u00dfe dich uns an, wenn [&hellip;]<\/p>\n","protected":false},"author":1,"featured_media":0,"parent":0,"menu_order":0,"comment_status":"closed","ping_status":"closed","template":"","meta":{"footnotes":""},"class_list":["post-3911","page","type-page","status-publish","hentry"],"aioseo_notices":[],"_links":{"self":[{"href":"https:\/\/cleangrad.si\/de\/wp-json\/wp\/v2\/pages\/3911","targetHints":{"allow":["GET"]}}],"collection":[{"href":"https:\/\/cleangrad.si\/de\/wp-json\/wp\/v2\/pages"}],"about":[{"href":"https:\/\/cleangrad.si\/de\/wp-json\/wp\/v2\/types\/page"}],"author":[{"embeddable":true,"href":"https:\/\/cleangrad.si\/de\/wp-json\/wp\/v2\/users\/1"}],"replies":[{"embeddable":true,"href":"https:\/\/cleangrad.si\/de\/wp-json\/wp\/v2\/comments?post=3911"}],"version-history":[{"count":5,"href":"https:\/\/cleangrad.si\/de\/wp-json\/wp\/v2\/pages\/3911\/revisions"}],"predecessor-version":[{"id":3918,"href":"https:\/\/cleangrad.si\/de\/wp-json\/wp\/v2\/pages\/3911\/revisions\/3918"}],"wp:attachment":[{"href":"https:\/\/cleangrad.si\/de\/wp-json\/wp\/v2\/media?parent=3911"}],"curies":[{"name":"wp","href":"https:\/\/api.w.org\/{rel}","templated":true}]}}