{"id":3899,"date":"2026-01-11T11:26:30","date_gmt":"2026-01-11T10:26:30","guid":{"rendered":"https:\/\/cleangrad.si\/izdelki-in-storitve\/vrata-in-interlock-sistemi-za-ciste-prostore\/vrata-z-napihljivim-tesnilom\/"},"modified":"2026-02-18T19:37:38","modified_gmt":"2026-02-18T18:37:38","slug":"turen-mit-aufblasbaren-dichtungen","status":"publish","type":"page","link":"https:\/\/cleangrad.si\/de\/produkte-und-dienstleistungen\/turen-und-interlock-systeme-fur-reinraume\/turen-mit-aufblasbaren-dichtungen\/","title":{"rendered":"T\u00fcren mit aufblasbaren dichtungen"},"content":{"rendered":"<div class=\"wpb-content-wrapper\"><p>[vc_row][vc_column width=&#8220;1\/2&#8243;][vc_single_image image=&#8220;3901&#8243; img_size=&#8220;full&#8220; onclick=&#8220;zoom&#8220; css=&#8220;&#8220; css_params=&#8220;&#8220; label=&#8220;&#8220;][\/vc_column][vc_column width=&#8220;1\/2&#8243;][vc_column_text css=&#8220;&#8220; css_params=&#8220;&#8220;]<span style=\"color: #000000;\">Technologisch fortschrittliche L\u00f6sungen werden zunehmend zu einem wichtigen Aspekt bei der Sicherstellung der Bedingungen f\u00fcr die Arzneimittelproduktion. Eine solche L\u00f6sung sind T\u00fcren mit aufblasbaren Dichtungen, die ein hohes Ma\u00df an Sicherheit in regulierten R\u00e4umen sowie w\u00e4hrend der Sterilisations-, Dekontaminations- und Begasungsverfahren gew\u00e4hrleisten.<\/span><\/p>\n<p><span style=\"color: #000000;\">T\u00fcren mit aufblasbaren Dichtungen aus rostfreiem Stahl erm\u00f6glichen einen funktionalen Zugang ohne Bodenschwelle, um den Zugang f\u00fcr alle Transportmittel zu erleichtern. Eine konsistente Abdichtung erm\u00f6glicht den Einsatz unter den schwierigsten Bedingungen aller Kategorien von Reinr\u00e4umen, da die Abdichtung der T\u00fcren durch den Einsatz eines eingebauten Luftkompressors und entsprechender Automatisierung pr\u00e4zise gesteuert werden kann. Bei der Entwicklung der T\u00fcren wurden die Anforderungen der technologischen Prozesse der Kunden, die Qualit\u00e4t und die Einhaltung des GMP-Standards ber\u00fccksichtigt.<\/span><\/p>\n<\/p>\n<p><span style=\"color: #000000;\">Die Ausf\u00fchrung der T\u00fcren mit aufblasbaren Dichtungen wird an die Anforderungen der Kunden angepasst, indem sie mit Glas im Fl\u00fcgel f\u00fcr eine leichtere Einsicht in den Raum, mit einem ber\u00fchrungslosen Kartenleser f\u00fcr den Zugang, Alarmen und Detektoren sowie verschiedenen Sensoren ausgestattet werden k\u00f6nnen, die mit entsprechender Automatisierung den Zugang zu und aus den R\u00e4umen erm\u00f6glichen. T\u00fcren mit aufblasbaren Dichtungen erm\u00f6glichen die Anpassung an verschiedene Bedingungen von Gesch\u00e4ftsprozessen und gew\u00e4hrleisten trotz Anpassungen das h\u00f6chstm\u00f6gliche Sicherheitsniveau in regulierten R\u00e4umen, was unter anderem durch das erhaltene Zertifikat des ZAG-Instituts belegt wird.<\/span>[\/vc_column_text][\/vc_column][\/vc_row]<\/p>\n<\/div>","protected":false},"excerpt":{"rendered":"<p>[vc_row][vc_column width=&#8220;1\/2&#8243;][vc_single_image image=&#8220;3901&#8243; img_size=&#8220;full&#8220; onclick=&#8220;zoom&#8220; css=&#8220;&#8220; css_params=&#8220;&#8220; label=&#8220;&#8220;][\/vc_column][vc_column width=&#8220;1\/2&#8243;][vc_column_text css=&#8220;&#8220; css_params=&#8220;&#8220;]Technologisch fortschrittliche L\u00f6sungen werden zunehmend zu einem wichtigen Aspekt bei der Sicherstellung der Bedingungen f\u00fcr die Arzneimittelproduktion. Eine solche L\u00f6sung sind T\u00fcren mit aufblasbaren Dichtungen, die ein hohes Ma\u00df an Sicherheit in regulierten R\u00e4umen sowie w\u00e4hrend der Sterilisations-, Dekontaminations- und Begasungsverfahren gew\u00e4hrleisten. T\u00fcren mit aufblasbaren [&hellip;]<\/p>\n","protected":false},"author":1,"featured_media":0,"parent":3843,"menu_order":0,"comment_status":"closed","ping_status":"closed","template":"","meta":{"footnotes":""},"class_list":["post-3899","page","type-page","status-publish","hentry"],"aioseo_notices":[],"_links":{"self":[{"href":"https:\/\/cleangrad.si\/de\/wp-json\/wp\/v2\/pages\/3899","targetHints":{"allow":["GET"]}}],"collection":[{"href":"https:\/\/cleangrad.si\/de\/wp-json\/wp\/v2\/pages"}],"about":[{"href":"https:\/\/cleangrad.si\/de\/wp-json\/wp\/v2\/types\/page"}],"author":[{"embeddable":true,"href":"https:\/\/cleangrad.si\/de\/wp-json\/wp\/v2\/users\/1"}],"replies":[{"embeddable":true,"href":"https:\/\/cleangrad.si\/de\/wp-json\/wp\/v2\/comments?post=3899"}],"version-history":[{"count":5,"href":"https:\/\/cleangrad.si\/de\/wp-json\/wp\/v2\/pages\/3899\/revisions"}],"predecessor-version":[{"id":3910,"href":"https:\/\/cleangrad.si\/de\/wp-json\/wp\/v2\/pages\/3899\/revisions\/3910"}],"up":[{"embeddable":true,"href":"https:\/\/cleangrad.si\/de\/wp-json\/wp\/v2\/pages\/3843"}],"wp:attachment":[{"href":"https:\/\/cleangrad.si\/de\/wp-json\/wp\/v2\/media?parent=3899"}],"curies":[{"name":"wp","href":"https:\/\/api.w.org\/{rel}","templated":true}]}}