{"id":3888,"date":"2026-01-11T11:25:44","date_gmt":"2026-01-11T10:25:44","guid":{"rendered":"https:\/\/cleangrad.si\/izdelki-in-storitve\/vrata-in-interlock-sistemi-za-ciste-prostore\/krilna-vrata-za-ciste-prostore\/"},"modified":"2026-02-18T19:36:08","modified_gmt":"2026-02-18T18:36:08","slug":"flugelturen-fur-reinraume","status":"publish","type":"page","link":"https:\/\/cleangrad.si\/de\/produkte-und-dienstleistungen\/turen-und-interlock-systeme-fur-reinraume\/flugelturen-fur-reinraume\/","title":{"rendered":"Fl\u00fcgelt\u00fcren f\u00fcr Reinr\u00e4ume"},"content":{"rendered":"<div class=\"wpb-content-wrapper\"><p>[vc_row][vc_column width=&#8220;1\/2&#8243;][vc_single_image image=&#8220;3892&#8243; img_size=&#8220;full&#8220; onclick=&#8220;zoom&#8220; css=&#8220;&#8220; css_params=&#8220;&#8220; label=&#8220;&#8220;][\/vc_column][vc_column width=&#8220;1\/2&#8243;][vc_column_text css=&#8220;&#8220; css_params=&#8220;&#8220;]<span style=\"color: #000000;\">Cleangrads Fl\u00fcgelt\u00fcren f\u00fcr Reinr\u00e4ume sind sorgf\u00e4ltig entworfen, um den speziellen Anforderungen einer sterilen Umgebung zu entsprechen und k\u00f6nnen daher innerhalb von Reinr\u00e4umen in allen Zonen gem\u00e4\u00df der Reinheitsklassifikation verwendet werden. Fl\u00fcgelt\u00fcren wurden speziell als Teil des Cleangrad-Reinraumsystems entwickelt, um die h\u00f6chstm\u00f6gliche Dichtheit zu gew\u00e4hrleisten. Ihr Hauptvorteil besteht darin, dass die T\u00fcren auf beiden Seiten b\u00fcndig mit der Wand abschlie\u00dfen, ohne \u00fcberstehende Kanten, was eine einfachere Reinigung erm\u00f6glicht. Eine Besonderheit der T\u00fcren ist, dass sie anstelle von Dichtungen ein spezielles Magnetschlie\u00dfsystem eingebaut haben, das verhindert, dass sich an diesen Stellen Schmutz ansammelt und eine wesentlich einfachere Reinigung gew\u00e4hrleistet. Die Oberfl\u00e4che der T\u00fcrfl\u00fcgel kann aus Aluminium oder HPL bestehen.<\/span><\/p>\n<p><span style=\"color: #000000;\">F\u00fcr Reinr\u00e4ume, in denen besondere Anforderungen bestehen, haben wir im Programm auch Fl\u00fcgelt\u00fcren aus Edelstahl 1.4301 oder 1.4404. T\u00fcren aus rostfreiem Stahl zeichnen sich durch hervorragende Korrosionsbest\u00e4ndigkeit und ausgezeichnete Abdichtung aus, die durch eingebaute Dichtungen gew\u00e4hrleistet werden. Edelstahlt\u00fcren zeichnen sich durch einfache Reinigung ohne Verlust der Materialoberfl\u00e4cheneigenschaften und eine lange Lebensdauer aus.<\/span><\/p>\n<\/p>\n<p><span style=\"color: #000000;\">Sowohl Aluminium-, HPL- als auch Edelstahlt\u00fcren entsprechen den internationalen GMP-Richtlinien und sind chemikalienbest\u00e4ndig. Es ist m\u00f6glich, verschiedene Arten von Verglasungen einzubauen, zus\u00e4tzliche Bodendichtungen sowie Griffe nach Ihrer Wahl, Kn\u00f6pfe, Druckplatten, Schl\u00f6sser, verschiedene Arten von Paniksystemen, T\u00fcrschlie\u00dfer oder Antriebe zu integrieren usw.<\/span>[\/vc_column_text][\/vc_column][\/vc_row]<\/p>\n<\/div>","protected":false},"excerpt":{"rendered":"<p>[vc_row][vc_column width=&#8220;1\/2&#8243;][vc_single_image image=&#8220;3892&#8243; img_size=&#8220;full&#8220; onclick=&#8220;zoom&#8220; css=&#8220;&#8220; css_params=&#8220;&#8220; label=&#8220;&#8220;][\/vc_column][vc_column width=&#8220;1\/2&#8243;][vc_column_text css=&#8220;&#8220; css_params=&#8220;&#8220;]Cleangrads Fl\u00fcgelt\u00fcren f\u00fcr Reinr\u00e4ume sind sorgf\u00e4ltig entworfen, um den speziellen Anforderungen einer sterilen Umgebung zu entsprechen und k\u00f6nnen daher innerhalb von Reinr\u00e4umen in allen Zonen gem\u00e4\u00df der Reinheitsklassifikation verwendet werden. Fl\u00fcgelt\u00fcren wurden speziell als Teil des Cleangrad-Reinraumsystems entwickelt, um die h\u00f6chstm\u00f6gliche Dichtheit zu gew\u00e4hrleisten. Ihr [&hellip;]<\/p>\n","protected":false},"author":1,"featured_media":0,"parent":3843,"menu_order":0,"comment_status":"closed","ping_status":"closed","template":"","meta":{"footnotes":""},"class_list":["post-3888","page","type-page","status-publish","hentry"],"aioseo_notices":[],"_links":{"self":[{"href":"https:\/\/cleangrad.si\/de\/wp-json\/wp\/v2\/pages\/3888","targetHints":{"allow":["GET"]}}],"collection":[{"href":"https:\/\/cleangrad.si\/de\/wp-json\/wp\/v2\/pages"}],"about":[{"href":"https:\/\/cleangrad.si\/de\/wp-json\/wp\/v2\/types\/page"}],"author":[{"embeddable":true,"href":"https:\/\/cleangrad.si\/de\/wp-json\/wp\/v2\/users\/1"}],"replies":[{"embeddable":true,"href":"https:\/\/cleangrad.si\/de\/wp-json\/wp\/v2\/comments?post=3888"}],"version-history":[{"count":5,"href":"https:\/\/cleangrad.si\/de\/wp-json\/wp\/v2\/pages\/3888\/revisions"}],"predecessor-version":[{"id":3902,"href":"https:\/\/cleangrad.si\/de\/wp-json\/wp\/v2\/pages\/3888\/revisions\/3902"}],"up":[{"embeddable":true,"href":"https:\/\/cleangrad.si\/de\/wp-json\/wp\/v2\/pages\/3843"}],"wp:attachment":[{"href":"https:\/\/cleangrad.si\/de\/wp-json\/wp\/v2\/media?parent=3888"}],"curies":[{"name":"wp","href":"https:\/\/api.w.org\/{rel}","templated":true}]}}