{"id":3864,"date":"2026-01-11T11:28:30","date_gmt":"2026-01-11T10:28:30","guid":{"rendered":"https:\/\/cleangrad.si\/izdelki-in-storitve\/vrata-in-interlock-sistemi-za-ciste-prostore\/interlock-sistemi-za-ciste-prostore\/"},"modified":"2026-02-18T19:36:30","modified_gmt":"2026-02-18T18:36:30","slug":"interlock-systeme-fur-reinraume","status":"publish","type":"page","link":"https:\/\/cleangrad.si\/de\/produkte-und-dienstleistungen\/turen-und-interlock-systeme-fur-reinraume\/interlock-systeme-fur-reinraume\/","title":{"rendered":"Interlock-Systeme f\u00fcr Reinr\u00e4ume"},"content":{"rendered":"<div class=\"wpb-content-wrapper\"><p>[vc_row][vc_column width=&#8220;1\/2&#8243;][vc_single_image image=&#8220;3866&#8243; img_size=&#8220;full&#8220; css=&#8220;&#8220; label=&#8220;&#8220; css_params=&#8220;&#8220;][\/vc_column][vc_column width=&#8220;1\/2&#8243;][vc_column_text css=&#8220;&#8220; css_params=&#8220;&#8220;]<span style=\"color: #000000;\">T\u00fcren in Reinr\u00e4umen stellen oft die Grenze zwischen dem kontrollierten Bereich und der Au\u00dfenumgebung dar. Verschiedene Arten von T\u00fcren sind daher ein kritischer Punkt und eine Barriere vor dem Raum, in dem die Atmosph\u00e4re kontrolliert wird, und deshalb ist hier ein geordnetes \u00d6ffnungs- und Schlie\u00dfregime der T\u00fcren wichtig. Das \u00d6ffnungsregime der T\u00fcren in einem solchen Bereich wird \u00fcber ein Interlock-System reguliert, das das gleichzeitige \u00d6ffnen der T\u00fcren des \u00dcbergangsbereichs verhindert und so direkt eine Kontamination verhindert.<\/span><\/p>\n<p><span style=\"color: #000000;\">Cleangrad liefert und installiert alle notwendigen Komponenten f\u00fcr den Betrieb des Interlock-Systems. Je nach Kundenanforderungen f\u00fchren wir auch die gesamte Programmierung und Inbetriebnahme des Interlock-Systems durch.<\/span><\/p>\n<\/p>\n<p><span style=\"color: #000000;\">Magic Eyes ist Cleangrads Designl\u00f6sung f\u00fcr das \u201eAmpel\u201c-Interlock-System. Die Designplatte in Wei\u00df oder Schwarz, in die Lichter, Summer, Magic Switch und Notausgangstaste eingebaut werden k\u00f6nnen, wird mit ihrem modernen Design zweifellos das i-T\u00fcpfelchen f\u00fcr Ihren Reinraum sein.<\/span>[\/vc_column_text][\/vc_column][\/vc_row]<\/p>\n<\/div>","protected":false},"excerpt":{"rendered":"<p>[vc_row][vc_column width=&#8220;1\/2&#8243;][vc_single_image image=&#8220;3866&#8243; img_size=&#8220;full&#8220; css=&#8220;&#8220; label=&#8220;&#8220; css_params=&#8220;&#8220;][\/vc_column][vc_column width=&#8220;1\/2&#8243;][vc_column_text css=&#8220;&#8220; css_params=&#8220;&#8220;]T\u00fcren in Reinr\u00e4umen stellen oft die Grenze zwischen dem kontrollierten Bereich und der Au\u00dfenumgebung dar. Verschiedene Arten von T\u00fcren sind daher ein kritischer Punkt und eine Barriere vor dem Raum, in dem die Atmosph\u00e4re kontrolliert wird, und deshalb ist hier ein geordnetes \u00d6ffnungs- und Schlie\u00dfregime der [&hellip;]<\/p>\n","protected":false},"author":1,"featured_media":0,"parent":3843,"menu_order":0,"comment_status":"closed","ping_status":"closed","template":"","meta":{"footnotes":""},"class_list":["post-3864","page","type-page","status-publish","hentry"],"aioseo_notices":[],"_links":{"self":[{"href":"https:\/\/cleangrad.si\/de\/wp-json\/wp\/v2\/pages\/3864","targetHints":{"allow":["GET"]}}],"collection":[{"href":"https:\/\/cleangrad.si\/de\/wp-json\/wp\/v2\/pages"}],"about":[{"href":"https:\/\/cleangrad.si\/de\/wp-json\/wp\/v2\/types\/page"}],"author":[{"embeddable":true,"href":"https:\/\/cleangrad.si\/de\/wp-json\/wp\/v2\/users\/1"}],"replies":[{"embeddable":true,"href":"https:\/\/cleangrad.si\/de\/wp-json\/wp\/v2\/comments?post=3864"}],"version-history":[{"count":5,"href":"https:\/\/cleangrad.si\/de\/wp-json\/wp\/v2\/pages\/3864\/revisions"}],"predecessor-version":[{"id":3879,"href":"https:\/\/cleangrad.si\/de\/wp-json\/wp\/v2\/pages\/3864\/revisions\/3879"}],"up":[{"embeddable":true,"href":"https:\/\/cleangrad.si\/de\/wp-json\/wp\/v2\/pages\/3843"}],"wp:attachment":[{"href":"https:\/\/cleangrad.si\/de\/wp-json\/wp\/v2\/media?parent=3864"}],"curies":[{"name":"wp","href":"https:\/\/api.w.org\/{rel}","templated":true}]}}