{"id":3861,"date":"2026-01-11T11:27:09","date_gmt":"2026-01-11T10:27:09","guid":{"rendered":"https:\/\/cleangrad.si\/izdelki-in-storitve\/vrata-in-interlock-sistemi-za-ciste-prostore\/drsna-vrata-za-ciste-prostore\/"},"modified":"2026-02-18T19:37:17","modified_gmt":"2026-02-18T18:37:17","slug":"schiebeturen-fur-reinraume","status":"publish","type":"page","link":"https:\/\/cleangrad.si\/de\/produkte-und-dienstleistungen\/turen-und-interlock-systeme-fur-reinraume\/schiebeturen-fur-reinraume\/","title":{"rendered":"Schiebet\u00fcren f\u00fcr Reinr\u00e4ume"},"content":{"rendered":"<div class=\"wpb-content-wrapper\"><p>[vc_row][vc_column width=&#8220;1\/2&#8243;][vc_single_image image=&#8220;3862&#8243; img_size=&#8220;full&#8220; onclick=&#8220;zoom&#8220; css=&#8220;&#8220; css_params=&#8220;&#8220; label=&#8220;&#8220;][\/vc_column][vc_column width=&#8220;1\/2&#8243;][vc_column_text css=&#8220;&#8220; css_params=&#8220;&#8220;]<span style=\"color: #000000;\">Das Cleangrad-Reinraumsystem erm\u00f6glicht den Einbau verschiedener Arten von Schiebet\u00fcren. Bei der Lieferung von Schiebet\u00fcren arbeiten wir mit mehreren Lieferanten zusammen, die auch Service und Wartung gew\u00e4hrleisten, w\u00e4hrend wir in unserer eigenen Produktion die anspruchsvollsten Schiebet\u00fcren herstellen, die f\u00fcr Reinheitsklassen B bestimmt sind. Alle Schiebet\u00fcren sind in verschiedenen Oberfl\u00e4chen erh\u00e4ltlich \u2013 Aluminium, HPL, Edelstahl \u2013 mit verschiedenen Verglasungsarten, automatisch oder manuell \u2013 und mit den entsprechenden Zertifikaten.<\/span><\/p>\n<p><span style=\"color: #000000;\">Hermetische Schiebet\u00fcren Cleangrad C-HSD-ALU mit Automatik, entwickelt in unserem Unternehmen, erf\u00fcllen vollst\u00e4ndig die GMP-Anforderungen f\u00fcr Reinr\u00e4ume der Klasse B und C.<\/span><br \/>\n<span style=\"color: #000000;\">Sie sind so konzipiert, dass sie zu allen Wandsystemen auf dem Markt passen und mit jedem Bodenbelag vollst\u00e4ndig b\u00fcndig sind. Ohne Bodenschienen und ohne freiliegende bewegliche Teile, jedoch ausgestattet mit einer F\u00fchrungsschiene mit Partikelf\u00e4ngern und einer Steuereinheit im Technikraum, erm\u00f6glichen sie eine schnelle und einfache Wartung, ohne Eingriffe in den eigentlichen Reinraum.<\/span><\/p>\n<\/p>\n<p><span style=\"color: #000000;\">F\u00fcr das h\u00f6chste Ma\u00df an Sicherheit und Konformit\u00e4t wurden die T\u00fcren von den Instituten ZAG und SIQ zertifiziert.<\/span>[\/vc_column_text][\/vc_column][\/vc_row]<\/p>\n<\/div>","protected":false},"excerpt":{"rendered":"<p>[vc_row][vc_column width=&#8220;1\/2&#8243;][vc_single_image image=&#8220;3862&#8243; img_size=&#8220;full&#8220; onclick=&#8220;zoom&#8220; css=&#8220;&#8220; css_params=&#8220;&#8220; label=&#8220;&#8220;][\/vc_column][vc_column width=&#8220;1\/2&#8243;][vc_column_text css=&#8220;&#8220; css_params=&#8220;&#8220;]Das Cleangrad-Reinraumsystem erm\u00f6glicht den Einbau verschiedener Arten von Schiebet\u00fcren. Bei der Lieferung von Schiebet\u00fcren arbeiten wir mit mehreren Lieferanten zusammen, die auch Service und Wartung gew\u00e4hrleisten, w\u00e4hrend wir in unserer eigenen Produktion die anspruchsvollsten Schiebet\u00fcren herstellen, die f\u00fcr Reinheitsklassen B bestimmt sind. Alle Schiebet\u00fcren sind [&hellip;]<\/p>\n","protected":false},"author":1,"featured_media":0,"parent":3843,"menu_order":0,"comment_status":"closed","ping_status":"closed","template":"","meta":{"footnotes":""},"class_list":["post-3861","page","type-page","status-publish","hentry"],"aioseo_notices":[],"_links":{"self":[{"href":"https:\/\/cleangrad.si\/de\/wp-json\/wp\/v2\/pages\/3861","targetHints":{"allow":["GET"]}}],"collection":[{"href":"https:\/\/cleangrad.si\/de\/wp-json\/wp\/v2\/pages"}],"about":[{"href":"https:\/\/cleangrad.si\/de\/wp-json\/wp\/v2\/types\/page"}],"author":[{"embeddable":true,"href":"https:\/\/cleangrad.si\/de\/wp-json\/wp\/v2\/users\/1"}],"replies":[{"embeddable":true,"href":"https:\/\/cleangrad.si\/de\/wp-json\/wp\/v2\/comments?post=3861"}],"version-history":[{"count":5,"href":"https:\/\/cleangrad.si\/de\/wp-json\/wp\/v2\/pages\/3861\/revisions"}],"predecessor-version":[{"id":3872,"href":"https:\/\/cleangrad.si\/de\/wp-json\/wp\/v2\/pages\/3861\/revisions\/3872"}],"up":[{"embeddable":true,"href":"https:\/\/cleangrad.si\/de\/wp-json\/wp\/v2\/pages\/3843"}],"wp:attachment":[{"href":"https:\/\/cleangrad.si\/de\/wp-json\/wp\/v2\/media?parent=3861"}],"curies":[{"name":"wp","href":"https:\/\/api.w.org\/{rel}","templated":true}]}}