{"id":3843,"date":"2026-01-01T14:10:31","date_gmt":"2026-01-01T13:10:31","guid":{"rendered":"https:\/\/cleangrad.si\/izdelki-in-storitve\/vrata-in-interlock-sistemi-za-ciste-prostore\/"},"modified":"2026-02-18T19:35:41","modified_gmt":"2026-02-18T18:35:41","slug":"turen-und-interlock-systeme-fur-reinraume","status":"publish","type":"page","link":"https:\/\/cleangrad.si\/de\/produkte-und-dienstleistungen\/turen-und-interlock-systeme-fur-reinraume\/","title":{"rendered":"T\u00fcren und Interlock-Systeme f\u00fcr Reinr\u00e4ume"},"content":{"rendered":"<div class=\"wpb-content-wrapper\"><p>[vc_row][vc_column width=&#8220;1\/3&#8243;][vc_single_image image=&#8220;3849&#8243; img_size=&#8220;full&#8220; onclick=&#8220;zoom&#8220; css=&#8220;&#8220; css_params=&#8220;&#8220; label=&#8220;&#8220;][\/vc_column][vc_column width=&#8220;2\/3&#8243;][vc_column_text css=&#8220;&#8220; css_params=&#8220;&#8220;]<span style=\"color: #000000;\"><strong><span style=\"font-size: 18px;\">F\u00fcr die vollst\u00e4ndige Integrit\u00e4t des Reinraumsystems bieten wir eine breite Palette verschiedener T\u00fcren f\u00fcr h\u00f6here und niedrigere Reinheitsklassen an. Diese sind:<\/span><\/strong><\/span>[\/vc_column_text][vc_column_text css=&#8220;&#8220; css_params=&#8220;&#8220;]<span style=\"color: #2e8fd6;\"><a style=\"color: #2e8fd6;\" href=\"https:\/\/cleangrad.si\/izdelki-in-storitve\/vrata-in-interlock-sistemi-za-ciste-prostore\/krilna-vrata-za-ciste-prostore\/\"><strong>FL\u00dcGELT\u00dcREN F\u00dcR REINR\u00c4UME<\/strong><\/a><\/span><br \/>\n<span style=\"color: #2e8fd6;\"><a style=\"color: #2e8fd6;\" href=\"https:\/\/cleangrad.si\/izdelki-in-storitve\/vrata-in-interlock-sistemi-za-ciste-prostore\/vrata-z-napihljivim-tesnilom\/\"><strong>T\u00dcREN MIT AUFBLASBAREN DICHTUNGEN<\/strong><\/a><\/span><br \/>\n<span style=\"color: #2e8fd6;\"><a style=\"color: #2e8fd6;\" href=\"https:\/\/cleangrad.si\/izdelki-in-storitve\/vrata-in-interlock-sistemi-za-ciste-prostore\/drsna-vrata-za-ciste-prostore\/\"><strong>SCHIEBET\u00dcREN F\u00dcR REINR\u00c4UME<\/strong><\/a><\/span><br \/>\n<span style=\"color: #2e8fd6;\"><a style=\"color: #2e8fd6;\" href=\"https:\/\/cleangrad.si\/izdelki-in-storitve\/vrata-in-interlock-sistemi-za-ciste-prostore\/rolo-vrata-in-vrtljiva-vrata\/\"><strong>ROLL- UND DREHT\u00dcREN<\/strong><\/a><\/span><br \/>\n<span style=\"color: #2e8fd6;\"><a style=\"color: #2e8fd6;\" href=\"https:\/\/cleangrad.si\/izdelki-in-storitve\/vrata-in-interlock-sistemi-za-ciste-prostore\/interlock-sistemi-za-ciste-prostore\/\"><strong>INTERLOCK-SYSTEME F\u00dcR REINR\u00c4UME<\/strong><\/a><\/span>[\/vc_column_text][\/vc_column][\/vc_row]<\/p>\n<\/div>","protected":false},"excerpt":{"rendered":"<p>[vc_row][vc_column width=&#8220;1\/3&#8243;][vc_single_image image=&#8220;3849&#8243; img_size=&#8220;full&#8220; onclick=&#8220;zoom&#8220; css=&#8220;&#8220; css_params=&#8220;&#8220; label=&#8220;&#8220;][\/vc_column][vc_column width=&#8220;2\/3&#8243;][vc_column_text css=&#8220;&#8220; css_params=&#8220;&#8220;]F\u00fcr die vollst\u00e4ndige Integrit\u00e4t des Reinraumsystems bieten wir eine breite Palette verschiedener T\u00fcren f\u00fcr h\u00f6here und niedrigere Reinheitsklassen an. Diese sind:[\/vc_column_text][vc_column_text css=&#8220;&#8220; css_params=&#8220;&#8220;]FL\u00dcGELT\u00dcREN F\u00dcR REINR\u00c4UME T\u00dcREN MIT AUFBLASBAREN DICHTUNGEN SCHIEBET\u00dcREN F\u00dcR REINR\u00c4UME ROLL- UND DREHT\u00dcREN INTERLOCK-SYSTEME F\u00dcR REINR\u00c4UME[\/vc_column_text][\/vc_column][\/vc_row]<\/p>\n","protected":false},"author":1,"featured_media":0,"parent":3467,"menu_order":0,"comment_status":"closed","ping_status":"closed","template":"","meta":{"footnotes":""},"class_list":["post-3843","page","type-page","status-publish","hentry"],"aioseo_notices":[],"_links":{"self":[{"href":"https:\/\/cleangrad.si\/de\/wp-json\/wp\/v2\/pages\/3843","targetHints":{"allow":["GET"]}}],"collection":[{"href":"https:\/\/cleangrad.si\/de\/wp-json\/wp\/v2\/pages"}],"about":[{"href":"https:\/\/cleangrad.si\/de\/wp-json\/wp\/v2\/types\/page"}],"author":[{"embeddable":true,"href":"https:\/\/cleangrad.si\/de\/wp-json\/wp\/v2\/users\/1"}],"replies":[{"embeddable":true,"href":"https:\/\/cleangrad.si\/de\/wp-json\/wp\/v2\/comments?post=3843"}],"version-history":[{"count":5,"href":"https:\/\/cleangrad.si\/de\/wp-json\/wp\/v2\/pages\/3843\/revisions"}],"predecessor-version":[{"id":3859,"href":"https:\/\/cleangrad.si\/de\/wp-json\/wp\/v2\/pages\/3843\/revisions\/3859"}],"up":[{"embeddable":true,"href":"https:\/\/cleangrad.si\/de\/wp-json\/wp\/v2\/pages\/3467"}],"wp:attachment":[{"href":"https:\/\/cleangrad.si\/de\/wp-json\/wp\/v2\/media?parent=3843"}],"curies":[{"name":"wp","href":"https:\/\/api.w.org\/{rel}","templated":true}]}}