{"id":3831,"date":"2026-01-06T16:47:56","date_gmt":"2026-01-06T15:47:56","guid":{"rendered":"https:\/\/cleangrad.si\/izdelki-in-storitve\/stropovi-za-ciste-prostore\/pozarni-panelni-strop\/"},"modified":"2026-02-18T19:33:28","modified_gmt":"2026-02-18T18:33:28","slug":"feuerfeste-paneeldecke","status":"publish","type":"page","link":"https:\/\/cleangrad.si\/de\/produkte-und-dienstleistungen\/decken-fur-reinraume\/feuerfeste-paneeldecke\/","title":{"rendered":"Feuerfeste Paneeldecke"},"content":{"rendered":"<div class=\"wpb-content-wrapper\"><p>[vc_row][vc_column width=&#8220;1\/3&#8243;][vc_single_image image=&#8220;3835&#8243; img_size=&#8220;full&#8220; onclick=&#8220;zoom&#8220; css=&#8220;&#8220; css_params=&#8220;&#8220; label=&#8220;&#8220;][\/vc_column][vc_column width=&#8220;2\/3&#8243;][vc_column_text css=&#8220;&#8220; css_params=&#8220;&#8220;]<span style=\"color: #000000;\"><strong>Feuerfeste Paneeldecke R60<\/strong><\/span><br \/>\n<span style=\"color: #000000;\">Brandschutz ist ein wichtiger Aspekt jeder Decke, insbesondere in regulierten Umgebungen. Unsere feuerfeste Decke erf\u00fcllt auch die strengsten Anforderungen.<\/span><br \/>\n<span style=\"color: #000000;\">Die feuerfeste Decke f\u00fcr Reinr\u00e4ume R60 wurde entwickelt, um horizontalen Brandschutz in regulierten Umgebungen zu gew\u00e4hrleisten. Die komplexe Struktur regulierter Umgebungen erfordert die Installation verschiedener Einrichtungen in der technischen Etage der Reinraumdecke. Die feuerfeste Decke C-C-R60 bietet Sicherheit von unten \u2013 wenn es also im Reinraum brennt, sch\u00fctzt sie die Installationen in der technischen Etage vor Feuer. Die Decke f\u00fcr Reinr\u00e4ume C-C-R60 ist selbsttragend mit 150 kg\/m2 und erm\u00f6glicht so einen sicheren Zugang zu den Installationen in der technischen Etage.<\/span>[\/vc_column_text][\/vc_column][\/vc_row]<\/p>\n<\/div>","protected":false},"excerpt":{"rendered":"<p>[vc_row][vc_column width=&#8220;1\/3&#8243;][vc_single_image image=&#8220;3835&#8243; img_size=&#8220;full&#8220; onclick=&#8220;zoom&#8220; css=&#8220;&#8220; css_params=&#8220;&#8220; label=&#8220;&#8220;][\/vc_column][vc_column width=&#8220;2\/3&#8243;][vc_column_text css=&#8220;&#8220; css_params=&#8220;&#8220;]Feuerfeste Paneeldecke R60 Brandschutz ist ein wichtiger Aspekt jeder Decke, insbesondere in regulierten Umgebungen. Unsere feuerfeste Decke erf\u00fcllt auch die strengsten Anforderungen. Die feuerfeste Decke f\u00fcr Reinr\u00e4ume R60 wurde entwickelt, um horizontalen Brandschutz in regulierten Umgebungen zu gew\u00e4hrleisten. Die komplexe Struktur regulierter Umgebungen erfordert die [&hellip;]<\/p>\n","protected":false},"author":1,"featured_media":0,"parent":3728,"menu_order":0,"comment_status":"closed","ping_status":"closed","template":"","meta":{"footnotes":""},"class_list":["post-3831","page","type-page","status-publish","hentry"],"aioseo_notices":[],"_links":{"self":[{"href":"https:\/\/cleangrad.si\/de\/wp-json\/wp\/v2\/pages\/3831","targetHints":{"allow":["GET"]}}],"collection":[{"href":"https:\/\/cleangrad.si\/de\/wp-json\/wp\/v2\/pages"}],"about":[{"href":"https:\/\/cleangrad.si\/de\/wp-json\/wp\/v2\/types\/page"}],"author":[{"embeddable":true,"href":"https:\/\/cleangrad.si\/de\/wp-json\/wp\/v2\/users\/1"}],"replies":[{"embeddable":true,"href":"https:\/\/cleangrad.si\/de\/wp-json\/wp\/v2\/comments?post=3831"}],"version-history":[{"count":5,"href":"https:\/\/cleangrad.si\/de\/wp-json\/wp\/v2\/pages\/3831\/revisions"}],"predecessor-version":[{"id":3842,"href":"https:\/\/cleangrad.si\/de\/wp-json\/wp\/v2\/pages\/3831\/revisions\/3842"}],"up":[{"embeddable":true,"href":"https:\/\/cleangrad.si\/de\/wp-json\/wp\/v2\/pages\/3728"}],"wp:attachment":[{"href":"https:\/\/cleangrad.si\/de\/wp-json\/wp\/v2\/media?parent=3831"}],"curies":[{"name":"wp","href":"https:\/\/api.w.org\/{rel}","templated":true}]}}