{"id":3819,"date":"2026-01-06T16:42:05","date_gmt":"2026-01-06T15:42:05","guid":{"rendered":"https:\/\/cleangrad.si\/izdelki-in-storitve\/stropovi-za-ciste-prostore\/pohodni-rastrski-strop\/"},"modified":"2026-02-18T19:33:12","modified_gmt":"2026-02-18T18:33:12","slug":"begehbare-rasterdecke","status":"publish","type":"page","link":"https:\/\/cleangrad.si\/de\/produkte-und-dienstleistungen\/decken-fur-reinraume\/begehbare-rasterdecke\/","title":{"rendered":"Begehbare Rasterdecke"},"content":{"rendered":"<div class=\"wpb-content-wrapper\"><p>[vc_row][vc_column width=&#8220;1\/3&#8243;][vc_single_image image=&#8220;3821&#8243; img_size=&#8220;full&#8220; onclick=&#8220;zoom&#8220; css=&#8220;&#8220; css_params=&#8220;&#8220; label=&#8220;&#8220;][\/vc_column][vc_column width=&#8220;2\/3&#8243;][vc_column_text css=&#8220;&#8220; css_params=&#8220;&#8220;]<span style=\"color: #000000;\"><strong>Begehbare Rasterdecke<\/strong><\/span><br \/>\n<span style=\"color: #000000;\">Die Begehbare Rasterdecke ist eine ausgezeichnete L\u00f6sung, wenn Sie mehr Flexibilit\u00e4t und Modularit\u00e4t in Reinr\u00e4umen w\u00fcnschen. Gro\u00dfe Spannweiten, hohe Tragf\u00e4higkeit und eine homogene Tragfl\u00e4che sind nur einige der Vorteile dieser Decke, die f\u00fcr den Wartungszugang genutzt werden kann. Ihr einfaches und systematisches Design erm\u00f6glicht eine schnelle und effiziente Montage.<\/span>[\/vc_column_text][\/vc_column][\/vc_row][vc_row][vc_column][\/vc_column][\/vc_row]<\/p>\n<\/div>","protected":false},"excerpt":{"rendered":"<p>[vc_row][vc_column width=&#8220;1\/3&#8243;][vc_single_image image=&#8220;3821&#8243; img_size=&#8220;full&#8220; onclick=&#8220;zoom&#8220; css=&#8220;&#8220; css_params=&#8220;&#8220; label=&#8220;&#8220;][\/vc_column][vc_column width=&#8220;2\/3&#8243;][vc_column_text css=&#8220;&#8220; css_params=&#8220;&#8220;]Begehbare Rasterdecke Die Begehbare Rasterdecke ist eine ausgezeichnete L\u00f6sung, wenn Sie mehr Flexibilit\u00e4t und Modularit\u00e4t in Reinr\u00e4umen w\u00fcnschen. Gro\u00dfe Spannweiten, hohe Tragf\u00e4higkeit und eine homogene Tragfl\u00e4che sind nur einige der Vorteile dieser Decke, die f\u00fcr den Wartungszugang genutzt werden kann. Ihr einfaches und systematisches Design [&hellip;]<\/p>\n","protected":false},"author":1,"featured_media":0,"parent":3728,"menu_order":0,"comment_status":"closed","ping_status":"closed","template":"","meta":{"footnotes":""},"class_list":["post-3819","page","type-page","status-publish","hentry"],"aioseo_notices":[],"_links":{"self":[{"href":"https:\/\/cleangrad.si\/de\/wp-json\/wp\/v2\/pages\/3819","targetHints":{"allow":["GET"]}}],"collection":[{"href":"https:\/\/cleangrad.si\/de\/wp-json\/wp\/v2\/pages"}],"about":[{"href":"https:\/\/cleangrad.si\/de\/wp-json\/wp\/v2\/types\/page"}],"author":[{"embeddable":true,"href":"https:\/\/cleangrad.si\/de\/wp-json\/wp\/v2\/users\/1"}],"replies":[{"embeddable":true,"href":"https:\/\/cleangrad.si\/de\/wp-json\/wp\/v2\/comments?post=3819"}],"version-history":[{"count":5,"href":"https:\/\/cleangrad.si\/de\/wp-json\/wp\/v2\/pages\/3819\/revisions"}],"predecessor-version":[{"id":3832,"href":"https:\/\/cleangrad.si\/de\/wp-json\/wp\/v2\/pages\/3819\/revisions\/3832"}],"up":[{"embeddable":true,"href":"https:\/\/cleangrad.si\/de\/wp-json\/wp\/v2\/pages\/3728"}],"wp:attachment":[{"href":"https:\/\/cleangrad.si\/de\/wp-json\/wp\/v2\/media?parent=3819"}],"curies":[{"name":"wp","href":"https:\/\/api.w.org\/{rel}","templated":true}]}}