{"id":3804,"date":"2026-01-06T16:42:00","date_gmt":"2026-01-06T15:42:00","guid":{"rendered":"https:\/\/cleangrad.si\/izdelki-in-storitve\/stropovi-za-ciste-prostore\/pohodni-panelni-strop\/"},"modified":"2026-02-18T19:32:57","modified_gmt":"2026-02-18T18:32:57","slug":"begehbare-paneeldecke","status":"publish","type":"page","link":"https:\/\/cleangrad.si\/de\/produkte-und-dienstleistungen\/decken-fur-reinraume\/begehbare-paneeldecke\/","title":{"rendered":"Begehbare Paneeldecke"},"content":{"rendered":"<div class=\"wpb-content-wrapper\"><p>[vc_row][vc_column width=&#8220;1\/2&#8243;][vc_single_image image=&#8220;3805&#8243; img_size=&#8220;full&#8220; onclick=&#8220;zoom&#8220; css=&#8220;&#8220; css_params=&#8220;&#8220;][\/vc_column][vc_column width=&#8220;1\/2&#8243;][vc_column_text css=&#8220;&#8220; css_params=&#8220;&#8220;]<span style=\"color: #000000;\">Die begehbare Paneeldecke erm\u00f6glicht die Installation zahlreicher Anlagen und ist f\u00fcr die Nutzung als Wartungsfl\u00e4che bei Grenzbelastungen von standardm\u00e4\u00dfig 150 kg\/m2 bis 350 kg\/m2 konzipiert. Die begehbare Paneeldecke besteht aus ma\u00dfgefertigten Paneelen mit einer Dicke von 52 mm (oder 102 mm), die aus Aluminiumrahmen f\u00fcr gr\u00f6\u00dfere Festigkeit gebaut sind, mit einer abschlie\u00dfenden Schicht aus pulverbeschichtetem 1,2 mm dickem Aluminiumblech und einer F\u00fcllung aus Steinwolle oder Aluminiumwaben. Alle \u00d6ffnungen f\u00fcr Installationen sind bereits vorgefertigt und speziell verst\u00e4rkt.<\/span>[\/vc_column_text][\/vc_column][\/vc_row]<\/p>\n<\/div>","protected":false},"excerpt":{"rendered":"<p>[vc_row][vc_column width=&#8220;1\/2&#8243;][vc_single_image image=&#8220;3805&#8243; img_size=&#8220;full&#8220; onclick=&#8220;zoom&#8220; css=&#8220;&#8220; css_params=&#8220;&#8220;][\/vc_column][vc_column width=&#8220;1\/2&#8243;][vc_column_text css=&#8220;&#8220; css_params=&#8220;&#8220;]Die begehbare Paneeldecke erm\u00f6glicht die Installation zahlreicher Anlagen und ist f\u00fcr die Nutzung als Wartungsfl\u00e4che bei Grenzbelastungen von standardm\u00e4\u00dfig 150 kg\/m2 bis 350 kg\/m2 konzipiert. Die begehbare Paneeldecke besteht aus ma\u00dfgefertigten Paneelen mit einer Dicke von 52 mm (oder 102 mm), die aus Aluminiumrahmen f\u00fcr gr\u00f6\u00dfere [&hellip;]<\/p>\n","protected":false},"author":1,"featured_media":0,"parent":3728,"menu_order":0,"comment_status":"closed","ping_status":"closed","template":"","meta":{"footnotes":""},"class_list":["post-3804","page","type-page","status-publish","hentry"],"aioseo_notices":[],"_links":{"self":[{"href":"https:\/\/cleangrad.si\/de\/wp-json\/wp\/v2\/pages\/3804","targetHints":{"allow":["GET"]}}],"collection":[{"href":"https:\/\/cleangrad.si\/de\/wp-json\/wp\/v2\/pages"}],"about":[{"href":"https:\/\/cleangrad.si\/de\/wp-json\/wp\/v2\/types\/page"}],"author":[{"embeddable":true,"href":"https:\/\/cleangrad.si\/de\/wp-json\/wp\/v2\/users\/1"}],"replies":[{"embeddable":true,"href":"https:\/\/cleangrad.si\/de\/wp-json\/wp\/v2\/comments?post=3804"}],"version-history":[{"count":5,"href":"https:\/\/cleangrad.si\/de\/wp-json\/wp\/v2\/pages\/3804\/revisions"}],"predecessor-version":[{"id":3823,"href":"https:\/\/cleangrad.si\/de\/wp-json\/wp\/v2\/pages\/3804\/revisions\/3823"}],"up":[{"embeddable":true,"href":"https:\/\/cleangrad.si\/de\/wp-json\/wp\/v2\/pages\/3728"}],"wp:attachment":[{"href":"https:\/\/cleangrad.si\/de\/wp-json\/wp\/v2\/media?parent=3804"}],"curies":[{"name":"wp","href":"https:\/\/api.w.org\/{rel}","templated":true}]}}