{"id":3745,"date":"2026-01-06T16:20:28","date_gmt":"2026-01-06T15:20:28","guid":{"rendered":"https:\/\/cleangrad.si\/izdelki-in-storitve\/stene-za-ciste-prostore\/stenske-obloge\/"},"modified":"2026-02-18T19:40:26","modified_gmt":"2026-02-18T18:40:26","slug":"wandverkleidungen","status":"publish","type":"page","link":"https:\/\/cleangrad.si\/de\/produkte-und-dienstleistungen\/wand-fur-reinraume\/wandverkleidungen\/","title":{"rendered":"Wandverkleidungen"},"content":{"rendered":"<div class=\"wpb-content-wrapper\"><p>[vc_row][vc_column width=&#8220;1\/2&#8243;][vc_single_image image=&#8220;3747&#8243; img_size=&#8220;full&#8220; onclick=&#8220;zoom&#8220; css=&#8220;&#8220; css_params=&#8220;&#8220; label=&#8220;&#8220;][\/vc_column][vc_column width=&#8220;1\/2&#8243;][vc_column_text css=&#8220;&#8220; css_params=&#8220;&#8220;]<span style=\"color: #000000;\"><strong>Wandverkleidungen<\/strong><\/span><br \/>\n<span style=\"color: #000000;\">Wandverkleidungen f\u00fcr Reinr\u00e4ume sind eine kosteng\u00fcnstige L\u00f6sung f\u00fcr R\u00e4ume mit bestehenden gemauerten W\u00e4nden oder Gipskartonw\u00e4nden. Mit einer speziellen Unterkonstruktion werden Wandverkleidungen an den bestehenden W\u00e4nden montiert, sodass sie im Endeffekt wie Trennw\u00e4nde aussehen.<\/span><\/p>\n<p><span style=\"color: #000000;\">Vorteile:<\/span><\/p>\n<ul>\n<li><span style=\"color: #000000;\">ma\u00dfgeschneiderte Ausf\u00fchrung,<\/span><\/li>\n<li><span style=\"color: #000000;\">ALU-, HPL-, Edelstahloberfl\u00e4chen,<\/span><\/li>\n<li><span style=\"color: #000000;\">Platzersparnis (direkt an der bestehenden Wand montiert),<\/span><\/li>\n<li><span style=\"color: #000000;\">M\u00f6glichkeit der Installation von Verkleidungen,<\/span><\/li>\n<li><span style=\"color: #000000;\">hervorragendes Preis-Leistungs-Verh\u00e4ltnis.<\/span><\/li>\n<\/ul>\n<p>[\/vc_column_text][\/vc_column][\/vc_row]<\/p>\n<\/div>","protected":false},"excerpt":{"rendered":"<p>[vc_row][vc_column width=&#8220;1\/2&#8243;][vc_single_image image=&#8220;3747&#8243; img_size=&#8220;full&#8220; onclick=&#8220;zoom&#8220; css=&#8220;&#8220; css_params=&#8220;&#8220; label=&#8220;&#8220;][\/vc_column][vc_column width=&#8220;1\/2&#8243;][vc_column_text css=&#8220;&#8220; css_params=&#8220;&#8220;]Wandverkleidungen Wandverkleidungen f\u00fcr Reinr\u00e4ume sind eine kosteng\u00fcnstige L\u00f6sung f\u00fcr R\u00e4ume mit bestehenden gemauerten W\u00e4nden oder Gipskartonw\u00e4nden. Mit einer speziellen Unterkonstruktion werden Wandverkleidungen an den bestehenden W\u00e4nden montiert, sodass sie im Endeffekt wie Trennw\u00e4nde aussehen. Vorteile: ma\u00dfgeschneiderte Ausf\u00fchrung, ALU-, HPL-, Edelstahloberfl\u00e4chen, Platzersparnis (direkt an der bestehenden [&hellip;]<\/p>\n","protected":false},"author":1,"featured_media":0,"parent":3641,"menu_order":0,"comment_status":"closed","ping_status":"closed","template":"","meta":{"footnotes":""},"class_list":["post-3745","page","type-page","status-publish","hentry"],"aioseo_notices":[],"_links":{"self":[{"href":"https:\/\/cleangrad.si\/de\/wp-json\/wp\/v2\/pages\/3745","targetHints":{"allow":["GET"]}}],"collection":[{"href":"https:\/\/cleangrad.si\/de\/wp-json\/wp\/v2\/pages"}],"about":[{"href":"https:\/\/cleangrad.si\/de\/wp-json\/wp\/v2\/types\/page"}],"author":[{"embeddable":true,"href":"https:\/\/cleangrad.si\/de\/wp-json\/wp\/v2\/users\/1"}],"replies":[{"embeddable":true,"href":"https:\/\/cleangrad.si\/de\/wp-json\/wp\/v2\/comments?post=3745"}],"version-history":[{"count":5,"href":"https:\/\/cleangrad.si\/de\/wp-json\/wp\/v2\/pages\/3745\/revisions"}],"predecessor-version":[{"id":3752,"href":"https:\/\/cleangrad.si\/de\/wp-json\/wp\/v2\/pages\/3745\/revisions\/3752"}],"up":[{"embeddable":true,"href":"https:\/\/cleangrad.si\/de\/wp-json\/wp\/v2\/pages\/3641"}],"wp:attachment":[{"href":"https:\/\/cleangrad.si\/de\/wp-json\/wp\/v2\/media?parent=3745"}],"curies":[{"name":"wp","href":"https:\/\/api.w.org\/{rel}","templated":true}]}}