{"id":3728,"date":"2026-01-01T13:50:15","date_gmt":"2026-01-01T12:50:15","guid":{"rendered":"https:\/\/cleangrad.si\/izdelki-in-storitve\/stropovi-za-ciste-prostore\/"},"modified":"2026-02-18T19:32:38","modified_gmt":"2026-02-18T18:32:38","slug":"decken-fur-reinraume","status":"publish","type":"page","link":"https:\/\/cleangrad.si\/de\/produkte-und-dienstleistungen\/decken-fur-reinraume\/","title":{"rendered":"Decken f\u00fcr Reinr\u00e4ume"},"content":{"rendered":"<div class=\"wpb-content-wrapper\"><p>[vc_row][vc_column width=&#8220;1\/3&#8243;][vc_single_image image=&#8220;3732&#8243; img_size=&#8220;full&#8220; onclick=&#8220;zoom&#8220; css=&#8220;&#8220; css_params=&#8220;&#8220;][\/vc_column][vc_column width=&#8220;2\/3&#8243;][vc_column_text css=&#8220;&#8220; css_params=&#8220;&#8220;]<span style=\"color: #000000;\">Cleangrads Decken f\u00fcr Reinr\u00e4ume sind f\u00fcr alle Zonen gem\u00e4\u00df Reinheitsklassifikation geeignet und somit in der Pharmazie, im Gesundheitswesen, in der Mikrobiologie, in der Lebensmittel- und Nuklearindustrie, in der Nanotechnologie, Mikroelektronik und in Forschungsinstituten einsetzbar. Cleangrads Decken f\u00fcr Reinr\u00e4ume zeichnen sich durch hohe Tragf\u00e4higkeit, Best\u00e4ndigkeit gegen verschiedene Chemikalien (sie sind auch gegen den h\u00e4ufigen Einsatz von Wasserstoffperoxid best\u00e4ndig), Luftdichtheit sowie einfache und schnelle Montage aus. Die Paneeldecken sind auf ihre Tragf\u00e4higkeit bzw. Begehbarkeit, Zug-, Scher- und Biegefestigkeit gepr\u00fcft. Paneeldecken f\u00fcr Reinr\u00e4ume bestehen ausschlie\u00dflich aus rostfreien Materialien, was bedeutet, dass es \u00fcber ihre lange Lebensdauer hinweg keine Gefahr von Rostbildung gibt.<\/span><\/p>\n<\/p>\n<p><span style=\"color: #000000;\">Je nach Ihren Bed\u00fcrfnissen k\u00f6nnen Sie zwischen verschiedenen Deckentypen f\u00fcr Reinr\u00e4ume w\u00e4hlen. F\u00fcr alle Arten von Decken gibt es eine breite Palette an verf\u00fcgbarer Ausr\u00fcstung und Installationsmethoden, wie z. B. Lichter, Gitter, Revisionsklappen.<\/span>[\/vc_column_text][\/vc_column][\/vc_row][vc_row][vc_column][vc_column_text css=&#8220;&#8220; css_params=&#8220;&#8220;]<\/p>\n<ul>\n<li><span style=\"color: #2e8fd6;\"><a style=\"color: #2e8fd6;\" href=\"https:\/\/cleangrad.si\/izdelki-in-storitve\/stropovi-za-ciste-prostore\/pohodni-panelni-strop\/\"><strong>Begehbare Paneeldecke<\/strong><\/a><\/span><\/li>\n<li><span style=\"color: #2e8fd6;\"><a style=\"color: #2e8fd6;\" href=\"https:\/\/cleangrad.si\/izdelki-in-storitve\/stropovi-za-ciste-prostore\/pohodni-rastrski-strop\/\"><strong>Begehbare Rasterdecke<\/strong><\/a><\/span><\/li>\n<li><span style=\"color: #2e8fd6;\"><a style=\"color: #2e8fd6;\" href=\"https:\/\/cleangrad.si\/izdelki-in-storitve\/stropovi-za-ciste-prostore\/nepohodni-panelni-strop\/\"><strong>Nicht begehbare Paneeldecke<\/strong><\/a><\/span><\/li>\n<li><span style=\"color: #2e8fd6;\"><a style=\"color: #2e8fd6;\" href=\"https:\/\/cleangrad.si\/izdelki-in-storitve\/stropovi-za-ciste-prostore\/nepohodni-rastrski-strop\/\"><strong>Nicht begehbare Rasterdecke<\/strong><\/a><\/span><\/li>\n<li><span style=\"color: #2e8fd6;\"><a style=\"color: #2e8fd6;\" href=\"https:\/\/cleangrad.si\/izdelki-in-storitve\/stropovi-za-ciste-prostore\/pozarni-panelni-strop\/\"><strong>Feuerfeste Paneeldecke R60<\/strong><\/a><\/span><\/li>\n<\/ul>\n<p>[\/vc_column_text][\/vc_column][\/vc_row]<\/p>\n<\/div>","protected":false},"excerpt":{"rendered":"<p>[vc_row][vc_column width=&#8220;1\/3&#8243;][vc_single_image image=&#8220;3732&#8243; img_size=&#8220;full&#8220; onclick=&#8220;zoom&#8220; css=&#8220;&#8220; css_params=&#8220;&#8220;][\/vc_column][vc_column width=&#8220;2\/3&#8243;][vc_column_text css=&#8220;&#8220; css_params=&#8220;&#8220;]Cleangrads Decken f\u00fcr Reinr\u00e4ume sind f\u00fcr alle Zonen gem\u00e4\u00df Reinheitsklassifikation geeignet und somit in der Pharmazie, im Gesundheitswesen, in der Mikrobiologie, in der Lebensmittel- und Nuklearindustrie, in der Nanotechnologie, Mikroelektronik und in Forschungsinstituten einsetzbar. Cleangrads Decken f\u00fcr Reinr\u00e4ume zeichnen sich durch hohe Tragf\u00e4higkeit, Best\u00e4ndigkeit gegen verschiedene [&hellip;]<\/p>\n","protected":false},"author":1,"featured_media":0,"parent":3467,"menu_order":0,"comment_status":"closed","ping_status":"closed","template":"","meta":{"footnotes":""},"class_list":["post-3728","page","type-page","status-publish","hentry"],"aioseo_notices":[],"_links":{"self":[{"href":"https:\/\/cleangrad.si\/de\/wp-json\/wp\/v2\/pages\/3728","targetHints":{"allow":["GET"]}}],"collection":[{"href":"https:\/\/cleangrad.si\/de\/wp-json\/wp\/v2\/pages"}],"about":[{"href":"https:\/\/cleangrad.si\/de\/wp-json\/wp\/v2\/types\/page"}],"author":[{"embeddable":true,"href":"https:\/\/cleangrad.si\/de\/wp-json\/wp\/v2\/users\/1"}],"replies":[{"embeddable":true,"href":"https:\/\/cleangrad.si\/de\/wp-json\/wp\/v2\/comments?post=3728"}],"version-history":[{"count":5,"href":"https:\/\/cleangrad.si\/de\/wp-json\/wp\/v2\/pages\/3728\/revisions"}],"predecessor-version":[{"id":3737,"href":"https:\/\/cleangrad.si\/de\/wp-json\/wp\/v2\/pages\/3728\/revisions\/3737"}],"up":[{"embeddable":true,"href":"https:\/\/cleangrad.si\/de\/wp-json\/wp\/v2\/pages\/3467"}],"wp:attachment":[{"href":"https:\/\/cleangrad.si\/de\/wp-json\/wp\/v2\/media?parent=3728"}],"curies":[{"name":"wp","href":"https:\/\/api.w.org\/{rel}","templated":true}]}}