{"id":3713,"date":"2026-01-06T16:26:03","date_gmt":"2026-01-06T15:26:03","guid":{"rendered":"https:\/\/cleangrad.si\/izdelki-in-storitve\/stene-za-ciste-prostore\/trajnostne-predelne-stene-za-ciste-prostore\/"},"modified":"2026-02-18T19:39:12","modified_gmt":"2026-02-18T18:39:12","slug":"nachhaltige-trennwande-fur-reinraume","status":"publish","type":"page","link":"https:\/\/cleangrad.si\/de\/produkte-und-dienstleistungen\/wand-fur-reinraume\/nachhaltige-trennwande-fur-reinraume\/","title":{"rendered":"Nachhaltige Trennw\u00e4nde f\u00fcr Reinr\u00e4ume"},"content":{"rendered":"<div class=\"wpb-content-wrapper\"><p>[vc_row][vc_column width=&#8220;1\/2&#8243;][vc_single_image image=&#8220;3715&#8243; img_size=&#8220;full&#8220; onclick=&#8220;zoom&#8220; css=&#8220;&#8220; css_params=&#8220;&#8220; label=&#8220;&#8220;][\/vc_column][vc_column width=&#8220;1\/2&#8243;][vc_column_text css=&#8220;&#8220; css_params=&#8220;&#8220;]<span style=\"color: #000000;\"><strong>Nachhaltige Trennw\u00e4nde f\u00fcr Reinr\u00e4ume<\/strong><\/span><\/p>\n<p><span style=\"color: #000000;\">Unsere nachhaltigen Wandsysteme f\u00fcr Reinr\u00e4ume repr\u00e4sentieren eine neue Generation von L\u00f6sungen, die mit einem klaren Ziel entwickelt wurden: die hohen technischen Anforderungen von Reinr\u00e4umen mit einer reduzierten Umweltbelastung zu vereinen. Das System basiert auf bew\u00e4hrten Aluminiumkonstruktionen und modernen Materialien, die eine lange Lebensdauer und eine effiziente Ressourcennutzung erm\u00f6glichen.<\/span><\/p>\n<p><span style=\"color: #000000;\">Bei der Entwicklung haben wir besonderes Augenmerk auf den gesamten Lebenszyklus des Produkts gelegt \u2013 von der Materialauswahl bis zu den Produktionsprozessen. Durch die Verwendung von recycelbaren Materialien und einem innovativen Klebesystem mit einem hohen Anteil an Bestandteilen aus erneuerbaren Quellen erreichen wir einen geringeren CO2-Fu\u00dfabdruck im Vergleich zu herk\u00f6mmlichen L\u00f6sungen.<\/span><\/p>\n<\/p>\n<p><span style=\"color: #000000;\">Ein nachhaltiger Ansatz spiegelt sich auch in der optimierten Nutzung der Verpackung wider, da das System so konzipiert ist, dass es die Wiederverwendung von Verpackungseinheiten erm\u00f6glicht, was die Abfallmenge im Produktionsprozess weiter reduziert.<\/span>[\/vc_column_text][\/vc_column][\/vc_row][vc_row][vc_column][vc_column_text css=&#8220;&#8220; css_params=&#8220;&#8220;]<span style=\"color: #000000;\"><strong>Schl\u00fcsselvorteile der Nachhaltigkeit:<\/strong><\/span><\/p>\n<ul>\n<li><span style=\"color: #000000;\">Verwendung von Materialien mit langer Lebensdauer und Recyclingf\u00e4higkeit,<\/span><\/li>\n<li><span style=\"color: #000000;\">reduzierter CO2-Fu\u00dfabdruck durch optimierte Materialien und Prozesse,<\/span><\/li>\n<li><span style=\"color: #000000;\">Klebesystem mit hohem Anteil an Inhaltsstoffen aus erneuerbaren Quellen,<\/span><\/li>\n<li><span style=\"color: #000000;\">reduzierter Verpackungsverbrauch durch Wiederverwendung von Verpackungseinheiten,<\/span><\/li>\n<li><span style=\"color: #000000;\">Design, das an moderne Nachhaltigkeitsstandards in der Reinraumindustrie angepasst ist.<\/span><\/li>\n<\/ul>\n<p><span style=\"color: #000000;\">Trotz des Schwerpunkts auf Nachhaltigkeit erf\u00fcllen die Wandsysteme alle wesentlichen Anforderungen f\u00fcr den Einsatz in Reinr\u00e4umen, einschlie\u00dflich mechanischer Stabilit\u00e4t, glatter und leicht zu reinigender Oberfl\u00e4chen sowie Eignung f\u00fcr anspruchsvolle Industrieumgebungen.<\/span><\/p>\n<\/p>\n<p><span style=\"color: #000000;\">Die Entwicklung nachhaltiger Wandsysteme ist Teil unserer langfristigen Strategie f\u00fcr verantwortungsvolle Entwicklung, bei der Innovationen nicht nur auf Leistung, sondern auch auf die Reduzierung des \u00f6kologischen Fu\u00dfabdrucks zuk\u00fcnftiger Reinr\u00e4ume abzielen.<\/span>[\/vc_column_text][\/vc_column][\/vc_row]<\/p>\n<\/div>","protected":false},"excerpt":{"rendered":"<p>[vc_row][vc_column width=&#8220;1\/2&#8243;][vc_single_image image=&#8220;3715&#8243; img_size=&#8220;full&#8220; onclick=&#8220;zoom&#8220; css=&#8220;&#8220; css_params=&#8220;&#8220; label=&#8220;&#8220;][\/vc_column][vc_column width=&#8220;1\/2&#8243;][vc_column_text css=&#8220;&#8220; css_params=&#8220;&#8220;]Nachhaltige Trennw\u00e4nde f\u00fcr Reinr\u00e4ume Unsere nachhaltigen Wandsysteme f\u00fcr Reinr\u00e4ume repr\u00e4sentieren eine neue Generation von L\u00f6sungen, die mit einem klaren Ziel entwickelt wurden: die hohen technischen Anforderungen von Reinr\u00e4umen mit einer reduzierten Umweltbelastung zu vereinen. Das System basiert auf bew\u00e4hrten Aluminiumkonstruktionen und modernen Materialien, die eine [&hellip;]<\/p>\n","protected":false},"author":1,"featured_media":0,"parent":3641,"menu_order":0,"comment_status":"closed","ping_status":"closed","template":"","meta":{"footnotes":""},"class_list":["post-3713","page","type-page","status-publish","hentry"],"aioseo_notices":[],"_links":{"self":[{"href":"https:\/\/cleangrad.si\/de\/wp-json\/wp\/v2\/pages\/3713","targetHints":{"allow":["GET"]}}],"collection":[{"href":"https:\/\/cleangrad.si\/de\/wp-json\/wp\/v2\/pages"}],"about":[{"href":"https:\/\/cleangrad.si\/de\/wp-json\/wp\/v2\/types\/page"}],"author":[{"embeddable":true,"href":"https:\/\/cleangrad.si\/de\/wp-json\/wp\/v2\/users\/1"}],"replies":[{"embeddable":true,"href":"https:\/\/cleangrad.si\/de\/wp-json\/wp\/v2\/comments?post=3713"}],"version-history":[{"count":5,"href":"https:\/\/cleangrad.si\/de\/wp-json\/wp\/v2\/pages\/3713\/revisions"}],"predecessor-version":[{"id":3727,"href":"https:\/\/cleangrad.si\/de\/wp-json\/wp\/v2\/pages\/3713\/revisions\/3727"}],"up":[{"embeddable":true,"href":"https:\/\/cleangrad.si\/de\/wp-json\/wp\/v2\/pages\/3641"}],"wp:attachment":[{"href":"https:\/\/cleangrad.si\/de\/wp-json\/wp\/v2\/media?parent=3713"}],"curies":[{"name":"wp","href":"https:\/\/api.w.org\/{rel}","templated":true}]}}