{"id":3706,"date":"2026-01-06T15:55:15","date_gmt":"2026-01-06T14:55:15","guid":{"rendered":"https:\/\/cleangrad.si\/izdelki-in-storitve\/stene-za-ciste-prostore\/panelne-predelne-stene\/"},"modified":"2026-02-18T19:39:32","modified_gmt":"2026-02-18T18:39:32","slug":"trennwande-aus-paneelen","status":"publish","type":"page","link":"https:\/\/cleangrad.si\/de\/produkte-und-dienstleistungen\/wand-fur-reinraume\/trennwande-aus-paneelen\/","title":{"rendered":"Trennw\u00e4nde aus Paneelen"},"content":{"rendered":"<div class=\"wpb-content-wrapper\"><p>[vc_row][vc_column width=&#8220;1\/2&#8243;][vc_single_image image=&#8220;3708&#8243; img_size=&#8220;full&#8220; onclick=&#8220;zoom&#8220; css=&#8220;&#8220; css_params=&#8220;&#8220; label=&#8220;&#8220;][\/vc_column][vc_column width=&#8220;1\/2&#8243;][vc_column_text css=&#8220;&#8220; css_params=&#8220;&#8220;]<span style=\"color: #000000;\">Trennw\u00e4nde aus Paneelen mit einer Dicke von 52 mm oder 102 mm, gef\u00fcllt mit Steinwolle oder Aluminiumwaben im Rahmen und einer abschlie\u00dfenden Schicht aus 1,2 mm dickem Aluminiumblech, mit einer Farbbeschichtung bis zu 80 \u03bcm, sind besonders dort geeignet, wo Sie eine schnelle Projektausf\u00fchrung w\u00fcnschen. Die abschlie\u00dfende Schicht kann auch HPL oder eine rostfreie Oberfl\u00e4che sein, oder eine Kombination der genannten. Sie zeichnen sich durch folgende Eigenschaften aus:<\/span><\/p>\n<ul>\n<li><span style=\"color: #000000;\">eine hohe Flexibilit\u00e4t der Ausf\u00fchrung,<\/span><\/li>\n<li><span style=\"color: #000000;\">Ma\u00dfanfertigung (keine Standardgr\u00f6\u00dfen),<\/span><\/li>\n<li><span style=\"color: #000000;\">geschwei\u00dfter Aluminiumrahmen f\u00fcr optimale Stabilit\u00e4t,<\/span><\/li>\n<li><span style=\"color: #000000;\">au\u00dferordentlich schnelle Montage,<\/span><\/li>\n<li><span style=\"color: #000000;\">M\u00f6glichkeit der Demontage und erneuten Installation jederzeit w\u00e4hrend ihrer Lebensdauer.<\/span><\/li>\n<\/ul>\n<p>[\/vc_column_text][\/vc_column][\/vc_row]<\/p>\n<\/div>","protected":false},"excerpt":{"rendered":"<p>[vc_row][vc_column width=&#8220;1\/2&#8243;][vc_single_image image=&#8220;3708&#8243; img_size=&#8220;full&#8220; onclick=&#8220;zoom&#8220; css=&#8220;&#8220; css_params=&#8220;&#8220; label=&#8220;&#8220;][\/vc_column][vc_column width=&#8220;1\/2&#8243;][vc_column_text css=&#8220;&#8220; css_params=&#8220;&#8220;]Trennw\u00e4nde aus Paneelen mit einer Dicke von 52 mm oder 102 mm, gef\u00fcllt mit Steinwolle oder Aluminiumwaben im Rahmen und einer abschlie\u00dfenden Schicht aus 1,2 mm dickem Aluminiumblech, mit einer Farbbeschichtung bis zu 80 \u03bcm, sind besonders dort geeignet, wo Sie eine schnelle Projektausf\u00fchrung w\u00fcnschen. [&hellip;]<\/p>\n","protected":false},"author":1,"featured_media":0,"parent":3641,"menu_order":0,"comment_status":"closed","ping_status":"closed","template":"","meta":{"footnotes":""},"class_list":["post-3706","page","type-page","status-publish","hentry"],"aioseo_notices":[],"_links":{"self":[{"href":"https:\/\/cleangrad.si\/de\/wp-json\/wp\/v2\/pages\/3706","targetHints":{"allow":["GET"]}}],"collection":[{"href":"https:\/\/cleangrad.si\/de\/wp-json\/wp\/v2\/pages"}],"about":[{"href":"https:\/\/cleangrad.si\/de\/wp-json\/wp\/v2\/types\/page"}],"author":[{"embeddable":true,"href":"https:\/\/cleangrad.si\/de\/wp-json\/wp\/v2\/users\/1"}],"replies":[{"embeddable":true,"href":"https:\/\/cleangrad.si\/de\/wp-json\/wp\/v2\/comments?post=3706"}],"version-history":[{"count":5,"href":"https:\/\/cleangrad.si\/de\/wp-json\/wp\/v2\/pages\/3706\/revisions"}],"predecessor-version":[{"id":3724,"href":"https:\/\/cleangrad.si\/de\/wp-json\/wp\/v2\/pages\/3706\/revisions\/3724"}],"up":[{"embeddable":true,"href":"https:\/\/cleangrad.si\/de\/wp-json\/wp\/v2\/pages\/3641"}],"wp:attachment":[{"href":"https:\/\/cleangrad.si\/de\/wp-json\/wp\/v2\/media?parent=3706"}],"curies":[{"name":"wp","href":"https:\/\/api.w.org\/{rel}","templated":true}]}}