{"id":3703,"date":"2026-01-06T16:20:16","date_gmt":"2026-01-06T15:20:16","guid":{"rendered":"https:\/\/cleangrad.si\/izdelki-in-storitve\/stene-za-ciste-prostore\/predelne-stene-za-bsl-cone\/"},"modified":"2026-02-18T19:39:57","modified_gmt":"2026-02-18T18:39:57","slug":"trennwande-fur-bsl-bereiche","status":"publish","type":"page","link":"https:\/\/cleangrad.si\/de\/produkte-und-dienstleistungen\/wand-fur-reinraume\/trennwande-fur-bsl-bereiche\/","title":{"rendered":"Trennw\u00e4nde f\u00fcr BSL-Bereiche"},"content":{"rendered":"<div class=\"wpb-content-wrapper\"><p>[vc_row][vc_column width=&#8220;1\/2&#8243;][vc_single_image image=&#8220;3705&#8243; img_size=&#8220;full&#8220; onclick=&#8220;zoom&#8220; css=&#8220;&#8220; css_params=&#8220;&#8220; label=&#8220;&#8220;][\/vc_column][vc_column width=&#8220;1\/2&#8243;][vc_column_text css=&#8220;&#8220; css_params=&#8220;&#8220;]<span style=\"color: #000000;\"><strong>Trennw\u00e4nde f\u00fcr BSL-Bereiche<\/strong><\/span><br \/>\n<span style=\"color: #000000;\">BSL-Bereiche, besonders der Klassen 3 und 4, ben\u00f6tigen eine spezielle Ausf\u00fchrung, auch f\u00fcr die W\u00e4nde in Reinr\u00e4umen. Wir montieren Trennw\u00e4nde f\u00fcr BSL-Bereiche mithilfe eines speziellen Verfahrens, das eine zus\u00e4tzliche Abdichtung zwischen den Fugen erm\u00f6glicht.<\/span><br \/>\n<span style=\"color: #000000;\">Paneelw\u00e4nde f\u00fcr BSL-Bereiche sind f\u00fcr den Einsatz in Umgebungen mit den h\u00f6chsten Anforderungen an Sicherheit, Abdichtung und Kontaminationskontrolle konzipiert. Das System erm\u00f6glicht eine zuverl\u00e4ssige Trennung von R\u00e4umen und erf\u00fcllt die Anforderungen der biologischen Sicherheitsstufen in Forschungs-, Labor- und Industrieeinrichtungen.<\/span><br \/>\n<span style=\"color: #000000;\">Die L\u00f6sungen sind an das Projekt angepasst und erm\u00f6glichen eine genaue Integration mit anderen Elementen des Reinraums, wobei glatte, nahtlose Oberfl\u00e4chen gew\u00e4hrleistet sind, die f\u00fcr eine einfache Reinigung und Dekontamination geeignet sind.<\/span>[\/vc_column_text][\/vc_column][\/vc_row][vc_row][vc_column][\/vc_column][\/vc_row]<\/p>\n<\/div>","protected":false},"excerpt":{"rendered":"<p>[vc_row][vc_column width=&#8220;1\/2&#8243;][vc_single_image image=&#8220;3705&#8243; img_size=&#8220;full&#8220; onclick=&#8220;zoom&#8220; css=&#8220;&#8220; css_params=&#8220;&#8220; label=&#8220;&#8220;][\/vc_column][vc_column width=&#8220;1\/2&#8243;][vc_column_text css=&#8220;&#8220; css_params=&#8220;&#8220;]Trennw\u00e4nde f\u00fcr BSL-Bereiche BSL-Bereiche, besonders der Klassen 3 und 4, ben\u00f6tigen eine spezielle Ausf\u00fchrung, auch f\u00fcr die W\u00e4nde in Reinr\u00e4umen. Wir montieren Trennw\u00e4nde f\u00fcr BSL-Bereiche mithilfe eines speziellen Verfahrens, das eine zus\u00e4tzliche Abdichtung zwischen den Fugen erm\u00f6glicht. Paneelw\u00e4nde f\u00fcr BSL-Bereiche sind f\u00fcr den Einsatz in [&hellip;]<\/p>\n","protected":false},"author":1,"featured_media":0,"parent":3641,"menu_order":0,"comment_status":"closed","ping_status":"closed","template":"","meta":{"footnotes":""},"class_list":["post-3703","page","type-page","status-publish","hentry"],"aioseo_notices":[],"_links":{"self":[{"href":"https:\/\/cleangrad.si\/de\/wp-json\/wp\/v2\/pages\/3703","targetHints":{"allow":["GET"]}}],"collection":[{"href":"https:\/\/cleangrad.si\/de\/wp-json\/wp\/v2\/pages"}],"about":[{"href":"https:\/\/cleangrad.si\/de\/wp-json\/wp\/v2\/types\/page"}],"author":[{"embeddable":true,"href":"https:\/\/cleangrad.si\/de\/wp-json\/wp\/v2\/users\/1"}],"replies":[{"embeddable":true,"href":"https:\/\/cleangrad.si\/de\/wp-json\/wp\/v2\/comments?post=3703"}],"version-history":[{"count":5,"href":"https:\/\/cleangrad.si\/de\/wp-json\/wp\/v2\/pages\/3703\/revisions"}],"predecessor-version":[{"id":3720,"href":"https:\/\/cleangrad.si\/de\/wp-json\/wp\/v2\/pages\/3703\/revisions\/3720"}],"up":[{"embeddable":true,"href":"https:\/\/cleangrad.si\/de\/wp-json\/wp\/v2\/pages\/3641"}],"wp:attachment":[{"href":"https:\/\/cleangrad.si\/de\/wp-json\/wp\/v2\/media?parent=3703"}],"curies":[{"name":"wp","href":"https:\/\/api.w.org\/{rel}","templated":true}]}}