{"id":3679,"date":"2026-01-06T16:12:22","date_gmt":"2026-01-06T15:12:22","guid":{"rendered":"https:\/\/cleangrad.si\/izdelki-in-storitve\/stene-za-ciste-prostore\/steklene-stene-in-zasteklitve-v-predelnih-stenah\/"},"modified":"2026-02-18T19:38:39","modified_gmt":"2026-02-18T18:38:39","slug":"glaswande-und-verglasungen-in-trennwanden","status":"publish","type":"page","link":"https:\/\/cleangrad.si\/de\/produkte-und-dienstleistungen\/wand-fur-reinraume\/glaswande-und-verglasungen-in-trennwanden\/","title":{"rendered":"Glasw\u00e4nde und Verglasungen in Trennw\u00e4nden"},"content":{"rendered":"<div class=\"wpb-content-wrapper\"><p>[vc_row][vc_column width=&#8220;1\/2&#8243;][vc_single_image image=&#8220;3680&#8243; img_size=&#8220;full&#8220; onclick=&#8220;zoom&#8220; css=&#8220;&#8220; css_params=&#8220;&#8220;][\/vc_column][vc_column width=&#8220;1\/2&#8243;][vc_column_text css=&#8220;&#8220; css_params=&#8220;&#8220;]<span style=\"color: #000000;\"><strong>Glasw\u00e4nde und Verglasungen in Trennw\u00e4nden<\/strong><\/span><br \/>\n<span style=\"color: #000000;\">Glasw\u00e4nde mit Einfach- oder Isolierglas werden immer h\u00e4ufiger verwendet, da der Trend im Bauwesen in Richtung der Schaffung m\u00f6glichst optimaler Arbeitsbedingungen geht. Mit Glasw\u00e4nden oder Verglasungen in Trennw\u00e4nden bringen wir nat\u00fcrliches Licht in Reinr\u00e4ume und schaffen so eine helle Arbeitsumgebung, w\u00e4hrend wir dem Benutzer die Kontrolle \u00fcber die Prozesse erm\u00f6glichen, die im Reinraum ablaufen. Die Ausf\u00fchrung der Glasfl\u00e4chen erfolgt vollst\u00e4ndig nach Ihren W\u00fcnschen oder Anforderungen.<\/span><\/p>\n<p><span style=\"color: #000000;\">Unsere Glasw\u00e4nde f\u00fcr Reinr\u00e4ume erm\u00f6glichen Transparenz und Kontrolle der Prozesse, ohne die Anforderungen an Sauberkeit und Funktionalit\u00e4t des Raumes zu gef\u00e4hrden. Wir liefern verschiedene Arten von Glasw\u00e4nden und Verglasungen, die an die spezifischen Bed\u00fcrfnisse jedes Projekts angepasst sind.<\/span><\/p>\n<p><span style=\"color: #000000;\">L\u00f6sungen werden immer kundenspezifisch geplant und in die Trennw\u00e4nde integriert, sodass sie vollst\u00e4ndig b\u00fcndig mit der sauberen Wand sind, ohne Kanten und Unterbrechungen. Mit einer derartigen Installation werden glatte Fl\u00e4chen, eine einfache Reinigung und die Erf\u00fcllung der Anforderungen an Reinr\u00e4ume gew\u00e4hrleistet.<\/span><\/p>\n<\/p>\n<p><span style=\"color: #000000;\">Glasw\u00e4nde sind geeignet f\u00fcr verschiedene Industrien und Anwendungen, bei denen Transparenz und ein hohes Ma\u00df an Hygiene von entscheidender Bedeutung sind.<\/span>[\/vc_column_text][\/vc_column][\/vc_row][vc_row][vc_column][vc_column_text css=&#8220;&#8220; css_params=&#8220;&#8220;]<span style=\"color: #000000;\"><strong>GMP-BRANDSCHUTZFENSTER C-BOX-FRW-EI 60<\/strong><\/span><br \/>\n<span style=\"color: #000000;\">Das Bed\u00fcrfnis bestehender und neuer Kunden nach einem Brandschutzfenster, das den GMP-Anforderungen entspricht und in Trennw\u00e4nde von Reinr\u00e4umen, insbesondere in der pharmazeutischen Industrie, eingebaut werden kann, f\u00fchrte uns zur Entscheidung, das Brandschutzfenster C-box-FRW-EI 60 zu entwickeln. Einerseits wollten wir die gesetzlichen Anforderungen bei der Validierung und Qualifizierung von Reinr\u00e4umen sowie die Erlangung der Nutzungsbewilligung im Hinblick auf den Brandschutz erf\u00fcllen, andererseits die Bedingungen im Hinblick auf Arbeitssicherheit und Gesundheitsschutz sowie den Brandschutz der Besch\u00e4ftigten in der pharmazeutischen Industrie verbessern.<\/span><\/p>\n<p><span style=\"color: #000000;\">Die Ausf\u00fchrung des Fensters wird individuell an Ihre Anforderungen angepasst, da wir zwei m\u00f6gliche Ausf\u00fchrungen unterscheiden: ein GMP-Brandschutzfenster mit 60-min\u00fctiger Feuerwiderstandsf\u00e4higkeit, bei dem das Brandschutzglas auf beiden Seiten des Fensters eingebaut werden kann, oder ein GMP-Brandschutzfenster mit 30-min\u00fctiger Feuerwiderstandsf\u00e4higkeit, bei dem das Brandschutzglas einseitig eingebaut wird und auf der anderen Seite durch Verbundsicherheitsglas erg\u00e4nzt wird.<\/span><\/p>\n<\/p>\n<p><span style=\"color: #000000;\"><strong>Das GMP-Brandschutzfenster wurde auch vom Institut f\u00fcr Bauingenieurwesen Sloweniens getestet und zertifiziert.<\/strong><\/span>[\/vc_column_text][\/vc_column][\/vc_row]<\/p>\n<\/div>","protected":false},"excerpt":{"rendered":"<p>[vc_row][vc_column width=&#8220;1\/2&#8243;][vc_single_image image=&#8220;3680&#8243; img_size=&#8220;full&#8220; onclick=&#8220;zoom&#8220; css=&#8220;&#8220; css_params=&#8220;&#8220;][\/vc_column][vc_column width=&#8220;1\/2&#8243;][vc_column_text css=&#8220;&#8220; css_params=&#8220;&#8220;]Glasw\u00e4nde und Verglasungen in Trennw\u00e4nden Glasw\u00e4nde mit Einfach- oder Isolierglas werden immer h\u00e4ufiger verwendet, da der Trend im Bauwesen in Richtung der Schaffung m\u00f6glichst optimaler Arbeitsbedingungen geht. Mit Glasw\u00e4nden oder Verglasungen in Trennw\u00e4nden bringen wir nat\u00fcrliches Licht in Reinr\u00e4ume und schaffen so eine helle Arbeitsumgebung, w\u00e4hrend [&hellip;]<\/p>\n","protected":false},"author":1,"featured_media":0,"parent":3641,"menu_order":0,"comment_status":"closed","ping_status":"closed","template":"","meta":{"footnotes":""},"class_list":["post-3679","page","type-page","status-publish","hentry"],"aioseo_notices":[],"_links":{"self":[{"href":"https:\/\/cleangrad.si\/de\/wp-json\/wp\/v2\/pages\/3679","targetHints":{"allow":["GET"]}}],"collection":[{"href":"https:\/\/cleangrad.si\/de\/wp-json\/wp\/v2\/pages"}],"about":[{"href":"https:\/\/cleangrad.si\/de\/wp-json\/wp\/v2\/types\/page"}],"author":[{"embeddable":true,"href":"https:\/\/cleangrad.si\/de\/wp-json\/wp\/v2\/users\/1"}],"replies":[{"embeddable":true,"href":"https:\/\/cleangrad.si\/de\/wp-json\/wp\/v2\/comments?post=3679"}],"version-history":[{"count":5,"href":"https:\/\/cleangrad.si\/de\/wp-json\/wp\/v2\/pages\/3679\/revisions"}],"predecessor-version":[{"id":3691,"href":"https:\/\/cleangrad.si\/de\/wp-json\/wp\/v2\/pages\/3679\/revisions\/3691"}],"up":[{"embeddable":true,"href":"https:\/\/cleangrad.si\/de\/wp-json\/wp\/v2\/pages\/3641"}],"wp:attachment":[{"href":"https:\/\/cleangrad.si\/de\/wp-json\/wp\/v2\/media?parent=3679"}],"curies":[{"name":"wp","href":"https:\/\/api.w.org\/{rel}","templated":true}]}}