{"id":3668,"date":"2026-01-01T14:14:29","date_gmt":"2026-01-01T13:14:29","guid":{"rendered":"https:\/\/cleangrad.si\/izdelki-in-storitve\/razsvetljava-za-ciste-prostore\/"},"modified":"2026-02-18T19:32:20","modified_gmt":"2026-02-18T18:32:20","slug":"beleuchtung-fur-reinraume","status":"publish","type":"page","link":"https:\/\/cleangrad.si\/de\/produkte-und-dienstleistungen\/beleuchtung-fur-reinraume\/","title":{"rendered":"Beleuchtung f\u00fcr Reinr\u00e4ume"},"content":{"rendered":"<div class=\"wpb-content-wrapper\"><p>[vc_row][vc_column width=&#8220;1\/3&#8243;][vc_single_image image=&#8220;3671&#8243; img_size=&#8220;full&#8220; onclick=&#8220;zoom&#8220; css=&#8220;&#8220; label=&#8220;&#8220; css_params=&#8220;&#8220;][\/vc_column][vc_column width=&#8220;2\/3&#8243;][vc_column_text css=&#8220;&#8220; css_params=&#8220;&#8220;]<span style=\"color: #000000;\">Beleuchtung wird immer wichtiger f\u00fcr Wohlbefinden, Produktivit\u00e4t und mehr Vitalit\u00e4t. Die neue Cleangrad-Leuchte C-G-LIGHT-CDP G IP65 ist so gestaltet, dass sie in Reinr\u00e4umen eine gute Sichtbarkeit effektiv gew\u00e4hrleistet. Sie ist so konzipiert, dass sie eine einfachere Wartung erm\u00f6glicht, da der Service von oben und unten m\u00f6glich ist. Da ihre H\u00f6he nur 47 mm betr\u00e4gt, kann sie vollst\u00e4ndig in eine Cleangrad-Paneeldecke integriert werden, wodurch mehr Platz in den technischen Etagen und auch eine h\u00f6here Sicherheit gew\u00e4hrleistet wird. Die neuesten optischen und elektrischen Komponenten sind die Grundlage f\u00fcr perfekten Beleuchtungskomfort und eine gleichm\u00e4\u00dfige Lichtverteilung im Raum. Die Leuchte hat auf allen Seiten den Schutz IP 65 und kann daher in allen Reinheitszonen verwendet werden. Mit einer Lebensdauer von mindestens 50.000 Betriebsstunden und der M\u00f6glichkeit, die Beleuchtung mit einem geeigneten Steuerger\u00e4t und aus \u00dcberwachungssystemen zu steuern, ist sie sicherlich eine rationale Wahl. Die Leuchte ist vom Slowenischen Institut f\u00fcr Qualit\u00e4t und Metrologie (SIQ) zertifiziert und erf\u00fcllt alle aktuellen Standards und Vorschriften f\u00fcr den Einsatz in sehr sauberen R\u00e4umen, in denen eine einfache Reinigung und staubfreie Leuchten erforderlich sind.<\/span>[\/vc_column_text][\/vc_column][\/vc_row]<\/p>\n<\/div>","protected":false},"excerpt":{"rendered":"<p>[vc_row][vc_column width=&#8220;1\/3&#8243;][vc_single_image image=&#8220;3671&#8243; img_size=&#8220;full&#8220; onclick=&#8220;zoom&#8220; css=&#8220;&#8220; label=&#8220;&#8220; css_params=&#8220;&#8220;][\/vc_column][vc_column width=&#8220;2\/3&#8243;][vc_column_text css=&#8220;&#8220; css_params=&#8220;&#8220;]Beleuchtung wird immer wichtiger f\u00fcr Wohlbefinden, Produktivit\u00e4t und mehr Vitalit\u00e4t. Die neue Cleangrad-Leuchte C-G-LIGHT-CDP G IP65 ist so gestaltet, dass sie in Reinr\u00e4umen eine gute Sichtbarkeit effektiv gew\u00e4hrleistet. Sie ist so konzipiert, dass sie eine einfachere Wartung erm\u00f6glicht, da der Service von oben und unten [&hellip;]<\/p>\n","protected":false},"author":1,"featured_media":0,"parent":3467,"menu_order":0,"comment_status":"closed","ping_status":"closed","template":"","meta":{"footnotes":""},"class_list":["post-3668","page","type-page","status-publish","hentry"],"aioseo_notices":[],"_links":{"self":[{"href":"https:\/\/cleangrad.si\/de\/wp-json\/wp\/v2\/pages\/3668","targetHints":{"allow":["GET"]}}],"collection":[{"href":"https:\/\/cleangrad.si\/de\/wp-json\/wp\/v2\/pages"}],"about":[{"href":"https:\/\/cleangrad.si\/de\/wp-json\/wp\/v2\/types\/page"}],"author":[{"embeddable":true,"href":"https:\/\/cleangrad.si\/de\/wp-json\/wp\/v2\/users\/1"}],"replies":[{"embeddable":true,"href":"https:\/\/cleangrad.si\/de\/wp-json\/wp\/v2\/comments?post=3668"}],"version-history":[{"count":5,"href":"https:\/\/cleangrad.si\/de\/wp-json\/wp\/v2\/pages\/3668\/revisions"}],"predecessor-version":[{"id":3688,"href":"https:\/\/cleangrad.si\/de\/wp-json\/wp\/v2\/pages\/3668\/revisions\/3688"}],"up":[{"embeddable":true,"href":"https:\/\/cleangrad.si\/de\/wp-json\/wp\/v2\/pages\/3467"}],"wp:attachment":[{"href":"https:\/\/cleangrad.si\/de\/wp-json\/wp\/v2\/media?parent=3668"}],"curies":[{"name":"wp","href":"https:\/\/api.w.org\/{rel}","templated":true}]}}