{"id":3652,"date":"2026-01-06T16:12:13","date_gmt":"2026-01-06T15:12:13","guid":{"rendered":"https:\/\/cleangrad.si\/izdelki-in-storitve\/stene-za-ciste-prostore\/predelne-stene-s-podkonstrukcijo\/"},"modified":"2026-02-18T19:40:15","modified_gmt":"2026-02-18T18:40:15","slug":"trennwande-mit-unterkonstruktion","status":"publish","type":"page","link":"https:\/\/cleangrad.si\/de\/produkte-und-dienstleistungen\/wand-fur-reinraume\/trennwande-mit-unterkonstruktion\/","title":{"rendered":"Trennw\u00e4nde mit Unterkonstruktion"},"content":{"rendered":"<div class=\"wpb-content-wrapper\"><p>[vc_row][vc_column width=&#8220;1\/3&#8243;][vc_single_image image=&#8220;3654&#8243; img_size=&#8220;full&#8220; onclick=&#8220;zoom&#8220; css=&#8220;&#8220; css_params=&#8220;&#8220; label=&#8220;&#8220;][\/vc_column][vc_column width=&#8220;2\/3&#8243;][vc_column_text css=&#8220;&#8220; css_params=&#8220;&#8220;]<strong style=\"color: #000000;\">Trennw\u00e4nde mit Unterkonstruktion<\/strong><\/p>\n<\/p>\n<p><span style=\"color: #000000;\">Trennw\u00e4nde f\u00fcr Reinr\u00e4ume mit Unterkonstruktion, standardm\u00e4\u00dfiger Breite von 100 mm und einer Endschicht aus pulverbeschichtetem Aluminiumblech, HPL oder Edelstahl erm\u00f6glichen ein hohes Ma\u00df an Flexibilit\u00e4t bei der Planung und Installation von Anlagen, auch nachdem das Projekt bereits abgeschlossen ist. Mit ihnen erreichen wir auch hohe Werte der Schalld\u00e4mmung.<\/span>[\/vc_column_text][\/vc_column][\/vc_row]<\/p>\n<\/div>","protected":false},"excerpt":{"rendered":"<p>[vc_row][vc_column width=&#8220;1\/3&#8243;][vc_single_image image=&#8220;3654&#8243; img_size=&#8220;full&#8220; onclick=&#8220;zoom&#8220; css=&#8220;&#8220; css_params=&#8220;&#8220; label=&#8220;&#8220;][\/vc_column][vc_column width=&#8220;2\/3&#8243;][vc_column_text css=&#8220;&#8220; css_params=&#8220;&#8220;]Trennw\u00e4nde mit Unterkonstruktion Trennw\u00e4nde f\u00fcr Reinr\u00e4ume mit Unterkonstruktion, standardm\u00e4\u00dfiger Breite von 100 mm und einer Endschicht aus pulverbeschichtetem Aluminiumblech, HPL oder Edelstahl erm\u00f6glichen ein hohes Ma\u00df an Flexibilit\u00e4t bei der Planung und Installation von Anlagen, auch nachdem das Projekt bereits abgeschlossen ist. Mit ihnen erreichen [&hellip;]<\/p>\n","protected":false},"author":1,"featured_media":0,"parent":3641,"menu_order":0,"comment_status":"closed","ping_status":"closed","template":"","meta":{"footnotes":""},"class_list":["post-3652","page","type-page","status-publish","hentry"],"aioseo_notices":[],"_links":{"self":[{"href":"https:\/\/cleangrad.si\/de\/wp-json\/wp\/v2\/pages\/3652","targetHints":{"allow":["GET"]}}],"collection":[{"href":"https:\/\/cleangrad.si\/de\/wp-json\/wp\/v2\/pages"}],"about":[{"href":"https:\/\/cleangrad.si\/de\/wp-json\/wp\/v2\/types\/page"}],"author":[{"embeddable":true,"href":"https:\/\/cleangrad.si\/de\/wp-json\/wp\/v2\/users\/1"}],"replies":[{"embeddable":true,"href":"https:\/\/cleangrad.si\/de\/wp-json\/wp\/v2\/comments?post=3652"}],"version-history":[{"count":5,"href":"https:\/\/cleangrad.si\/de\/wp-json\/wp\/v2\/pages\/3652\/revisions"}],"predecessor-version":[{"id":3660,"href":"https:\/\/cleangrad.si\/de\/wp-json\/wp\/v2\/pages\/3652\/revisions\/3660"}],"up":[{"embeddable":true,"href":"https:\/\/cleangrad.si\/de\/wp-json\/wp\/v2\/pages\/3641"}],"wp:attachment":[{"href":"https:\/\/cleangrad.si\/de\/wp-json\/wp\/v2\/media?parent=3652"}],"curies":[{"name":"wp","href":"https:\/\/api.w.org\/{rel}","templated":true}]}}