{"id":3641,"date":"2026-01-01T13:50:08","date_gmt":"2026-01-01T12:50:08","guid":{"rendered":"https:\/\/cleangrad.si\/izdelki-in-storitve\/stene-za-ciste-prostore\/"},"modified":"2026-02-18T19:38:07","modified_gmt":"2026-02-18T18:38:07","slug":"wand-fur-reinraume","status":"publish","type":"page","link":"https:\/\/cleangrad.si\/de\/produkte-und-dienstleistungen\/wand-fur-reinraume\/","title":{"rendered":"W\u00e4nde f\u00fcr Reinr\u00e4ume"},"content":{"rendered":"<div class=\"wpb-content-wrapper\"><p>[vc_row][vc_column width=&#8220;1\/2&#8243;][vc_single_image image=&#8220;3646&#8243; img_size=&#8220;full&#8220; onclick=&#8220;zoom&#8220; css=&#8220;&#8220; css_params=&#8220;&#8220; label=&#8220;&#8220;][\/vc_column][vc_column width=&#8220;1\/2&#8243;][vc_column_text css=&#8220;&#8220; css_params=&#8220;&#8220;]<strong><span style=\"color: #000000; font-size: 18px;\">Cleangrads Trennw\u00e4nde f\u00fcr Reinr\u00e4ume sind f\u00fcr alle Zonen gem\u00e4\u00df Reinheitsklassifikation geeignet und somit in der Pharmazie, im Gesundheitswesen, in der Mikrobiologie, in der Lebensmittel- und Nuklearindustrie, in der Nanotechnologie, Mikroelektronik und in Forschungsinstituten einsetzbar. <\/span><\/strong><\/p>\n<p><span style=\"color: #000000;\">Cleangrads Trennw\u00e4nde f\u00fcr Reinr\u00e4ume zeichnen sich durch hohe Stabilit\u00e4t, Best\u00e4ndigkeit gegen verschiedene Chemikalien (sie sind auch gegen h\u00e4ufigen Einsatz von Wasserstoffperoxid best\u00e4ndig), Luftdichtheit sowie einfache und schnelle Montage aus. <\/span><\/p>\n<\/p>\n<p><span style=\"color: #000000;\">Trennw\u00e4nde f\u00fcr Reinr\u00e4ume bestehen ausschlie\u00dflich aus rostfreien Materialien, was bedeutet, dass es \u00fcber ihre lange Lebensdauer hinweg keine Gefahr von Rostbildung gibt.<\/span>[\/vc_column_text][\/vc_column][\/vc_row][vc_row][vc_column][vc_column_text css=&#8220;&#8220; css_params=&#8220;&#8220;]<span style=\"color: #000000;\">Je nach Ihren Bed\u00fcrfnissen k\u00f6nnen Sie zwischen verschiedenen Wandtypen f\u00fcr Reinr\u00e4ume w\u00e4hlen.<\/span><\/p>\n<ul>\n<li><span style=\"color: #2e8fd6;\"><a style=\"color: #2e8fd6;\" href=\"https:\/\/cleangrad.si\/izdelki-in-storitve\/stene-za-ciste-prostore\/panelne-predelne-stene\/\"><strong>Trennw\u00e4nde aus Paneelen<\/strong><\/a><\/span><\/li>\n<li><span style=\"color: #2e8fd6;\"><a style=\"color: #2e8fd6;\" href=\"https:\/\/cleangrad.si\/izdelki-in-storitve\/stene-za-ciste-prostore\/predelne-stene-s-podkonstrukcijo\/\"><strong>Trennw\u00e4nde mit Unterkonstruktion<\/strong><\/a><\/span><\/li>\n<li><span style=\"color: #2e8fd6;\"><a style=\"color: #2e8fd6;\" href=\"https:\/\/cleangrad.si\/izdelki-in-storitve\/stene-za-ciste-prostore\/steklene-stene-in-zasteklitve-v-predelnih-stenah\/\"><strong>Glasw\u00e4nde und Verglasungen in Trennw\u00e4nden<\/strong><\/a><\/span><\/li>\n<li><span style=\"color: #2e8fd6;\"><a style=\"color: #2e8fd6;\" href=\"https:\/\/cleangrad.si\/izdelki-in-storitve\/stene-za-ciste-prostore\/stenske-obloge\/\"><strong>Wandverkleidungen<\/strong><\/a><\/span><\/li>\n<li><span style=\"color: #2e8fd6;\"><a style=\"color: #2e8fd6;\" href=\"https:\/\/cleangrad.si\/izdelki-in-storitve\/stene-za-ciste-prostore\/predelne-stene-za-bsl-cone\/\"><strong>Trennw\u00e4nde f\u00fcr BSL-Bereiche<\/strong><\/a><\/span><\/li>\n<li><span style=\"color: #2e8fd6;\"><a style=\"color: #2e8fd6;\" href=\"https:\/\/cleangrad.si\/izdelki-in-storitve\/stene-za-ciste-prostore\/trajnostne-predelne-stene-za-ciste-prostore\/\"><strong>Nachhaltige Trennw\u00e4nde f\u00fcr Reinr\u00e4ume<\/strong><\/a><\/span><\/li>\n<\/ul>\n<p>[\/vc_column_text][\/vc_column][\/vc_row]<\/p>\n<\/div>","protected":false},"excerpt":{"rendered":"<p>[vc_row][vc_column width=&#8220;1\/2&#8243;][vc_single_image image=&#8220;3646&#8243; img_size=&#8220;full&#8220; onclick=&#8220;zoom&#8220; css=&#8220;&#8220; css_params=&#8220;&#8220; label=&#8220;&#8220;][\/vc_column][vc_column width=&#8220;1\/2&#8243;][vc_column_text css=&#8220;&#8220; css_params=&#8220;&#8220;]Cleangrads Trennw\u00e4nde f\u00fcr Reinr\u00e4ume sind f\u00fcr alle Zonen gem\u00e4\u00df Reinheitsklassifikation geeignet und somit in der Pharmazie, im Gesundheitswesen, in der Mikrobiologie, in der Lebensmittel- und Nuklearindustrie, in der Nanotechnologie, Mikroelektronik und in Forschungsinstituten einsetzbar. Cleangrads Trennw\u00e4nde f\u00fcr Reinr\u00e4ume zeichnen sich durch hohe Stabilit\u00e4t, Best\u00e4ndigkeit gegen [&hellip;]<\/p>\n","protected":false},"author":1,"featured_media":0,"parent":3467,"menu_order":0,"comment_status":"closed","ping_status":"closed","template":"","meta":{"footnotes":""},"class_list":["post-3641","page","type-page","status-publish","hentry"],"aioseo_notices":[],"_links":{"self":[{"href":"https:\/\/cleangrad.si\/de\/wp-json\/wp\/v2\/pages\/3641","targetHints":{"allow":["GET"]}}],"collection":[{"href":"https:\/\/cleangrad.si\/de\/wp-json\/wp\/v2\/pages"}],"about":[{"href":"https:\/\/cleangrad.si\/de\/wp-json\/wp\/v2\/types\/page"}],"author":[{"embeddable":true,"href":"https:\/\/cleangrad.si\/de\/wp-json\/wp\/v2\/users\/1"}],"replies":[{"embeddable":true,"href":"https:\/\/cleangrad.si\/de\/wp-json\/wp\/v2\/comments?post=3641"}],"version-history":[{"count":5,"href":"https:\/\/cleangrad.si\/de\/wp-json\/wp\/v2\/pages\/3641\/revisions"}],"predecessor-version":[{"id":3651,"href":"https:\/\/cleangrad.si\/de\/wp-json\/wp\/v2\/pages\/3641\/revisions\/3651"}],"up":[{"embeddable":true,"href":"https:\/\/cleangrad.si\/de\/wp-json\/wp\/v2\/pages\/3467"}],"wp:attachment":[{"href":"https:\/\/cleangrad.si\/de\/wp-json\/wp\/v2\/media?parent=3641"}],"curies":[{"name":"wp","href":"https:\/\/api.w.org\/{rel}","templated":true}]}}