{"id":3610,"date":"2026-01-01T14:10:24","date_gmt":"2026-01-01T13:10:24","guid":{"rendered":"https:\/\/cleangrad.si\/izdelki-in-storitve\/pohistvo-za-ciste-prostore\/"},"modified":"2026-02-18T19:34:50","modified_gmt":"2026-02-18T18:34:50","slug":"mobel-fur-reinraume","status":"publish","type":"page","link":"https:\/\/cleangrad.si\/de\/produkte-und-dienstleistungen\/mobel-fur-reinraume\/","title":{"rendered":"M\u00f6bel f\u00fcr Reinr\u00e4ume"},"content":{"rendered":"<div class=\"wpb-content-wrapper\"><p>[vc_row][vc_column width=&#8220;1\/2&#8243;][vc_single_image image=&#8220;3617&#8243; img_size=&#8220;full&#8220; onclick=&#8220;zoom&#8220; css=&#8220;&#8220; css_params=&#8220;&#8220; label=&#8220;&#8220;][\/vc_column][vc_column width=&#8220;1\/2&#8243;][vc_column_text css=&#8220;&#8220; css_params=&#8220;&#8220;]<span style=\"color: #000000;\">Die Entwicklungsabteilung von Cleangrad und die Zusammenarbeit mit Kunden erm\u00f6glichen auch die Entwicklung des ma\u00dfgeschneiderten M\u00f6bels, das einen aktiven Arbeitsbereich f\u00fcr Mitarbeiter in Reinr\u00e4umen darstellt. Cleangrad bietet somit eine breite Palette von M\u00f6beln an, die den individuellen Bed\u00fcrfnissen entsprechen, organisatorische Probleme l\u00f6sen und dadurch die Integration verschiedener Komponenten des Reinraums in ein gemeinsames System erm\u00f6glichen, das eine optimale Nutzung des Reinraums erlaubt. Wir fertigen M\u00f6bel nach den individuellen Anforderungen des Kunden, der aus einer breiten Palette von Materialien h\u00f6chster Qualit\u00e4t w\u00e4hlen kann; die meisten M\u00f6bel stellen wir aus rostfreiem Stahl und HPL her. M\u00f6bel der Marke Cleangrad f\u00fcr Reinr\u00e4ume sind best\u00e4ndig gegen aggressive Reinigungsmittel, die in Reinr\u00e4umen verwendet werden.<\/span><\/p>\n<\/p>\n<p><span style=\"color: #000000;\">Das M\u00f6belsortiment umfasst somit Arbeitstische, Wandregale, Umkleideb\u00e4nke, Arbeitskabinen, Garderobenschr\u00e4nke und M\u00f6belzusammenstellungen, bei denen in das M\u00f6belst\u00fcck auch die Installation von Ausstattungen wie Waschbecken, Handschuh- oder Gesichtsmaskenspender f\u00fcr individuelle Bed\u00fcrfnisse vorgesehen werden kann.<\/span>[\/vc_column_text][\/vc_column][\/vc_row][vc_row][vc_column][vc_column_text css=&#8220;&#8220; css_params=&#8220;&#8220;]<\/p>\n<p style=\"text-align: center;\"><span style=\"font-size: 18px; color: #000000;\"><strong>WICHTIG: Bei uns beginnt die M\u00f6belplanung mit der Planung der Reinr\u00e4ume, um die bestm\u00f6gliche Raumnutzung und die perfekte Integration in den Reinraum zu erreichen. <\/strong><\/span><\/p>\n<\/p>\n<p>[\/vc_column_text][\/vc_column][\/vc_row][vc_row][vc_column][vc_media_grid element_width=&#8220;3&#8243; css=&#8220;&#8220; grid_id=&#8220;vc_gid:1769021917081-c42a55ac-d7d9-3&#8243; include=&#8220;3614,3615,3619,3620&#8243; css_params=&#8220;&#8220;][\/vc_column][\/vc_row]<\/p>\n<\/div>","protected":false},"excerpt":{"rendered":"<p>[vc_row][vc_column width=&#8220;1\/2&#8243;][vc_single_image image=&#8220;3617&#8243; img_size=&#8220;full&#8220; onclick=&#8220;zoom&#8220; css=&#8220;&#8220; css_params=&#8220;&#8220; label=&#8220;&#8220;][\/vc_column][vc_column width=&#8220;1\/2&#8243;][vc_column_text css=&#8220;&#8220; css_params=&#8220;&#8220;]Die Entwicklungsabteilung von Cleangrad und die Zusammenarbeit mit Kunden erm\u00f6glichen auch die Entwicklung des ma\u00dfgeschneiderten M\u00f6bels, das einen aktiven Arbeitsbereich f\u00fcr Mitarbeiter in Reinr\u00e4umen darstellt. Cleangrad bietet somit eine breite Palette von M\u00f6beln an, die den individuellen Bed\u00fcrfnissen entsprechen, organisatorische Probleme l\u00f6sen und dadurch die [&hellip;]<\/p>\n","protected":false},"author":1,"featured_media":0,"parent":3467,"menu_order":0,"comment_status":"closed","ping_status":"closed","template":"","meta":{"footnotes":""},"class_list":["post-3610","page","type-page","status-publish","hentry"],"aioseo_notices":[],"_links":{"self":[{"href":"https:\/\/cleangrad.si\/de\/wp-json\/wp\/v2\/pages\/3610","targetHints":{"allow":["GET"]}}],"collection":[{"href":"https:\/\/cleangrad.si\/de\/wp-json\/wp\/v2\/pages"}],"about":[{"href":"https:\/\/cleangrad.si\/de\/wp-json\/wp\/v2\/types\/page"}],"author":[{"embeddable":true,"href":"https:\/\/cleangrad.si\/de\/wp-json\/wp\/v2\/users\/1"}],"replies":[{"embeddable":true,"href":"https:\/\/cleangrad.si\/de\/wp-json\/wp\/v2\/comments?post=3610"}],"version-history":[{"count":5,"href":"https:\/\/cleangrad.si\/de\/wp-json\/wp\/v2\/pages\/3610\/revisions"}],"predecessor-version":[{"id":3628,"href":"https:\/\/cleangrad.si\/de\/wp-json\/wp\/v2\/pages\/3610\/revisions\/3628"}],"up":[{"embeddable":true,"href":"https:\/\/cleangrad.si\/de\/wp-json\/wp\/v2\/pages\/3467"}],"wp:attachment":[{"href":"https:\/\/cleangrad.si\/de\/wp-json\/wp\/v2\/media?parent=3610"}],"curies":[{"name":"wp","href":"https:\/\/api.w.org\/{rel}","templated":true}]}}