{"id":3599,"date":"2026-01-21T14:36:41","date_gmt":"2026-01-21T13:36:41","guid":{"rendered":"https:\/\/cleangrad.si\/izdelki-in-storitve\/oprema-za-ciste-prostore\/vozicek-za-sterilizator\/"},"modified":"2026-02-18T19:31:36","modified_gmt":"2026-02-18T18:31:36","slug":"sterilisatorwagen","status":"publish","type":"page","link":"https:\/\/cleangrad.si\/de\/produkte-und-dienstleistungen\/ausruestung-fur-reinraume\/sterilisatorwagen\/","title":{"rendered":"Sterilisatorwagen"},"content":{"rendered":"<div class=\"wpb-content-wrapper\"><p>[vc_row][vc_column width=&#8220;1\/2&#8243;][vc_single_image image=&#8220;3602&#8243; img_size=&#8220;full&#8220; css=&#8220;&#8220; label=&#8220;&#8220; css_params=&#8220;&#8220;][\/vc_column][vc_column width=&#8220;1\/2&#8243;][vc_column_text css=&#8220;&#8220; css_params=&#8220;&#8220;]<span style=\"color: #000000;\">Der Sterilisatorwagen ist gem\u00e4\u00df den spezifischen Anforderungen des Kunden entworfen und gefertigt, was eine vollst\u00e4ndige Anpassung an die jeweilige Anwendung gew\u00e4hrleistet. Er besteht aus hochwertigem Edelstahl AISI 316L mit gestrahlter Oberfl\u00e4che und kontrollierter Rauheit bis RA &lt; 1,6 \u03bcm, was eine lange Lebensdauer und hohe Best\u00e4ndigkeit garantiert. Die Konstruktion ist vollst\u00e4ndig f\u00fcr die Sterilisation geeignet und erf\u00fcllt strenge Hygieneanforderungen. Die K\u00f6rbe haben eine speziell behandelte Oberfl\u00e4che mit einer extrem niedrigen Rauheit von RA &lt; 0,9 \u03bcm, was eine einfache Reinigung und<\/span><br \/>\n<span style=\"color: #000000;\">sichere Verwendung erm\u00f6glicht. Bei der Entwicklung wurde die maximal zul\u00e4ssige Belastung des Gestells sorgf\u00e4ltig ber\u00fccksichtigt, was Zuverl\u00e4ssigkeit und Stabilit\u00e4t gew\u00e4hrleistet. F\u00fcr eine noch bessere Funktionalit\u00e4t wurden neue Scharniere f\u00fcr das Blisterregal entwickelt, und besondere Aufmerksamkeit wurde der pr\u00e4zisen und sicheren Bearbeitung aller Kanten gewidmet.<\/span>[\/vc_column_text][\/vc_column][\/vc_row]<\/p>\n<\/div>","protected":false},"excerpt":{"rendered":"<p>[vc_row][vc_column width=&#8220;1\/2&#8243;][vc_single_image image=&#8220;3602&#8243; img_size=&#8220;full&#8220; css=&#8220;&#8220; label=&#8220;&#8220; css_params=&#8220;&#8220;][\/vc_column][vc_column width=&#8220;1\/2&#8243;][vc_column_text css=&#8220;&#8220; css_params=&#8220;&#8220;]Der Sterilisatorwagen ist gem\u00e4\u00df den spezifischen Anforderungen des Kunden entworfen und gefertigt, was eine vollst\u00e4ndige Anpassung an die jeweilige Anwendung gew\u00e4hrleistet. Er besteht aus hochwertigem Edelstahl AISI 316L mit gestrahlter Oberfl\u00e4che und kontrollierter Rauheit bis RA &lt; 1,6 \u03bcm, was eine lange Lebensdauer und hohe Best\u00e4ndigkeit [&hellip;]<\/p>\n","protected":false},"author":1,"featured_media":0,"parent":3524,"menu_order":0,"comment_status":"closed","ping_status":"closed","template":"","meta":{"footnotes":""},"class_list":["post-3599","page","type-page","status-publish","hentry"],"aioseo_notices":[],"_links":{"self":[{"href":"https:\/\/cleangrad.si\/de\/wp-json\/wp\/v2\/pages\/3599","targetHints":{"allow":["GET"]}}],"collection":[{"href":"https:\/\/cleangrad.si\/de\/wp-json\/wp\/v2\/pages"}],"about":[{"href":"https:\/\/cleangrad.si\/de\/wp-json\/wp\/v2\/types\/page"}],"author":[{"embeddable":true,"href":"https:\/\/cleangrad.si\/de\/wp-json\/wp\/v2\/users\/1"}],"replies":[{"embeddable":true,"href":"https:\/\/cleangrad.si\/de\/wp-json\/wp\/v2\/comments?post=3599"}],"version-history":[{"count":5,"href":"https:\/\/cleangrad.si\/de\/wp-json\/wp\/v2\/pages\/3599\/revisions"}],"predecessor-version":[{"id":3625,"href":"https:\/\/cleangrad.si\/de\/wp-json\/wp\/v2\/pages\/3599\/revisions\/3625"}],"up":[{"embeddable":true,"href":"https:\/\/cleangrad.si\/de\/wp-json\/wp\/v2\/pages\/3524"}],"wp:attachment":[{"href":"https:\/\/cleangrad.si\/de\/wp-json\/wp\/v2\/media?parent=3599"}],"curies":[{"name":"wp","href":"https:\/\/api.w.org\/{rel}","templated":true}]}}