{"id":3584,"date":"2026-01-11T19:38:30","date_gmt":"2026-01-11T18:38:30","guid":{"rendered":"https:\/\/cleangrad.si\/izdelki-in-storitve\/oprema-za-ciste-prostore\/stenski-in-talni-protektorji\/"},"modified":"2026-02-18T19:31:59","modified_gmt":"2026-02-18T18:31:59","slug":"wand-und-bodenschutzprodukte","status":"publish","type":"page","link":"https:\/\/cleangrad.si\/de\/produkte-und-dienstleistungen\/ausruestung-fur-reinraume\/wand-und-bodenschutzprodukte\/","title":{"rendered":"Wand- und bodenschutzprodukte"},"content":{"rendered":"<div class=\"wpb-content-wrapper\"><p>[vc_row][vc_column width=&#8220;1\/2&#8243;][vc_single_image image=&#8220;3585&#8243; img_size=&#8220;full&#8220; onclick=&#8220;zoom&#8220; css=&#8220;&#8220; css_params=&#8220;&#8220; label=&#8220;&#8220;][\/vc_column][vc_column width=&#8220;1\/2&#8243;][vc_column_text css=&#8220;&#8220; css_params=&#8220;&#8220;]<span style=\"color: #000000;\"><strong>WAND- UND BODENSCHUTZPRODUKTE<\/strong><\/span><br \/>\n<span style=\"color: #000000;\">Bei der Planung von Reinr\u00e4umen widmen wir auch der Erhaltung der Qualit\u00e4t der Reinr\u00e4ume \u00fcber ihre Lebensdauer hinweg gro\u00dfe Aufmerksamkeit. Zu diesem Zweck bestimmen wir kritische Punkte, an denen es bei der t\u00e4glichen Handhabung von Wagen usw. zu Sch\u00e4den an W\u00e4nden oder T\u00fcren kommen kann. An diesen kritischen Stellen planen wir Boden- oder Wandschutz, der aus rostfreiem Stahl, Kunststoff (PE500 Koterm), HPL usw. hergestellt werden kann. Am h\u00e4ufigsten sind dies Rohrboden- oder Wandbumper, S\u00e4ulen in verschiedenen H\u00f6hen, Eckschutz. Alle Materialien, aus denen die Boden- und Wandschutzvorrichtungen hergestellt sind, sind best\u00e4ndig gegen aggressive chemische Verbindungen.<\/span>[\/vc_column_text][\/vc_column][\/vc_row][vc_row][vc_column][\/vc_column][\/vc_row]<\/p>\n<\/div>","protected":false},"excerpt":{"rendered":"<p>[vc_row][vc_column width=&#8220;1\/2&#8243;][vc_single_image image=&#8220;3585&#8243; img_size=&#8220;full&#8220; onclick=&#8220;zoom&#8220; css=&#8220;&#8220; css_params=&#8220;&#8220; label=&#8220;&#8220;][\/vc_column][vc_column width=&#8220;1\/2&#8243;][vc_column_text css=&#8220;&#8220; css_params=&#8220;&#8220;]WAND- UND BODENSCHUTZPRODUKTE Bei der Planung von Reinr\u00e4umen widmen wir auch der Erhaltung der Qualit\u00e4t der Reinr\u00e4ume \u00fcber ihre Lebensdauer hinweg gro\u00dfe Aufmerksamkeit. Zu diesem Zweck bestimmen wir kritische Punkte, an denen es bei der t\u00e4glichen Handhabung von Wagen usw. zu Sch\u00e4den an W\u00e4nden oder [&hellip;]<\/p>\n","protected":false},"author":1,"featured_media":0,"parent":3524,"menu_order":0,"comment_status":"closed","ping_status":"closed","template":"","meta":{"footnotes":""},"class_list":["post-3584","page","type-page","status-publish","hentry"],"aioseo_notices":[],"_links":{"self":[{"href":"https:\/\/cleangrad.si\/de\/wp-json\/wp\/v2\/pages\/3584","targetHints":{"allow":["GET"]}}],"collection":[{"href":"https:\/\/cleangrad.si\/de\/wp-json\/wp\/v2\/pages"}],"about":[{"href":"https:\/\/cleangrad.si\/de\/wp-json\/wp\/v2\/types\/page"}],"author":[{"embeddable":true,"href":"https:\/\/cleangrad.si\/de\/wp-json\/wp\/v2\/users\/1"}],"replies":[{"embeddable":true,"href":"https:\/\/cleangrad.si\/de\/wp-json\/wp\/v2\/comments?post=3584"}],"version-history":[{"count":5,"href":"https:\/\/cleangrad.si\/de\/wp-json\/wp\/v2\/pages\/3584\/revisions"}],"predecessor-version":[{"id":3597,"href":"https:\/\/cleangrad.si\/de\/wp-json\/wp\/v2\/pages\/3584\/revisions\/3597"}],"up":[{"embeddable":true,"href":"https:\/\/cleangrad.si\/de\/wp-json\/wp\/v2\/pages\/3524"}],"wp:attachment":[{"href":"https:\/\/cleangrad.si\/de\/wp-json\/wp\/v2\/media?parent=3584"}],"curies":[{"name":"wp","href":"https:\/\/api.w.org\/{rel}","templated":true}]}}