{"id":3580,"date":"2026-01-11T19:41:45","date_gmt":"2026-01-11T18:41:45","guid":{"rendered":"https:\/\/cleangrad.si\/izdelki-in-storitve\/oprema-za-ciste-prostore\/vozicki\/"},"modified":"2026-02-18T19:31:43","modified_gmt":"2026-02-18T18:31:43","slug":"wagen","status":"publish","type":"page","link":"https:\/\/cleangrad.si\/de\/produkte-und-dienstleistungen\/ausruestung-fur-reinraume\/wagen\/","title":{"rendered":"Wagen"},"content":{"rendered":"<div class=\"wpb-content-wrapper\"><p>[vc_row][vc_column width=&#8220;1\/2&#8243;][vc_single_image image=&#8220;3581&#8243; img_size=&#8220;full&#8220; onclick=&#8220;zoom&#8220; css=&#8220;&#8220; css_params=&#8220;&#8220; label=&#8220;&#8220;][\/vc_column][vc_column width=&#8220;1\/2&#8243;][vc_column_text css=&#8220;&#8220; css_params=&#8220;&#8220;]<span style=\"color: #000000;\"><strong>WAGEN<\/strong><\/span><br \/>\n<span style=\"color: #000000;\">Cleangrad ist sich bewusst, dass die t\u00e4gliche Arbeit in Laboren und in der pharmazeutischen Industrie nicht nur den Eintrag von Ausr\u00fcstung und Materialien in den Reinraum umfasst, sondern auch innerhalb des Reinraums selbst. Diese Prozesse m\u00fcssen sicher und reibungslos ablaufen. Cleangrad hat daher bewegliche Arbeitsfl\u00e4chen auf drehbaren Rollen entwickelt, die Mobilit\u00e4t und einen professionellen Arbeitsplatz vereinen. Aufgrund der eigenen Entwicklung und Produktion kann die Ausr\u00fcstung sowohl in Bezug auf die Funktionalit\u00e4t als auch auf die Art des Materials an individuelle Bed\u00fcrfnisse angepasst werden.<\/span>[\/vc_column_text][\/vc_column][\/vc_row]<\/p>\n<\/div>","protected":false},"excerpt":{"rendered":"<p>[vc_row][vc_column width=&#8220;1\/2&#8243;][vc_single_image image=&#8220;3581&#8243; img_size=&#8220;full&#8220; onclick=&#8220;zoom&#8220; css=&#8220;&#8220; css_params=&#8220;&#8220; label=&#8220;&#8220;][\/vc_column][vc_column width=&#8220;1\/2&#8243;][vc_column_text css=&#8220;&#8220; css_params=&#8220;&#8220;]WAGEN Cleangrad ist sich bewusst, dass die t\u00e4gliche Arbeit in Laboren und in der pharmazeutischen Industrie nicht nur den Eintrag von Ausr\u00fcstung und Materialien in den Reinraum umfasst, sondern auch innerhalb des Reinraums selbst. Diese Prozesse m\u00fcssen sicher und reibungslos ablaufen. Cleangrad hat daher bewegliche [&hellip;]<\/p>\n","protected":false},"author":1,"featured_media":0,"parent":3524,"menu_order":0,"comment_status":"closed","ping_status":"closed","template":"","meta":{"footnotes":""},"class_list":["post-3580","page","type-page","status-publish","hentry"],"aioseo_notices":[],"_links":{"self":[{"href":"https:\/\/cleangrad.si\/de\/wp-json\/wp\/v2\/pages\/3580","targetHints":{"allow":["GET"]}}],"collection":[{"href":"https:\/\/cleangrad.si\/de\/wp-json\/wp\/v2\/pages"}],"about":[{"href":"https:\/\/cleangrad.si\/de\/wp-json\/wp\/v2\/types\/page"}],"author":[{"embeddable":true,"href":"https:\/\/cleangrad.si\/de\/wp-json\/wp\/v2\/users\/1"}],"replies":[{"embeddable":true,"href":"https:\/\/cleangrad.si\/de\/wp-json\/wp\/v2\/comments?post=3580"}],"version-history":[{"count":5,"href":"https:\/\/cleangrad.si\/de\/wp-json\/wp\/v2\/pages\/3580\/revisions"}],"predecessor-version":[{"id":3590,"href":"https:\/\/cleangrad.si\/de\/wp-json\/wp\/v2\/pages\/3580\/revisions\/3590"}],"up":[{"embeddable":true,"href":"https:\/\/cleangrad.si\/de\/wp-json\/wp\/v2\/pages\/3524"}],"wp:attachment":[{"href":"https:\/\/cleangrad.si\/de\/wp-json\/wp\/v2\/media?parent=3580"}],"curies":[{"name":"wp","href":"https:\/\/api.w.org\/{rel}","templated":true}]}}