{"id":3532,"date":"2026-01-11T19:41:56","date_gmt":"2026-01-11T18:41:56","guid":{"rendered":"https:\/\/cleangrad.si\/izdelki-in-storitve\/oprema-za-ciste-prostore\/predajne-komore\/"},"modified":"2026-02-18T19:31:25","modified_gmt":"2026-02-18T18:31:25","slug":"reinraum-durchreichen","status":"publish","type":"page","link":"https:\/\/cleangrad.si\/de\/produkte-und-dienstleistungen\/ausruestung-fur-reinraume\/reinraum-durchreichen\/","title":{"rendered":"Reinraum-Durchreichen"},"content":{"rendered":"<div class=\"wpb-content-wrapper\"><p>[vc_row][vc_column width=&#8220;1\/2&#8243;][vc_single_image image=&#8220;3538&#8243; img_size=&#8220;full&#8220; onclick=&#8220;zoom&#8220; css=&#8220;&#8220; css_params=&#8220;&#8220; label=&#8220;&#8220;][\/vc_column][vc_column width=&#8220;1\/2&#8243;][vc_column_text css=&#8220;&#8220; css_params=&#8220;&#8220;]<span style=\"color: #000000;\"><strong>REINRAUM-DURCHREICHEN (PASSBOXEN)<\/strong><\/span><br \/>\n<span style=\"color: #000000;\">Der Materialeintritt erfolgt gem\u00e4\u00df den GMP-Richtlinien getrennt vom Personal, daher hat Cleangrad moderne Reinraum-Durchreiche aus Edelstahl f\u00fcr den Transfer kleinerer Materialst\u00fccke zwischen R\u00e4umen mit unterschiedlichem Reinheitsgrad entwickelt.<\/span><br \/>\n<span style=\"color: #000000;\">Die Reinraum-Durchreichen k\u00f6nnen passiv oder aktiv sein. Aktive Reinraum-Durchreichen k\u00f6nnen ein eigenes Bel\u00fcftungssystem haben oder an ein bestehendes externes Bel\u00fcftungssystem angeschlossen werden. Das Geh\u00e4use der Reinraum-Durchreichen besteht aus Edelstahl 1.4301 oder 1.4404, die Oberfl\u00e4che ist fein geschliffen mit polierten und unsichtbaren Schwei\u00dfn\u00e4hten. Die Kammer ist mit Glast\u00fcren mit einer speziellen Dichtung ausgestattet und verf\u00fcgt \u00fcber einen mechanischen oder elektromechanischen Interlock. Wir fertigen Reinraum-Durchreichen nach Ihren individuellen Anforderungen; sie k\u00f6nnen mit einem HEPA-Filter, Regalen, Schienen, UV-Licht, Drucksensoren, LCD-Bildschirm usw. ausgestattet werden. Die Reinraum-Durchreichen zeichnen sich neben ihrem sch\u00f6nen Aussehen durch einfache Installation sowie einfache Reinigung und wartungsarmen Betrieb aus.<\/span>[\/vc_column_text][\/vc_column][\/vc_row]<\/p>\n<\/div>","protected":false},"excerpt":{"rendered":"<p>[vc_row][vc_column width=&#8220;1\/2&#8243;][vc_single_image image=&#8220;3538&#8243; img_size=&#8220;full&#8220; onclick=&#8220;zoom&#8220; css=&#8220;&#8220; css_params=&#8220;&#8220; label=&#8220;&#8220;][\/vc_column][vc_column width=&#8220;1\/2&#8243;][vc_column_text css=&#8220;&#8220; css_params=&#8220;&#8220;]REINRAUM-DURCHREICHEN (PASSBOXEN) Der Materialeintritt erfolgt gem\u00e4\u00df den GMP-Richtlinien getrennt vom Personal, daher hat Cleangrad moderne Reinraum-Durchreiche aus Edelstahl f\u00fcr den Transfer kleinerer Materialst\u00fccke zwischen R\u00e4umen mit unterschiedlichem Reinheitsgrad entwickelt. Die Reinraum-Durchreichen k\u00f6nnen passiv oder aktiv sein. Aktive Reinraum-Durchreichen k\u00f6nnen ein eigenes Bel\u00fcftungssystem haben oder an [&hellip;]<\/p>\n","protected":false},"author":1,"featured_media":0,"parent":3524,"menu_order":0,"comment_status":"closed","ping_status":"closed","template":"","meta":{"footnotes":""},"class_list":["post-3532","page","type-page","status-publish","hentry"],"aioseo_notices":[],"_links":{"self":[{"href":"https:\/\/cleangrad.si\/de\/wp-json\/wp\/v2\/pages\/3532","targetHints":{"allow":["GET"]}}],"collection":[{"href":"https:\/\/cleangrad.si\/de\/wp-json\/wp\/v2\/pages"}],"about":[{"href":"https:\/\/cleangrad.si\/de\/wp-json\/wp\/v2\/types\/page"}],"author":[{"embeddable":true,"href":"https:\/\/cleangrad.si\/de\/wp-json\/wp\/v2\/users\/1"}],"replies":[{"embeddable":true,"href":"https:\/\/cleangrad.si\/de\/wp-json\/wp\/v2\/comments?post=3532"}],"version-history":[{"count":5,"href":"https:\/\/cleangrad.si\/de\/wp-json\/wp\/v2\/pages\/3532\/revisions"}],"predecessor-version":[{"id":3558,"href":"https:\/\/cleangrad.si\/de\/wp-json\/wp\/v2\/pages\/3532\/revisions\/3558"}],"up":[{"embeddable":true,"href":"https:\/\/cleangrad.si\/de\/wp-json\/wp\/v2\/pages\/3524"}],"wp:attachment":[{"href":"https:\/\/cleangrad.si\/de\/wp-json\/wp\/v2\/media?parent=3532"}],"curies":[{"name":"wp","href":"https:\/\/api.w.org\/{rel}","templated":true}]}}