{"id":3524,"date":"2026-01-01T14:10:18","date_gmt":"2026-01-01T13:10:18","guid":{"rendered":"https:\/\/cleangrad.si\/izdelki-in-storitve\/oprema-za-ciste-prostore\/"},"modified":"2026-02-19T14:48:50","modified_gmt":"2026-02-19T13:48:50","slug":"ausruestung-fur-reinraume","status":"publish","type":"page","link":"https:\/\/cleangrad.si\/de\/produkte-und-dienstleistungen\/ausruestung-fur-reinraume\/","title":{"rendered":"Ausr\u00fcstung f\u00fcr Reinr\u00e4ume"},"content":{"rendered":"<div class=\"wpb-content-wrapper\"><p>[vc_row][vc_column width=&#8220;1\/2&#8243;][vc_single_image image=&#8220;3436&#8243; img_size=&#8220;full&#8220; onclick=&#8220;zoom&#8220; css=&#8220;&#8220; css_params=&#8220;&#8220; label=&#8220;&#8220;][\/vc_column][vc_column width=&#8220;1\/2&#8243;][vc_column_text css=&#8220;&#8220; css_params=&#8220;&#8220;]<span style=\"color: #000000;\"><strong><span style=\"font-size: 18px;\">Im Sortiment von Cleangrad gibt es verschiedene Ausr\u00fcstungen f\u00fcr Reinr\u00e4ume.<\/span> <\/strong><\/span><\/p>\n<p><span style=\"color: #000000;\">Besonders hervorzuheben sind die im eigenen Entwicklungszentrum entwickelten Reinraum-Durchreichen sowie verschiedene Arten von Wand- und Bodenschutz (Protektoren) und Wagen.<\/span>[\/vc_column_text][vc_column_text css=&#8220;&#8220; css_params=&#8220;&#8220;]<span style=\"color: #2e8fd6;\"><a style=\"color: #2e8fd6;\" href=\"https:\/\/cleangrad.si\/izdelki-in-storitve\/oprema-za-ciste-prostore\/predajne-komore\/\"><strong>REINRAUM-DURCHREICHEN (PASSBOXEN)<\/strong><\/a><\/span><br \/>\n<span style=\"color: #2e8fd6;\"><a style=\"color: #2e8fd6;\" href=\"https:\/\/cleangrad.si\/izdelki-in-storitve\/oprema-za-ciste-prostore\/stenski-in-talni-protektorji\/\"><strong>WAND- UND BODENSCHUTZPRODUKTE<\/strong><\/a><\/span><br \/>\n<span style=\"color: #2e8fd6;\"><a style=\"color: #2e8fd6;\" href=\"https:\/\/cleangrad.si\/izdelki-in-storitve\/oprema-za-ciste-prostore\/vozicki\/\"><strong>WAGEN<\/strong><\/a><\/span><br \/>\n<a href=\"https:\/\/cleangrad.si\/izdelki-in-storitve\/oprema-za-ciste-prostore\/vozicek-za-sterilizator\/\"><span style=\"color: #2e8fd6;\"><strong>STERILISATORWAGEN<\/strong><\/span><\/a>[\/vc_column_text][\/vc_column][\/vc_row]<\/p>\n<\/div>","protected":false},"excerpt":{"rendered":"<p>[vc_row][vc_column width=&#8220;1\/2&#8243;][vc_single_image image=&#8220;3436&#8243; img_size=&#8220;full&#8220; onclick=&#8220;zoom&#8220; css=&#8220;&#8220; css_params=&#8220;&#8220; label=&#8220;&#8220;][\/vc_column][vc_column width=&#8220;1\/2&#8243;][vc_column_text css=&#8220;&#8220; css_params=&#8220;&#8220;]Im Sortiment von Cleangrad gibt es verschiedene Ausr\u00fcstungen f\u00fcr Reinr\u00e4ume. Besonders hervorzuheben sind die im eigenen Entwicklungszentrum entwickelten Reinraum-Durchreichen sowie verschiedene Arten von Wand- und Bodenschutz (Protektoren) und Wagen.[\/vc_column_text][vc_column_text css=&#8220;&#8220; css_params=&#8220;&#8220;]REINRAUM-DURCHREICHEN (PASSBOXEN) WAND- UND BODENSCHUTZPRODUKTE WAGEN STERILISATORWAGEN[\/vc_column_text][\/vc_column][\/vc_row]<\/p>\n","protected":false},"author":1,"featured_media":0,"parent":3467,"menu_order":0,"comment_status":"closed","ping_status":"closed","template":"","meta":{"footnotes":""},"class_list":["post-3524","page","type-page","status-publish","hentry"],"aioseo_notices":[],"_links":{"self":[{"href":"https:\/\/cleangrad.si\/de\/wp-json\/wp\/v2\/pages\/3524","targetHints":{"allow":["GET"]}}],"collection":[{"href":"https:\/\/cleangrad.si\/de\/wp-json\/wp\/v2\/pages"}],"about":[{"href":"https:\/\/cleangrad.si\/de\/wp-json\/wp\/v2\/types\/page"}],"author":[{"embeddable":true,"href":"https:\/\/cleangrad.si\/de\/wp-json\/wp\/v2\/users\/1"}],"replies":[{"embeddable":true,"href":"https:\/\/cleangrad.si\/de\/wp-json\/wp\/v2\/comments?post=3524"}],"version-history":[{"count":6,"href":"https:\/\/cleangrad.si\/de\/wp-json\/wp\/v2\/pages\/3524\/revisions"}],"predecessor-version":[{"id":4194,"href":"https:\/\/cleangrad.si\/de\/wp-json\/wp\/v2\/pages\/3524\/revisions\/4194"}],"up":[{"embeddable":true,"href":"https:\/\/cleangrad.si\/de\/wp-json\/wp\/v2\/pages\/3467"}],"wp:attachment":[{"href":"https:\/\/cleangrad.si\/de\/wp-json\/wp\/v2\/media?parent=3524"}],"curies":[{"name":"wp","href":"https:\/\/api.w.org\/{rel}","templated":true}]}}