{"id":3489,"date":"2026-01-01T14:19:28","date_gmt":"2026-01-01T13:19:28","guid":{"rendered":"https:\/\/cleangrad.si\/izdelki-in-storitve\/montaza-in-servis\/"},"modified":"2026-02-18T19:35:07","modified_gmt":"2026-02-18T18:35:07","slug":"montage-und-service","status":"publish","type":"page","link":"https:\/\/cleangrad.si\/de\/produkte-und-dienstleistungen\/montage-und-service\/","title":{"rendered":"Montage und Service"},"content":{"rendered":"<div class=\"wpb-content-wrapper\"><p>[vc_row][vc_column width=&#8220;1\/2&#8243;][vc_single_image image=&#8220;3491&#8243; img_size=&#8220;full&#8220; onclick=&#8220;zoom&#8220; css=&#8220;&#8220; css_params=&#8220;&#8220; label=&#8220;&#8220;][\/vc_column][vc_column width=&#8220;1\/2&#8243;][vc_column_text css=&#8220;&#8220; css_params=&#8220;&#8220;]<span style=\"color: #000000;\">Die Montage erfolgt ausschlie\u00dflich durch unsere eigenen Montageteams. Alle unsere Monteure durchlaufen ein Schulungsprogramm. Jedes Team hat einen eigenen leitenden Monteur oder Supervisor. Unsere Monteure mit langj\u00e4hriger Erfahrung verf\u00fcgen \u00fcber GMP- und SCC**-Zertifikate und sprechen Deutsch oder Englisch und Slowenisch.<\/span><\/p>\n<\/p>\n<p><span style=\"color: #000000;\">Neben der hochwertigen Konstruktion von Reinr\u00e4umen legen wir gro\u00dfen Wert auf Gesundheit am Arbeitsplatz, Sicherheit und Sauberkeit. Unsere Fachleute im Bereich Gesundheit und Sicherheit am Arbeitsplatz \u00fcberwachen st\u00e4ndig die Baustellen und sorgen f\u00fcr sicheres Arbeiten. Wir haben im Bereich Gesundheit und Sicherheit am Arbeitsplatz mehrere Auszeichnungen von unseren Kunden erhalten und k\u00f6nnen uns auch mit der beeindruckenden Leistung von 1 Million sicher geleisteten Arbeitsstunden auf dem Projekt r\u00fchmen. Mit geeigneten Ma\u00dfnahmen gew\u00e4hrleisten wir eine wirklich minimale Anzahl von Arbeitsunf\u00e4llen.\u00a0<\/span><span style=\"color: #000000;\">Mit guter Organisation und \u00dcberwachung der Baustellen gew\u00e4hrleisten wir rechtzeitige Lieferungen und \u00dcbergaben der Projekte an unsere Kunden.<\/span>[\/vc_column_text][\/vc_column][\/vc_row][vc_row][vc_column][vc_column_text css=&#8220;&#8220; css_params=&#8220;&#8220;]<\/p>\n<p style=\"text-align: center;\"><span style=\"color: #000000;\"><strong><span style=\"font-size: 18px;\">Wir unterst\u00fctzen die Qualifizierung von Reinr\u00e4umen gem\u00e4\u00df den Anforderungen der cGMP, FDA und ISO-Standards.<\/span><\/strong><\/span><\/p>\n<p style=\"text-align: center;\"><span style=\"color: #000000;\">Wir bieten einen 48-Stunden-Service in europ\u00e4ischen L\u00e4ndern und die Lieferung von Ersatzteilen an.<\/span><\/p>\n<\/p>\n<p>[\/vc_column_text][\/vc_column][\/vc_row]<\/p>\n<\/div>","protected":false},"excerpt":{"rendered":"<p>[vc_row][vc_column width=&#8220;1\/2&#8243;][vc_single_image image=&#8220;3491&#8243; img_size=&#8220;full&#8220; onclick=&#8220;zoom&#8220; css=&#8220;&#8220; css_params=&#8220;&#8220; label=&#8220;&#8220;][\/vc_column][vc_column width=&#8220;1\/2&#8243;][vc_column_text css=&#8220;&#8220; css_params=&#8220;&#8220;]Die Montage erfolgt ausschlie\u00dflich durch unsere eigenen Montageteams. Alle unsere Monteure durchlaufen ein Schulungsprogramm. Jedes Team hat einen eigenen leitenden Monteur oder Supervisor. Unsere Monteure mit langj\u00e4hriger Erfahrung verf\u00fcgen \u00fcber GMP- und SCC**-Zertifikate und sprechen Deutsch oder Englisch und Slowenisch. Neben der hochwertigen Konstruktion von [&hellip;]<\/p>\n","protected":false},"author":1,"featured_media":0,"parent":3467,"menu_order":0,"comment_status":"closed","ping_status":"closed","template":"","meta":{"footnotes":""},"class_list":["post-3489","page","type-page","status-publish","hentry"],"aioseo_notices":[],"_links":{"self":[{"href":"https:\/\/cleangrad.si\/de\/wp-json\/wp\/v2\/pages\/3489","targetHints":{"allow":["GET"]}}],"collection":[{"href":"https:\/\/cleangrad.si\/de\/wp-json\/wp\/v2\/pages"}],"about":[{"href":"https:\/\/cleangrad.si\/de\/wp-json\/wp\/v2\/types\/page"}],"author":[{"embeddable":true,"href":"https:\/\/cleangrad.si\/de\/wp-json\/wp\/v2\/users\/1"}],"replies":[{"embeddable":true,"href":"https:\/\/cleangrad.si\/de\/wp-json\/wp\/v2\/comments?post=3489"}],"version-history":[{"count":5,"href":"https:\/\/cleangrad.si\/de\/wp-json\/wp\/v2\/pages\/3489\/revisions"}],"predecessor-version":[{"id":3497,"href":"https:\/\/cleangrad.si\/de\/wp-json\/wp\/v2\/pages\/3489\/revisions\/3497"}],"up":[{"embeddable":true,"href":"https:\/\/cleangrad.si\/de\/wp-json\/wp\/v2\/pages\/3467"}],"wp:attachment":[{"href":"https:\/\/cleangrad.si\/de\/wp-json\/wp\/v2\/media?parent=3489"}],"curies":[{"name":"wp","href":"https:\/\/api.w.org\/{rel}","templated":true}]}}