{"id":3482,"date":"2026-01-01T12:31:01","date_gmt":"2026-01-01T11:31:01","guid":{"rendered":"https:\/\/cleangrad.si\/izdelki-in-storitve\/dizajn-in-inzeniring\/"},"modified":"2026-02-18T19:34:30","modified_gmt":"2026-02-18T18:34:30","slug":"design-und-ingenieurwesen","status":"publish","type":"page","link":"https:\/\/cleangrad.si\/de\/produkte-und-dienstleistungen\/design-und-ingenieurwesen\/","title":{"rendered":"Design und Ingenieurwesen"},"content":{"rendered":"<div class=\"wpb-content-wrapper\"><p>[vc_row][vc_column width=&#8220;1\/2&#8243;][vc_single_image image=&#8220;3483&#8243; img_size=&#8220;full&#8220; label=&#8220;&#8220;][\/vc_column][vc_column width=&#8220;1\/2&#8243;][vc_column_text css=&#8220;&#8220; css_params=&#8220;&#8220;]<span style=\"color: #000000;\">Die besten Projekte entstehen, wenn wir die Gelegenheit bekommen, von Anfang an mit dem Kunden zusammenzuarbeiten. Dann k\u00f6nnen wir bei der Idee und den individuellen Interessen unserer Kunden beginnen. Das Cleangrad-Team aus Designern und Ingenieuren wird speziell f\u00fcr Ihr Projekt den effizientesten Reinraum entwickeln und gestalten, der den GMP- und FDA-Richtlinien entspricht. Die Erfahrung unserer Ingenieure gew\u00e4hrleistet eine zweckm\u00e4\u00dfige Projektplanung, Herstellung und Einbau des Reinraumsystems sowie Projektleitung selbst.<\/span><\/p>\n<\/p>\n<p><span style=\"color: #000000;\">Bei der Erstellung des detaillierten Designs verwenden wir die Programme Revit und SolidWorks. Bei gr\u00f6\u00dferen Projekten ist die Zusammenarbeit mehrerer Projektteams aus verschiedenen Bereichen entscheidend; die Integration des Revit-3D-Modells in BIM (LOD bis 400) tr\u00e4gt erheblich zur Verbesserung der Planungsqualit\u00e4t bei, was Einsparungen im Bauprozess (der Bauprozess verl\u00e4uft schneller und reibungsloser, da alle beteiligten Projektteams Zugriff auf dieselben Informationen haben) und schnellere wichtige Entscheidungen erm\u00f6glicht.<\/span>[\/vc_column_text][\/vc_column][\/vc_row]<\/p>\n<\/div>","protected":false},"excerpt":{"rendered":"<p>[vc_row][vc_column width=&#8220;1\/2&#8243;][vc_single_image image=&#8220;3483&#8243; img_size=&#8220;full&#8220; label=&#8220;&#8220;][\/vc_column][vc_column width=&#8220;1\/2&#8243;][vc_column_text css=&#8220;&#8220; css_params=&#8220;&#8220;]Die besten Projekte entstehen, wenn wir die Gelegenheit bekommen, von Anfang an mit dem Kunden zusammenzuarbeiten. Dann k\u00f6nnen wir bei der Idee und den individuellen Interessen unserer Kunden beginnen. Das Cleangrad-Team aus Designern und Ingenieuren wird speziell f\u00fcr Ihr Projekt den effizientesten Reinraum entwickeln und gestalten, der den [&hellip;]<\/p>\n","protected":false},"author":1,"featured_media":0,"parent":3467,"menu_order":0,"comment_status":"closed","ping_status":"closed","template":"","meta":{"footnotes":""},"class_list":["post-3482","page","type-page","status-publish","hentry"],"aioseo_notices":[],"_links":{"self":[{"href":"https:\/\/cleangrad.si\/de\/wp-json\/wp\/v2\/pages\/3482","targetHints":{"allow":["GET"]}}],"collection":[{"href":"https:\/\/cleangrad.si\/de\/wp-json\/wp\/v2\/pages"}],"about":[{"href":"https:\/\/cleangrad.si\/de\/wp-json\/wp\/v2\/types\/page"}],"author":[{"embeddable":true,"href":"https:\/\/cleangrad.si\/de\/wp-json\/wp\/v2\/users\/1"}],"replies":[{"embeddable":true,"href":"https:\/\/cleangrad.si\/de\/wp-json\/wp\/v2\/comments?post=3482"}],"version-history":[{"count":5,"href":"https:\/\/cleangrad.si\/de\/wp-json\/wp\/v2\/pages\/3482\/revisions"}],"predecessor-version":[{"id":3488,"href":"https:\/\/cleangrad.si\/de\/wp-json\/wp\/v2\/pages\/3482\/revisions\/3488"}],"up":[{"embeddable":true,"href":"https:\/\/cleangrad.si\/de\/wp-json\/wp\/v2\/pages\/3467"}],"wp:attachment":[{"href":"https:\/\/cleangrad.si\/de\/wp-json\/wp\/v2\/media?parent=3482"}],"curies":[{"name":"wp","href":"https:\/\/api.w.org\/{rel}","templated":true}]}}