{"id":3467,"date":"2025-12-22T14:55:50","date_gmt":"2025-12-22T13:55:50","guid":{"rendered":"https:\/\/cleangrad.si\/izdelki-in-storitve\/"},"modified":"2026-02-18T20:36:10","modified_gmt":"2026-02-18T19:36:10","slug":"produkte-und-dienstleistungen","status":"publish","type":"page","link":"https:\/\/cleangrad.si\/de\/produkte-und-dienstleistungen\/","title":{"rendered":"Produkte und Dienstleistungen"},"content":{"rendered":"<div class=\"wpb-content-wrapper\"><p>[vc_row no_padding=&#8220;yes&#8220; css=&#8220;.vc_custom_1590487880761{background-color: #f7f7f7 !important;}&#8220;][vc_column parallax=&#8220;content-moving&#8220; parallax_image=&#8220;3193&#8243; parallax_speed_bg=&#8220;2&#8243; width=&#8220;1\/2&#8243; css=&#8220;.vc_custom_1768161075293{padding-top: 150px !important;padding-bottom: 150px !important;}&#8220; conditional_render=&#8220;%5B%7B%22value_role%22%3A%22administrator%22%7D%5D&#8220; css_params=&#8220;&#8220;][\/vc_column][vc_column width=&#8220;1\/2&#8243; is_half=&#8220;yes&#8220; css=&#8220;.vc_custom_1625370782125{padding-top: 90px !important;padding-bottom: 60px !important;}&#8220; half_css=&#8220;ps-md-5&#8243;]<div class=\"porto-u-heading mb-1  wpb_custom_95aa9a11c17ad45cfabaf210d84ee7cc porto-u-ad87e2eaf3f9c495180fe0156ddf3eb0 \" data-appear-animation=\"maskUp\"><div class=\"porto-u-main-heading\"><h4   style=\"font-weight:700;\">Design und Ingenieurwesen<\/h4><\/div><style>.porto-u-ad87e2eaf3f9c495180fe0156ddf3eb0.porto-u-heading{text-align:left}<\/style><\/div>[vc_column_text css_animation=&#8220;fadeInUp&#8220; css=&#8220;&#8220; el_class=&#8220;lead font-size-lg mb-2&#8243; css_params=&#8220;&#8220;]Die besten Projekte entstehen, wenn wir die Gelegenheit bekommen, von Anfang an mit dem Kunden zusammenzuarbeiten.<\/p>\n<p><a href=\"https:\/\/cleangrad.si\/de\/produkte-und-dienstleistungen\/design-und-ingenieurwesen\/\"><strong>DETAILS<\/strong><\/a>[\/vc_column_text][\/vc_column][\/vc_row][vc_row no_padding=&#8220;yes&#8220; css=&#8220;.vc_custom_1590487894058{background-color: #f7f7f7 !important;}&#8220;][vc_column parallax=&#8220;content-moving&#8220; parallax_image=&#8220;3190&#8243; parallax_speed_bg=&#8220;2&#8243; width=&#8220;1\/2&#8243; css=&#8220;.vc_custom_1768161101542{padding-top: 150px !important;padding-bottom: 150px !important;}&#8220; el_class=&#8220;order-md-2&#8243; conditional_render=&#8220;%5B%7B%22value_role%22%3A%22administrator%22%7D%5D&#8220; css_params=&#8220;&#8220;][\/vc_column][vc_column width=&#8220;1\/2&#8243; is_half=&#8220;yes&#8220; is_half_right=&#8220;yes&#8220; css=&#8220;.vc_custom_1625370868060{padding-top: 90px !important;padding-bottom: 60px !important;}&#8220; half_css=&#8220;pe-md-4&#8243;]<div class=\"porto-u-heading mb-1  wpb_custom_95aa9a11c17ad45cfabaf210d84ee7cc porto-u-ad87e2eaf3f9c495180fe0156ddf3eb0 \" data-appear-animation=\"maskUp\"><div class=\"porto-u-main-heading\"><h4   style=\"font-weight:700;\">W\u00e4nde f\u00fcr Reinr\u00e4ume<\/h4><\/div><style>.porto-u-ad87e2eaf3f9c495180fe0156ddf3eb0.porto-u-heading{text-align:left}<\/style><\/div>[vc_column_text css_animation=&#8220;fadeInUp&#8220; css=&#8220;&#8220; el_class=&#8220;lead font-size-lg mb-2&#8243; css_params=&#8220;&#8220;]Cleangrads Trennw\u00e4nde f\u00fcr Reinr\u00e4ume sind f\u00fcr alle Zonen gem\u00e4\u00df Reinheitsklassifikation geeignet und somit in der Pharmazie, im Gesundheitswesen, in der Mikrobiologie, in der Lebensmittel- und Nuklearindustrie, in der Nanotechnologie, Mikroelektronik und in Forschungsinstituten einsetzbar.<\/p>\n<p><a href=\"https:\/\/cleangrad.si\/de\/produkte-und-dienstleistungen\/wand-fur-reinraume\/\"><strong>DETAILS<\/strong><\/a>[\/vc_column_text][\/vc_column][\/vc_row][vc_row no_padding=&#8220;yes&#8220; css=&#8220;.vc_custom_1625103020549{background-color: #f7f7f7 !important;}&#8220;][vc_column parallax=&#8220;content-moving&#8220; parallax_image=&#8220;3187&#8243; parallax_speed_bg=&#8220;2&#8243; width=&#8220;1\/2&#8243; css=&#8220;.vc_custom_1768161123763{padding-top: 150px !important;padding-bottom: 150px !important;}&#8220; conditional_render=&#8220;%5B%7B%22value_role%22%3A%22administrator%22%7D%5D&#8220; css_params=&#8220;&#8220;][\/vc_column][vc_column width=&#8220;1\/2&#8243; is_half=&#8220;yes&#8220; css=&#8220;.vc_custom_1625370845830{padding-top: 90px !important;padding-bottom: 60px !important;}&#8220; half_css=&#8220;ps-md-5&#8243;]<div class=\"porto-u-heading mb-1  wpb_custom_95aa9a11c17ad45cfabaf210d84ee7cc porto-u-ad87e2eaf3f9c495180fe0156ddf3eb0 \" data-appear-animation=\"maskUp\"><div class=\"porto-u-main-heading\"><h4   style=\"font-weight:700;\">Decken f\u00fcr Reinr\u00e4ume<\/h4><\/div><style>.porto-u-ad87e2eaf3f9c495180fe0156ddf3eb0.porto-u-heading{text-align:left}<\/style><\/div>[vc_column_text css_animation=&#8220;fadeInUp&#8220; css=&#8220;&#8220; el_class=&#8220;lead font-size-lg mb-2&#8243; css_params=&#8220;&#8220;]Cleangrads Decken f\u00fcr Reinr\u00e4ume sind f\u00fcr alle Zonen gem\u00e4\u00df Reinheitsklassifikation geeignet und somit in der Pharmazie, im Gesundheitswesen, in der Mikrobiologie, in der Lebensmittel- und Nuklearindustrie, in der Nanotechnologie, Mikroelektronik und in Forschungsinstituten einsetzbar.<\/p>\n<p><a href=\"https:\/\/cleangrad.si\/de\/produkte-und-dienstleistungen\/decken-fur-reinraume\/\"><strong>DETAILS<\/strong><\/a>[\/vc_column_text][\/vc_column][\/vc_row][vc_row no_padding=&#8220;yes&#8220; css=&#8220;.vc_custom_1625103020549{background-color: #f7f7f7 !important;}&#8220;][vc_column parallax=&#8220;content-moving&#8220; parallax_image=&#8220;3328&#8243; parallax_speed_bg=&#8220;2&#8243; width=&#8220;1\/2&#8243; css=&#8220;.vc_custom_1769790238543{padding-top: 150px !important;padding-bottom: 150px !important;}&#8220; el_class=&#8220;order-md-2&#8243; conditional_render=&#8220;%5B%7B%22value_role%22%3A%22administrator%22%7D%5D&#8220; css_params=&#8220;&#8220;][\/vc_column][vc_column width=&#8220;1\/2&#8243; is_half=&#8220;yes&#8220; css=&#8220;.vc_custom_1625370845830{padding-top: 90px !important;padding-bottom: 60px !important;}&#8220; half_css=&#8220;ps-md-5&#8243;]<div class=\"porto-u-heading mb-1  wpb_custom_95aa9a11c17ad45cfabaf210d84ee7cc porto-u-ad87e2eaf3f9c495180fe0156ddf3eb0 \" data-appear-animation=\"maskUp\"><div class=\"porto-u-main-heading\"><h4   style=\"font-weight:700;\">T\u00fcren und Interlock-Systeme f\u00fcr Reinr\u00e4ume<\/h4><\/div><style>.porto-u-ad87e2eaf3f9c495180fe0156ddf3eb0.porto-u-heading{text-align:left}<\/style><\/div>[vc_column_text css_animation=&#8220;fadeInUp&#8220; css=&#8220;&#8220; el_class=&#8220;lead font-size-lg mb-2&#8243; css_params=&#8220;&#8220;]F\u00fcr die vollst\u00e4ndige Integrit\u00e4t des Reinraumsystems bieten wir eine breite Palette verschiedener T\u00fcren f\u00fcr h\u00f6here und niedrigere Reinheitsklassen an.<\/p>\n<p><a href=\"https:\/\/cleangrad.si\/de\/produkte-und-dienstleistungen\/turen-und-interlock-systeme-fur-reinraume\/\"><strong>DETAILS<\/strong><\/a>[\/vc_column_text][\/vc_column][\/vc_row][vc_row no_padding=&#8220;yes&#8220; css=&#8220;.vc_custom_1625103020549{background-color: #f7f7f7 !important;}&#8220;][vc_column parallax=&#8220;content-moving&#8220; parallax_image=&#8220;3191&#8243; parallax_speed_bg=&#8220;2&#8243; width=&#8220;1\/2&#8243; css=&#8220;.vc_custom_1768161169565{padding-top: 150px !important;padding-bottom: 150px !important;}&#8220; conditional_render=&#8220;%5B%7B%22value_role%22%3A%22administrator%22%7D%5D&#8220; css_params=&#8220;&#8220;][\/vc_column][vc_column width=&#8220;1\/2&#8243; is_half=&#8220;yes&#8220; css=&#8220;.vc_custom_1625370845830{padding-top: 90px !important;padding-bottom: 60px !important;}&#8220; half_css=&#8220;ps-md-5&#8243;]<div class=\"porto-u-heading mb-1  wpb_custom_95aa9a11c17ad45cfabaf210d84ee7cc porto-u-ad87e2eaf3f9c495180fe0156ddf3eb0 \" data-appear-animation=\"maskUp\"><div class=\"porto-u-main-heading\"><h4   style=\"font-weight:700;\">Ausr\u00fcstung f\u00fcr Reinr\u00e4ume<\/h4><\/div><style>.porto-u-ad87e2eaf3f9c495180fe0156ddf3eb0.porto-u-heading{text-align:left}<\/style><\/div>[vc_column_text css_animation=&#8220;fadeInUp&#8220; css=&#8220;&#8220; el_class=&#8220;lead font-size-lg mb-2&#8243; css_params=&#8220;&#8220;]Im Sortiment von Cleangrad gibt es verschiedene Ausr\u00fcstungen f\u00fcr Reinr\u00e4ume. Besonders hervorzuheben sind die im eigenen Entwicklungszentrum entwickelten Reinraum-Durchreichen sowie verschiedene Arten von Wand- und Bodenschutz (Protektoren) und Wagen.<\/p>\n<p><a href=\"https:\/\/cleangrad.si\/de\/produkte-und-dienstleistungen\/ausruestung-fur-reinraume\/\"><strong>DETAILS<\/strong><\/a>[\/vc_column_text][\/vc_column][\/vc_row][vc_row no_padding=&#8220;yes&#8220; css=&#8220;.vc_custom_1625103020549{background-color: #f7f7f7 !important;}&#8220;][vc_column parallax=&#8220;content-moving&#8220; parallax_image=&#8220;3189&#8243; parallax_speed_bg=&#8220;2&#8243; width=&#8220;1\/2&#8243; css=&#8220;.vc_custom_1768161179452{padding-top: 150px !important;padding-bottom: 150px !important;}&#8220; el_class=&#8220;order-md-2&#8243; conditional_render=&#8220;%5B%7B%22value_role%22%3A%22administrator%22%7D%5D&#8220; css_params=&#8220;&#8220;][\/vc_column][vc_column width=&#8220;1\/2&#8243; is_half=&#8220;yes&#8220; css=&#8220;.vc_custom_1625370845830{padding-top: 90px !important;padding-bottom: 60px !important;}&#8220; half_css=&#8220;ps-md-5&#8243;]<div class=\"porto-u-heading mb-1  wpb_custom_95aa9a11c17ad45cfabaf210d84ee7cc porto-u-ad87e2eaf3f9c495180fe0156ddf3eb0 \" data-appear-animation=\"maskUp\"><div class=\"porto-u-main-heading\"><h4   style=\"font-weight:700;\">M\u00f6bel f\u00fcr Reinr\u00e4ume<\/h4><\/div><style>.porto-u-ad87e2eaf3f9c495180fe0156ddf3eb0.porto-u-heading{text-align:left}<\/style><\/div>[vc_column_text css_animation=&#8220;fadeInUp&#8220; css=&#8220;&#8220; el_class=&#8220;lead font-size-lg mb-2&#8243; css_params=&#8220;&#8220;]Die Entwicklungsabteilung von Cleangrad und die Zusammenarbeit mit Kunden erm\u00f6glichen auch die Entwicklung des ma\u00dfgeschneiderten M\u00f6bels, das einen aktiven Arbeitsbereich f\u00fcr Mitarbeiter in Reinr\u00e4umen darstellt.<\/p>\n<p><a href=\"https:\/\/cleangrad.si\/de\/produkte-und-dienstleistungen\/mobel-fur-reinraume\/\"><strong>DETAILS<\/strong><\/a>[\/vc_column_text][\/vc_column][\/vc_row][vc_row no_padding=&#8220;yes&#8220; css=&#8220;.vc_custom_1625103020549{background-color: #f7f7f7 !important;}&#8220;][vc_column parallax=&#8220;content-moving&#8220; parallax_image=&#8220;3208&#8243; parallax_speed_bg=&#8220;2&#8243; width=&#8220;1\/2&#8243; css=&#8220;.vc_custom_1768161241129{padding-top: 150px !important;padding-bottom: 150px !important;}&#8220; conditional_render=&#8220;%5B%7B%22value_role%22%3A%22administrator%22%7D%5D&#8220; css_params=&#8220;&#8220;][\/vc_column][vc_column width=&#8220;1\/2&#8243; is_half=&#8220;yes&#8220; css=&#8220;.vc_custom_1625370845830{padding-top: 90px !important;padding-bottom: 60px !important;}&#8220; half_css=&#8220;ps-md-5&#8243;]<div class=\"porto-u-heading mb-1  wpb_custom_95aa9a11c17ad45cfabaf210d84ee7cc porto-u-ad87e2eaf3f9c495180fe0156ddf3eb0 \" data-appear-animation=\"maskUp\"><div class=\"porto-u-main-heading\"><h4   style=\"font-weight:700;\">Beleuchtung f\u00fcr Reinr\u00e4ume<\/h4><\/div><style>.porto-u-ad87e2eaf3f9c495180fe0156ddf3eb0.porto-u-heading{text-align:left}<\/style><\/div>[vc_column_text css_animation=&#8220;fadeInUp&#8220; css=&#8220;&#8220; el_class=&#8220;lead font-size-lg mb-2&#8243; css_params=&#8220;&#8220;]Beleuchtung wird immer wichtiger f\u00fcr Wohlbefinden, Produktivit\u00e4t und mehr Vitalit\u00e4t.<\/p>\n<p><a href=\"https:\/\/cleangrad.si\/de\/produkte-und-dienstleistungen\/beleuchtung-fur-reinraume\/\"><strong>DETAILS<\/strong><\/a>[\/vc_column_text][\/vc_column][\/vc_row][vc_row no_padding=&#8220;yes&#8220; css=&#8220;.vc_custom_1625103020549{background-color: #f7f7f7 !important;}&#8220;][vc_column parallax=&#8220;content-moving&#8220; parallax_image=&#8220;3424&#8243; parallax_speed_bg=&#8220;2&#8243; width=&#8220;1\/2&#8243; css=&#8220;.vc_custom_1771443278005{padding-top: 150px !important;padding-bottom: 150px !important;}&#8220; el_class=&#8220;order-md-2&#8243; conditional_render=&#8220;%5B%7B%22value_role%22%3A%22administrator%22%7D%5D&#8220; css_params=&#8220;&#8220;][\/vc_column][vc_column width=&#8220;1\/2&#8243; is_half=&#8220;yes&#8220; css=&#8220;.vc_custom_1625370845830{padding-top: 90px !important;padding-bottom: 60px !important;}&#8220; half_css=&#8220;ps-md-5&#8243;]<div class=\"porto-u-heading mb-1  wpb_custom_95aa9a11c17ad45cfabaf210d84ee7cc porto-u-ad87e2eaf3f9c495180fe0156ddf3eb0 \" data-appear-animation=\"maskUp\"><div class=\"porto-u-main-heading\"><h4   style=\"font-weight:700;\">Montage und Service<\/h4><\/div><style>.porto-u-ad87e2eaf3f9c495180fe0156ddf3eb0.porto-u-heading{text-align:left}<\/style><\/div>[vc_column_text css_animation=&#8220;fadeInUp&#8220; css=&#8220;&#8220; el_class=&#8220;lead font-size-lg mb-2&#8243; css_params=&#8220;&#8220;]Die Montage erfolgt ausschlie\u00dflich durch unsere eigenen Montageteams. Alle unsere Monteure durchlaufen ein Schulungsprogramm.<\/p>\n<p><a href=\"https:\/\/cleangrad.si\/de\/produkte-und-dienstleistungen\/montage-und-service\/\"><strong>DETAILS<\/strong><\/a>[\/vc_column_text][\/vc_column][\/vc_row]<\/p>\n<\/div>","protected":false},"excerpt":{"rendered":"<p>[vc_row no_padding=&#8220;yes&#8220; css=&#8220;.vc_custom_1590487880761{background-color: #f7f7f7 !important;}&#8220;][vc_column parallax=&#8220;content-moving&#8220; parallax_image=&#8220;3193&#8243; parallax_speed_bg=&#8220;2&#8243; width=&#8220;1\/2&#8243; css=&#8220;.vc_custom_1768161075293{padding-top: 150px !important;padding-bottom: 150px !important;}&#8220; conditional_render=&#8220;%5B%7B%22value_role%22%3A%22administrator%22%7D%5D&#8220; css_params=&#8220;&#8220;][\/vc_column][vc_column width=&#8220;1\/2&#8243; is_half=&#8220;yes&#8220; css=&#8220;.vc_custom_1625370782125{padding-top: 90px !important;padding-bottom: 60px !important;}&#8220; half_css=&#8220;ps-md-5&#8243;][vc_column_text css_animation=&#8220;fadeInUp&#8220; css=&#8220;&#8220; el_class=&#8220;lead font-size-lg mb-2&#8243; css_params=&#8220;&#8220;]Die besten Projekte entstehen, wenn wir die Gelegenheit bekommen, von Anfang an mit dem Kunden zusammenzuarbeiten. DETAILS[\/vc_column_text][\/vc_column][\/vc_row][vc_row no_padding=&#8220;yes&#8220; css=&#8220;.vc_custom_1590487894058{background-color: #f7f7f7 !important;}&#8220;][vc_column parallax=&#8220;content-moving&#8220; parallax_image=&#8220;3190&#8243; parallax_speed_bg=&#8220;2&#8243; width=&#8220;1\/2&#8243; css=&#8220;.vc_custom_1768161101542{padding-top: [&hellip;]<\/p>\n","protected":false},"author":1,"featured_media":0,"parent":0,"menu_order":0,"comment_status":"closed","ping_status":"closed","template":"","meta":{"footnotes":""},"class_list":["post-3467","page","type-page","status-publish","hentry"],"aioseo_notices":[],"_links":{"self":[{"href":"https:\/\/cleangrad.si\/de\/wp-json\/wp\/v2\/pages\/3467","targetHints":{"allow":["GET"]}}],"collection":[{"href":"https:\/\/cleangrad.si\/de\/wp-json\/wp\/v2\/pages"}],"about":[{"href":"https:\/\/cleangrad.si\/de\/wp-json\/wp\/v2\/types\/page"}],"author":[{"embeddable":true,"href":"https:\/\/cleangrad.si\/de\/wp-json\/wp\/v2\/users\/1"}],"replies":[{"embeddable":true,"href":"https:\/\/cleangrad.si\/de\/wp-json\/wp\/v2\/comments?post=3467"}],"version-history":[{"count":7,"href":"https:\/\/cleangrad.si\/de\/wp-json\/wp\/v2\/pages\/3467\/revisions"}],"predecessor-version":[{"id":4168,"href":"https:\/\/cleangrad.si\/de\/wp-json\/wp\/v2\/pages\/3467\/revisions\/4168"}],"wp:attachment":[{"href":"https:\/\/cleangrad.si\/de\/wp-json\/wp\/v2\/media?parent=3467"}],"curies":[{"name":"wp","href":"https:\/\/api.w.org\/{rel}","templated":true}]}}