{"id":3420,"date":"2016-06-20T07:48:11","date_gmt":"2016-06-20T05:48:11","guid":{"rendered":"https:\/\/cleangrad.si\/domov\/"},"modified":"2026-02-18T20:05:23","modified_gmt":"2026-02-18T19:05:23","slug":"startseite","status":"publish","type":"page","link":"https:\/\/cleangrad.si\/de\/","title":{"rendered":"Startseite"},"content":{"rendered":"<div class=\"wpb-content-wrapper\"><p>[vc_row wrap_container=&#8220;yes&#8220; css=&#8220;.vc_custom_1545119465483{padding-top: 70px !important;padding-bottom: 50px !important;}&#8220;][vc_column width=&#8220;5\/6&#8243; offset=&#8220;vc_col-sm-offset-1&#8243;]<div class=\"porto-u-heading  wpb_custom_95aa9a11c17ad45cfabaf210d84ee7cc porto-u-55ca8359258f9a412be7e73af65d2aac \" data-appear-animation=\"fadeInUp\" data-appear-animation-delay=\"100\"><div class=\"porto-u-main-heading\"><h2   style=\"font-weight:700;margin-bottom: 16px;font-size:32px;line-height:44px;\">Zuverl\u00e4ssiger Partner - seit \u00fcber 20 Jahren<\/h2><\/div><div class=\"porto-u-sub-heading\" style=\"margin-bottom:50px;font-size:16.8px;line-height:28px;\">Mit \u00fcber 20 Jahren Erfahrung entwickeln und bauen wir ma\u00dfgeschneiderte Reinrauml\u00f6sungen gem\u00e4\u00df den strengsten GMP- und HSE-Standards. Wir bieten unseren Kunden eine umfassende Umsetzung \u2013 von der Planung bis zur Montage \u2013 mit einem hohen Ma\u00df an Integration von Ausr\u00fcstung, Technologien und M\u00f6beln. Unsere St\u00e4rken sind die eigene \u201ecustom-made\u201c Produktion, ein Entwicklungszentrum, zertifizierte Teams und zuverl\u00e4ssiger Support, einschlie\u00dflich Qualifikation und schnellem Service in ganz Europa.<\/div><style>.porto-u-55ca8359258f9a412be7e73af65d2aac.porto-u-heading{text-align:center}<\/style><\/div>[vc_row_inner][vc_column_inner width=&#8220;1\/3&#8243; animation_delay=&#8220;500&#8243; animation_type=&#8220;fadeInRight&#8220;][\/vc_column_inner][vc_column_inner width=&#8220;1\/3&#8243; animation_delay=&#8220;300&#8243; animation_type=&#8220;fadeIn&#8220;][\/vc_column_inner][vc_column_inner width=&#8220;1\/3&#8243; animation_delay=&#8220;500&#8243; animation_type=&#8220;fadeInLeft&#8220;][\/vc_column_inner][\/vc_row_inner][\/vc_column][\/vc_row][vc_row disable_element=&#8220;yes&#8220; conditional_render=&#8220;%5B%7B%22value_role%22%3A%22administrator%22%7D%5D&#8220; css_params=&#8220;&#8220;][vc_column]<div class=\"porto-u-heading  wpb_custom_95aa9a11c17ad45cfabaf210d84ee7cc porto-u-ad87e2eaf3f9c495180fe0156ddf3eb0 \" data-appear-animation=\"fadeInUp\" data-appear-animation-delay=\"100\"><div class=\"porto-u-main-heading\"><h2   style=\"font-weight:700;margin-bottom: 16px;font-size:32px;line-height:44px;\">Produkte und Dienstleistungen<\/h2><\/div><div class=\"porto-u-sub-heading\" style=\"margin-bottom:50px;font-size:16.8px;line-height:28px;\"><span style=\"color: #000000;\">Wir unterst\u00fctzen die Qualifikation von Reinr\u00e4umen gem\u00e4\u00df cGMP-, FDA- und ISO-Anforderungen und bieten einen 48-Stunden-Service in ganz Europa sowie die Versorgung mit Ersatzteilen.<\/span><\/div><style>.porto-u-ad87e2eaf3f9c495180fe0156ddf3eb0.porto-u-heading{text-align:left}<\/style><\/div>[\/vc_column][\/vc_row][vc_row conditional_render=&#8220;%5B%7B%22value_role%22%3A%22administrator%22%7D%5D&#8220; css_params=&#8220;&#8220;][vc_column width=&#8220;1\/4&#8243;][vc_single_image image=&#8220;4006&#8243; img_size=&#8220;full&#8220; css=&#8220;&#8220; css_params=&#8220;&#8220;][vc_custom_heading text=&#8220;Verpflichtet zu h\u00f6chster Qualit\u00e4t&#8220; font_container=&#8220;tag:h5|text_align:center|color:%232e8fd6&#8243; use_theme_fonts=&#8220;yes&#8220; css_params=&#8220;&#8220; link=&#8220;url:https%3A%2F%2Fcleangrad.si%2Fde%2Fkompetenzen%2Fqualitat%2F|title:Qualit%C3%A4t&#8220;][\/vc_column][vc_column width=&#8220;1\/4&#8243;][vc_single_image image=&#8220;4007&#8243; img_size=&#8220;full&#8220; css=&#8220;&#8220; css_params=&#8220;&#8220;][vc_custom_heading text=&#8220;Wir gestalten die Zukunft der Reinr\u00e4ume mit Innovationen&#8220; font_container=&#8220;tag:h5|text_align:center|color:%232e8fd6&#8243; use_theme_fonts=&#8220;yes&#8220; css_params=&#8220;&#8220; link=&#8220;url:https%3A%2F%2Fcleangrad.si%2Fde%2Fkompetenzen%2Fentwicklung-und-innovation%2F|title:Entwicklung%20und%20Innovation&#8220;][\/vc_column][vc_column width=&#8220;1\/4&#8243;][vc_single_image image=&#8220;4008&#8243; img_size=&#8220;full&#8220; css=&#8220;&#8220; css_params=&#8220;&#8220;][vc_custom_heading text=&#8220;Mit Blick auf die Umwelt. Mit Blick auf die Zukunft.&#8220; font_container=&#8220;tag:h5|text_align:center|color:%232e8fd6&#8243; use_theme_fonts=&#8220;yes&#8220; css_params=&#8220;&#8220; link=&#8220;url:https%3A%2F%2Fcleangrad.si%2Fde%2Fkompetenzen%2Fumwelt-und-nachhaltigkeit%2F|title:Umwelt%20und%20Nachhaltigkeit&#8220;][\/vc_column][vc_column width=&#8220;1\/4&#8243;][vc_single_image image=&#8220;4009&#8243; img_size=&#8220;full&#8220; css=&#8220;&#8220; css_params=&#8220;&#8220;][vc_custom_heading text=&#8220;HSE als Leitfaden bei jedem Schritt.&#8220; font_container=&#8220;tag:h5|text_align:center|color:%232e8fd6&#8243; use_theme_fonts=&#8220;yes&#8220; css_params=&#8220;&#8220; link=&#8220;url:https%3A%2F%2Fcleangrad.si%2Fde%2Fkompetenzen%2Farbeits-und-gesundheitsschutz%2F|title:Arbeits-%20und%20Gesundheitsschutz&#8220;][\/vc_column][\/vc_row][vc_row disable_element=&#8220;yes&#8220; conditional_render=&#8220;%5B%7B%22value_role%22%3A%22administrator%22%7D%5D&#8220; css_params=&#8220;&#8220;][vc_column width=&#8220;1\/4&#8243;][vc_custom_heading text=&#8220;Design und Ingenieurwesen&#8220; font_container=&#8220;tag:h4|text_align:left|color:%232e8fd6&#8243; use_theme_fonts=&#8220;yes&#8220; link=&#8220;url:https%3A%2F%2Fcleangrad.si%2Fizdelki-in-storitve%2Fdizajn-in-inzeniring%2F|title:Design%20und%20Ingenieurwesen|&#8220; css_params=&#8220;&#8220;][vc_single_image image=&#8220;3431&#8243; img_size=&#8220;full&#8220; css=&#8220;&#8220; css_params=&#8220;&#8220;][\/vc_column][vc_column width=&#8220;1\/4&#8243;][vc_custom_heading text=&#8220;W\u00e4nde f\u00fcr Reinr\u00e4ume&#8220; font_container=&#8220;tag:h4|text_align:left|color:%232e8fd6&#8243; use_theme_fonts=&#8220;yes&#8220; link=&#8220;url:https%3A%2F%2Fcleangrad.si%2Fizdelki-in-storitve%2Fstene-za-ciste-prostore%2F|title:W%C3%A4nde%20f%C3%BCr%20Reinr%C3%A4ume|&#8220; css_params=&#8220;&#8220;][vc_single_image image=&#8220;3435&#8243; img_size=&#8220;full&#8220; css=&#8220;&#8220; css_params=&#8220;&#8220;][\/vc_column][vc_column width=&#8220;1\/4&#8243;][vc_custom_heading text=&#8220;Decken f\u00fcr Reinr\u00e4ume&#8220; font_container=&#8220;tag:h4|text_align:left|color:%232e8fd6&#8243; use_theme_fonts=&#8220;yes&#8220; link=&#8220;url:https%3A%2F%2Fcleangrad.si%2Fizdelki-in-storitve%2Fstropovi-za-ciste-prostore%2F|title:Decken%20f%C3%BCr%20Reinr%C3%A4ume|&#8220; css_params=&#8220;&#8220;][vc_single_image image=&#8220;3432&#8243; img_size=&#8220;full&#8220; css=&#8220;&#8220; css_params=&#8220;&#8220;][\/vc_column][vc_column width=&#8220;1\/4&#8243;][vc_custom_heading text=&#8220;Interlock-T\u00fcren&#8220; font_container=&#8220;tag:h4|text_align:left|color:%232e8fd6&#8243; use_theme_fonts=&#8220;yes&#8220; link=&#8220;url:https%3A%2F%2Fcleangrad.si%2Fizdelki-in-storitve%2Fvrata-in-interlock-sistemi-za-ciste-prostore%2F|title:T%C3%BCren%20und%20Interlock-Systeme%20f%C3%BCr%20Reinr%C3%A4ume|&#8220; css_params=&#8220;&#8220;][vc_single_image image=&#8220;3433&#8243; img_size=&#8220;full&#8220; css=&#8220;&#8220; css_params=&#8220;&#8220;][\/vc_column][\/vc_row][vc_row disable_element=&#8220;yes&#8220; conditional_render=&#8220;%5B%7B%22value_role%22%3A%22administrator%22%7D%5D&#8220; css_params=&#8220;&#8220;][vc_column width=&#8220;1\/4&#8243;][vc_custom_heading text=&#8220;Ausr\u00fcstung f\u00fcr Reinr\u00e4ume&#8220; font_container=&#8220;tag:h4|text_align:left|color:%232e8fd6&#8243; use_theme_fonts=&#8220;yes&#8220; link=&#8220;url:https%3A%2F%2Fcleangrad.si%2Fizdelki-in-storitve%2Foprema-za-ciste-prostore%2F|title:Ausr%C3%BCstung%20f%C3%BCr%20Reinr%C3%A4ume|&#8220; css_params=&#8220;&#8220;][vc_single_image image=&#8220;3436&#8243; img_size=&#8220;full&#8220; css=&#8220;&#8220; css_params=&#8220;&#8220;][\/vc_column][vc_column width=&#8220;1\/4&#8243;][vc_custom_heading text=&#8220;M\u00f6bel f\u00fcr Reinr\u00e4ume&#8220; font_container=&#8220;tag:h4|text_align:left|color:%232e8fd6&#8243; use_theme_fonts=&#8220;yes&#8220; link=&#8220;url:https%3A%2F%2Fcleangrad.si%2Fizdelki-in-storitve%2Fpohistvo-za-ciste-prostore%2F|title:M%C3%B6bel%20f%C3%BCr%20Reinr%C3%A4ume|&#8220; css_params=&#8220;&#8220;][vc_single_image image=&#8220;3434&#8243; img_size=&#8220;full&#8220; css=&#8220;&#8220; css_params=&#8220;&#8220;][\/vc_column][vc_column width=&#8220;1\/4&#8243;][vc_custom_heading text=&#8220;Beleuchtung f\u00fcr Reinr\u00e4ume&#8220; font_container=&#8220;tag:h4|text_align:left|color:%232e8fd6&#8243; use_theme_fonts=&#8220;yes&#8220; link=&#8220;url:https%3A%2F%2Fcleangrad.si%2Fizdelki-in-storitve%2Frazsvetljava-za-ciste-prostore%2F|title:Beleuchtung%20f%C3%BCr%20Reinr%C3%A4ume|&#8220; css_params=&#8220;&#8220;][vc_single_image image=&#8220;3732&#8243; img_size=&#8220;full&#8220; css=&#8220;&#8220; css_params=&#8220;&#8220;][\/vc_column][vc_column width=&#8220;1\/4&#8243;][vc_custom_heading text=&#8220;Montage und Service&#8220; font_container=&#8220;tag:h4|text_align:left|color:%232e8fd6&#8243; use_theme_fonts=&#8220;yes&#8220; link=&#8220;url:https%3A%2F%2Fcleangrad.si%2Fizdelki-in-storitve%2Fmontaza-in-servis%2F|title:Montage%20und%20Service|&#8220; css_params=&#8220;&#8220;][vc_single_image image=&#8220;3805&#8243; img_size=&#8220;full&#8220; css=&#8220;&#8220; css_params=&#8220;&#8220;][\/vc_column][\/vc_row][vc_row wrap_container=&#8220;yes&#8220; content_placement=&#8220;middle&#8220; css=&#8220;.vc_custom_1545125009835{padding-top: 80px !important;padding-bottom: 60px !important;}&#8220;][vc_column offset=&#8220;vc_col-md-7&#8243;]<div class=\"porto-u-heading  wpb_custom_95aa9a11c17ad45cfabaf210d84ee7cc porto-u-ad87e2eaf3f9c495180fe0156ddf3eb0 \" data-appear-animation=\"fadeInUp\" data-appear-animation-delay=\"200\"><div class=\"porto-u-main-heading\"><h2   style=\"font-weight:700;margin-bottom: 24px;font-size:25px;line-height:25px;\">Unsere Kunden<\/h2><\/div><div class=\"porto-u-sub-heading\" style=\"font-size:16.8px;line-height:26px;\">\n<p class=\"text-4\">Unsere Kunden sind f\u00fchrende Unternehmen in der Pharmazie, Biotechnologie und Hochtechnologie.<\/p>\n<p><\/div><style>.porto-u-ad87e2eaf3f9c495180fe0156ddf3eb0.porto-u-heading{text-align:left}<\/style><\/div>[vc_column_text css_animation=&#8220;fadeInUp&#8220; css=&#8220;&#8220; css_params=&#8220;&#8220;]Mit ihnen arbeiten wir an gro\u00dfen und kleinen Projekten zusammen, wobei wir ma\u00dfgeschneiderte Reinrauml\u00f6sungen entwickeln, die auf ihre Anforderungen abgestimmt sind, Gesch\u00e4ftsprozesse optimieren und die Wettbewerbsf\u00e4higkeit steigern. Projekte jeder Gr\u00f6\u00dfe f\u00fchren wir umfassend \u2013 von der Entwicklung bis zur Umsetzung \u2013 mit Unterst\u00fctzung unseres eigenen Entwicklungszentrums, das st\u00e4ndig neue und verbesserte L\u00f6sungen entwickelt, unter Ber\u00fccksichtigung der h\u00f6chsten Standards GMP, HSE, ISO 9001:2015, ISO 14001:2015 und SCC**.[\/vc_column_text][vc_btn title=&#8220;Referenzen&#8220; style=&#8220;modern&#8220; shape=&#8220;square&#8220; size=&#8220;lg&#8220; skin=&#8220;dark&#8220; css_animation=&#8220;fadeInUp&#8220; link=&#8220;url:https%3A%2F%2Fcleangrad.si%2Fde%2Freferenzen%2F|title:Referenzen&#8220; css_params=&#8220;&#8220;][\/vc_column][vc_column offset=&#8220;vc_col-md-5&#8243; css=&#8220;.vc_custom_1725498143214{porto_vc_design_option}&#8220; conditional_render=&#8220;%5B%7B%22value_role%22%3A%22administrator%22%7D%5D&#8220; css_params=&#8220;{&#8222;css_margin_top_md&#8222;:&#8222;3rem&#8222;}&#8220; custom_css_response=&#8220;@media(max-width:767px){.vc_custom_1725498143214{margin-top:3rem!important;}}&#8220;][vc_row_inner el_class=&#8220;justify-content-center no-padding&#8220;][vc_column_inner width=&#8220;1\/3&#8243; offset=&#8220;vc_col-xs-6&#8243;][vc_single_image image=&#8220;3441&#8243; img_size=&#8220;full&#8220; css=&#8220;&#8220; animation_type=&#8220;fadeIn&#8220; el_class=&#8220;hover-effect-3&#8243; css_params=&#8220;&#8220;][\/vc_column_inner][vc_column_inner width=&#8220;1\/3&#8243; offset=&#8220;vc_col-xs-6&#8243;][vc_single_image image=&#8220;3443&#8243; img_size=&#8220;full&#8220; css=&#8220;&#8220; animation_delay=&#8220;200&#8243; animation_type=&#8220;fadeIn&#8220; el_class=&#8220;hover-effect-3&#8243; css_params=&#8220;&#8220;][\/vc_column_inner][vc_column_inner width=&#8220;1\/3&#8243; offset=&#8220;vc_col-xs-6&#8243;][vc_single_image image=&#8220;4142&#8243; img_size=&#8220;full&#8220; css=&#8220;&#8220; animation_delay=&#8220;400&#8243; animation_type=&#8220;fadeIn&#8220; el_class=&#8220;hover-effect-3&#8243; css_params=&#8220;&#8220;][\/vc_column_inner][vc_column_inner width=&#8220;1\/3&#8243; offset=&#8220;vc_col-xs-6&#8243;][vc_single_image image=&#8220;3438&#8243; img_size=&#8220;full&#8220; css=&#8220;&#8220; animation_delay=&#8220;600&#8243; animation_type=&#8220;fadeIn&#8220; el_class=&#8220;hover-effect-3&#8243; css_params=&#8220;&#8220;][\/vc_column_inner][vc_column_inner width=&#8220;1\/3&#8243; offset=&#8220;vc_col-xs-6&#8243;][vc_single_image image=&#8220;3440&#8243; img_size=&#8220;full&#8220; css=&#8220;&#8220; animation_delay=&#8220;800&#8243; animation_type=&#8220;fadeIn&#8220; el_class=&#8220;hover-effect-3&#8243; css_params=&#8220;&#8220;][\/vc_column_inner][vc_column_inner width=&#8220;1\/3&#8243; offset=&#8220;vc_col-xs-6&#8243;][vc_single_image image=&#8220;4141&#8243; img_size=&#8220;full&#8220; css=&#8220;&#8220; animation_delay=&#8220;800&#8243; animation_type=&#8220;fadeIn&#8220; el_class=&#8220;hover-effect-3&#8243; css_params=&#8220;&#8220;][\/vc_column_inner][\/vc_row_inner][\/vc_column][\/vc_row][vc_row wrap_container=&#8220;yes&#8220; is_section=&#8220;yes&#8220; section_skin=&#8220;light&#8220; remove_margin_top=&#8220;yes&#8220; remove_margin_bottom=&#8220;yes&#8220; remove_border=&#8220;yes&#8220; css=&#8220;.vc_custom_1545125365536{border-top-width: 1px !important;border-top-color: rgba(0,0,0,0.06) !important;border-top-style: solid !important;}&#8220;][vc_column]<div class=\"porto-carousel owl-carousel has-ccols ccols-xl-1 ccols-lg-1 ccols-md-1 ccols-sm-1 ccols-1 wpb_custom_137e3b0268c8745a6d85cbab9a109485\" data-appear-animation=\"fadeInUp\" data-appear-animation-delay=\"200\" data-plugin-options=\"{&quot;themeConfig&quot;:true,&quot;stagePadding&quot;:0,&quot;margin&quot;:0,&quot;autoplay&quot;:false,&quot;mouseDrag&quot;:true,&quot;touchDrag&quot;:true,&quot;autoplayTimeout&quot;:5000,&quot;autoplayHoverPause&quot;:false,&quot;items&quot;:1,&quot;xl&quot;:1,&quot;lg&quot;:1,&quot;md&quot;:1,&quot;sm&quot;:1,&quot;xs&quot;:1,&quot;nav&quot;:false,&quot;dots&quot;:&quot;yes&quot;,&quot;animateIn&quot;:&quot;&quot;,&quot;animateOut&quot;:&quot;&quot;,&quot;loop&quot;:false,&quot;center&quot;:false,&quot;video&quot;:false,&quot;lazyLoad&quot;:false,&quot;fullscreen&quot;:false}\"><div class=\"porto-testimonial wpb_content_element  font-size-xl  wpb_custom_92b2e5e3e16426d64b686637819af2cf\"><div class=\"testimonial testimonial-style-2 testimonial-with-quotes\"><img decoding=\"async\" class=\"img-responsive img-circle\" src=\"\/\/cleangrad.si\/wp-content\/uploads\/2026\/02\/Jernej-Zupancic-900x900-1.jpg\" alt=\"Jernej Zupan\u010di\u010d\"><blockquote class=\"testimonial-carousel\" style=\"color:#212529\"><p>Unser Unternehmen bauen wir auf Wissen, Vertrauen und langfristigen Partnerschaften auf. Jeden Tag bem\u00fchen wir uns, L\u00f6sungen zu schaffen, die unseren Kunden echten Mehrwert bieten. Gemeinsam mit unserem Team, Partnern und Kunden gestalten wir eine Zukunft, auf die wir stolz sein k\u00f6nnen.<\/p>\n<p>&nbsp;<\/p>\n<p>Mit innovativem Denken und einer klaren Vision schaffen wir gemeinsam nachhaltiges Wachstum und neue Chancen.<\/p><\/blockquote><div class=\"testimonial-author\"><p><strong>Jernej Zupan\u010di\u010d<\/strong><span style=\"color:#212529\">Gesch\u00e4ftsf\u00fchrer Cleangrad<\/span><\/p><\/div><\/div><\/div><\/div>[\/vc_column][\/vc_row][vc_row wrap_container=&#8220;yes&#8220; disable_element=&#8220;yes&#8220; is_section=&#8220;yes&#8220; remove_margin_top=&#8220;yes&#8220; remove_margin_bottom=&#8220;yes&#8220; remove_border=&#8220;yes&#8220; css=&#8220;.vc_custom_1771439235680{padding-top: 80px !important;padding-bottom: 60px !important;}&#8220; conditional_render=&#8220;%5B%7B%22value_role%22%3A%22administrator%22%7D%5D&#8220; css_params=&#8220;&#8220;][vc_column]<div class=\"porto-u-heading  wpb_custom_95aa9a11c17ad45cfabaf210d84ee7cc porto-u-55ca8359258f9a412be7e73af65d2aac \" data-appear-animation=\"fadeInUp\" data-appear-animation-delay=\"200\"><div class=\"porto-u-main-heading\"><h2   style=\"font-weight:700;margin-bottom: 16px;font-size:30px;line-height:30px;\">Aktuelle Themen<\/h2><\/div><div class=\"porto-u-sub-heading\" style=\"margin-bottom:48px;font-size:16.8px;\">Lorem ipsum dolor sit amet, consectetur adipiscing elit. Fusce elementum, nulla vel pellen.<\/div><style>.porto-u-55ca8359258f9a412be7e73af65d2aac.porto-u-heading{text-align:center}<\/style><\/div>[vc_btn title=&#8220;Mehr anzeigen&#8220; style=&#8220;modern&#8220; shape=&#8220;square&#8220; size=&#8220;lg&#8220; align=&#8220;center&#8220; skin=&#8220;dark&#8220; css_animation=&#8220;fadeInUp&#8220; link=&#8220;url:https%3A%2F%2Fcleangrad.si%2Fblog%2F|&#8220;][\/vc_column][\/vc_row][vc_row wrap_container=&#8220;yes&#8220; is_section=&#8220;yes&#8220; section_skin=&#8220;light&#8220; remove_margin_top=&#8220;yes&#8220; remove_margin_bottom=&#8220;yes&#8220; remove_border=&#8220;yes&#8220; css=&#8220;.vc_custom_1545125365536{border-top-width: 1px !important;border-top-color: rgba(0,0,0,0.06) !important;border-top-style: solid !important;}&#8220;][vc_column width=&#8220;2\/3&#8243;][vc_column_text css=&#8220;.vc_custom_1771441507613{margin-top: 20px !important;}&#8220; css_params=&#8220;&#8220;]<\/p>\n<h4 style=\"text-align: left;\">Die Digitalisierungsma\u00dfnahme von Cleangrad d.o.o. wird von der Europ\u00e4ischen Union im Rahmen von P4D \u2013 Push for Digital Transformation \u2013 kofinanziert.<\/h4>\n<p>[\/vc_column_text][\/vc_column][vc_column width=&#8220;1\/3&#8243;][vc_single_image image=&#8220;4123&#8243; img_size=&#8220;full&#8220; alignment=&#8220;center&#8220; css=&#8220;&#8220; css_params=&#8220;&#8220;][\/vc_column][\/vc_row]<\/p>\n<\/div>","protected":false},"excerpt":{"rendered":"<p>[vc_row wrap_container=&#8220;yes&#8220; css=&#8220;.vc_custom_1545119465483{padding-top: 70px !important;padding-bottom: 50px !important;}&#8220;][vc_column width=&#8220;5\/6&#8243; offset=&#8220;vc_col-sm-offset-1&#8243;][vc_row_inner][vc_column_inner width=&#8220;1\/3&#8243; animation_delay=&#8220;500&#8243; animation_type=&#8220;fadeInRight&#8220;][\/vc_column_inner][vc_column_inner width=&#8220;1\/3&#8243; animation_delay=&#8220;300&#8243; animation_type=&#8220;fadeIn&#8220;][\/vc_column_inner][vc_column_inner width=&#8220;1\/3&#8243; animation_delay=&#8220;500&#8243; animation_type=&#8220;fadeInLeft&#8220;][\/vc_column_inner][\/vc_row_inner][\/vc_column][\/vc_row][vc_row disable_element=&#8220;yes&#8220; conditional_render=&#8220;%5B%7B%22value_role%22%3A%22administrator%22%7D%5D&#8220; css_params=&#8220;&#8220;][vc_column][\/vc_column][\/vc_row][vc_row conditional_render=&#8220;%5B%7B%22value_role%22%3A%22administrator%22%7D%5D&#8220; css_params=&#8220;&#8220;][vc_column width=&#8220;1\/4&#8243;][vc_single_image image=&#8220;4006&#8243; img_size=&#8220;full&#8220; css=&#8220;&#8220; css_params=&#8220;&#8220;][vc_custom_heading text=&#8220;Verpflichtet zu h\u00f6chster Qualit\u00e4t&#8220; font_container=&#8220;tag:h5|text_align:center|color:%232e8fd6&#8243; use_theme_fonts=&#8220;yes&#8220; css_params=&#8220;&#8220; link=&#8220;url:https%3A%2F%2Fcleangrad.si%2Fde%2Fkompetenzen%2Fqualitat%2F|title:Qualit%C3%A4t&#8220;][\/vc_column][vc_column width=&#8220;1\/4&#8243;][vc_single_image image=&#8220;4007&#8243; img_size=&#8220;full&#8220; css=&#8220;&#8220; css_params=&#8220;&#8220;][vc_custom_heading text=&#8220;Wir gestalten die Zukunft der Reinr\u00e4ume mit Innovationen&#8220; font_container=&#8220;tag:h5|text_align:center|color:%232e8fd6&#8243; use_theme_fonts=&#8220;yes&#8220; css_params=&#8220;&#8220; link=&#8220;url:https%3A%2F%2Fcleangrad.si%2Fde%2Fkompetenzen%2Fentwicklung-und-innovation%2F|title:Entwicklung%20und%20Innovation&#8220;][\/vc_column][vc_column width=&#8220;1\/4&#8243;][vc_single_image image=&#8220;4008&#8243; [&hellip;]<\/p>\n","protected":false},"author":1,"featured_media":0,"parent":0,"menu_order":0,"comment_status":"closed","ping_status":"closed","template":"","meta":{"footnotes":""},"class_list":["post-3420","page","type-page","status-publish","hentry"],"aioseo_notices":[],"_links":{"self":[{"href":"https:\/\/cleangrad.si\/de\/wp-json\/wp\/v2\/pages\/3420","targetHints":{"allow":["GET"]}}],"collection":[{"href":"https:\/\/cleangrad.si\/de\/wp-json\/wp\/v2\/pages"}],"about":[{"href":"https:\/\/cleangrad.si\/de\/wp-json\/wp\/v2\/types\/page"}],"author":[{"embeddable":true,"href":"https:\/\/cleangrad.si\/de\/wp-json\/wp\/v2\/users\/1"}],"replies":[{"embeddable":true,"href":"https:\/\/cleangrad.si\/de\/wp-json\/wp\/v2\/comments?post=3420"}],"version-history":[{"count":17,"href":"https:\/\/cleangrad.si\/de\/wp-json\/wp\/v2\/pages\/3420\/revisions"}],"predecessor-version":[{"id":4157,"href":"https:\/\/cleangrad.si\/de\/wp-json\/wp\/v2\/pages\/3420\/revisions\/4157"}],"wp:attachment":[{"href":"https:\/\/cleangrad.si\/de\/wp-json\/wp\/v2\/media?parent=3420"}],"curies":[{"name":"wp","href":"https:\/\/api.w.org\/{rel}","templated":true}]}}